{"id":5174,"date":"2021-04-02T16:40:11","date_gmt":"2021-04-02T16:40:11","guid":{"rendered":"https:\/\/virunga.org\/support-us\/donate\/crypto-donations\/"},"modified":"2026-04-15T12:36:19","modified_gmt":"2026-04-15T12:36:19","slug":"crypto-donations","status":"publish","type":"page","link":"https:\/\/virunga.org\/fr\/support-us\/crypto-donations\/","title":{"rendered":"Dons en cryptomonnaie"},"content":{"rendered":"","protected":false},"excerpt":{"rendered":"","protected":false},"author":1,"featured_media":34520,"parent":2342,"menu_order":0,"comment_status":"closed","ping_status":"closed","template":"donate-template.php","meta":{"_acf_changed":false,"inline_featured_image":false,"footnotes":""},"class_list":["post-5174","page","type-page","status-publish","has-post-thumbnail","hentry"],"acf":[],"yoast_head":"<!-- This site is optimized with the Yoast SEO plugin v27.4 - https:\/\/yoast.com\/product\/yoast-seo-wordpress\/ -->\n<title>Faites un don en cryptomonnaie | Soutenez le Parc National des Virunga<\/title>\n<meta name=\"description\" content=\"Vous pouvez faire une diff\u00e9rence gr\u00e2ce \u00e0 la crypto-monnaie dans la pr\u00e9servation des populations du Parc National des Virunga, la faune sauvage et plus de 800 gardes forestiers.\" \/>\n<meta name=\"robots\" content=\"index, follow, max-snippet:-1, max-image-preview:large, max-video-preview:-1\" \/>\n<link rel=\"canonical\" href=\"https:\/\/virunga.org\/fr\/support-us\/crypto-donations\/\" \/>\n<meta property=\"og:locale\" content=\"fr_FR\" \/>\n<meta property=\"og:type\" content=\"article\" \/>\n<meta property=\"og:title\" content=\"Faites un don en cryptomonnaie | Soutenez le Parc National des Virunga\" \/>\n<meta property=\"og:description\" content=\"Vous pouvez faire une diff\u00e9rence gr\u00e2ce \u00e0 la crypto-monnaie dans la pr\u00e9servation des populations du Parc National des Virunga, la faune sauvage et plus de 800 gardes forestiers.\" \/>\n<meta property=\"og:url\" content=\"https:\/\/virunga.org\/fr\/support-us\/crypto-donations\/\" \/>\n<meta property=\"og:site_name\" content=\"Virunga National Park\" \/>\n<meta property=\"article:modified_time\" content=\"2026-04-15T12:36:19+00:00\" \/>\n<meta property=\"og:image\" content=\"https:\/\/virunga.org\/wp-content\/uploads\/2024\/04\/RangerDrone.webp\" \/>\n\t<meta property=\"og:image:width\" content=\"1722\" \/>\n\t<meta property=\"og:image:height\" content=\"1077\" \/>\n\t<meta property=\"og:image:type\" content=\"image\/webp\" \/>\n<meta name=\"twitter:card\" content=\"summary_large_image\" \/>\n<meta name=\"twitter:label1\" content=\"Dur\u00e9e de lecture estim\u00e9e\" \/>\n\t<meta name=\"twitter:data1\" content=\"1 minute\" \/>\n<script type=\"application\/ld+json\" class=\"yoast-schema-graph\">{\"@context\":\"https:\\\/\\\/schema.org\",\"@graph\":[{\"@type\":\"WebPage\",\"@id\":\"https:\\\/\\\/virunga.org\\\/fr\\\/support-us\\\/crypto-donations\\\/\",\"url\":\"https:\\\/\\\/virunga.org\\\/fr\\\/support-us\\\/crypto-donations\\\/\",\"name\":\"Faites un don en cryptomonnaie | Soutenez le Parc National des Virunga\",\"isPartOf\":{\"@id\":\"https:\\\/\\\/virunga.org\\\/#website\"},\"primaryImageOfPage\":{\"@id\":\"https:\\\/\\\/virunga.org\\\/fr\\\/support-us\\\/crypto-donations\\\/#primaryimage\"},\"image\":{\"@id\":\"https:\\\/\\\/virunga.org\\\/fr\\\/support-us\\\/crypto-donations\\\/#primaryimage\"},\"thumbnailUrl\":\"https:\\\/\\\/virunga.org\\\/wp-content\\\/uploads\\\/2024\\\/04\\\/RangerDrone.webp\",\"datePublished\":\"2021-04-02T16:40:11+00:00\",\"dateModified\":\"2026-04-15T12:36:19+00:00\",\"description\":\"Vous pouvez faire une diff\u00e9rence gr\u00e2ce \u00e0 la crypto-monnaie dans la pr\u00e9servation des populations du Parc National des Virunga, la faune sauvage et plus de 800 gardes forestiers.\",\"breadcrumb\":{\"@id\":\"https:\\\/\\\/virunga.org\\\/fr\\\/support-us\\\/crypto-donations\\\/#breadcrumb\"},\"inLanguage\":\"fr-FR\",\"potentialAction\":[{\"@type\":\"ReadAction\",\"target\":[\"https:\\\/\\\/virunga.org\\\/fr\\\/support-us\\\/crypto-donations\\\/\"]}]},{\"@type\":\"ImageObject\",\"inLanguage\":\"fr-FR\",\"@id\":\"https:\\\/\\\/virunga.org\\\/fr\\\/support-us\\\/crypto-donations\\\/#primaryimage\",\"url\":\"https:\\\/\\\/virunga.org\\\/wp-content\\\/uploads\\\/2024\\\/04\\\/RangerDrone.webp\",\"contentUrl\":\"https:\\\/\\\/virunga.org\\\/wp-content\\\/uploads\\\/2024\\\/04\\\/RangerDrone.webp\",\"width\":1722,\"height\":1077},{\"@type\":\"BreadcrumbList\",\"@id\":\"https:\\\/\\\/virunga.org\\\/fr\\\/support-us\\\/crypto-donations\\\/#breadcrumb\",\"itemListElement\":[{\"@type\":\"ListItem\",\"position\":1,\"name\":\"Home\",\"item\":\"https:\\\/\\\/virunga.org\\\/fr\\\/\"},{\"@type\":\"ListItem\",\"position\":2,\"name\":\"Soutenez-Nous\",\"item\":\"https:\\\/\\\/virunga.org\\\/fr\\\/support-us\\\/\"},{\"@type\":\"ListItem\",\"position\":3,\"name\":\"Dons en cryptomonnaie\"}]},{\"@type\":\"WebSite\",\"@id\":\"https:\\\/\\\/virunga.org\\\/#website\",\"url\":\"https:\\\/\\\/virunga.org\\\/\",\"name\":\"Virunga National Park\",\"description\":\"Your SUPER-powered WP Engine Site\",\"potentialAction\":[{\"@type\":\"SearchAction\",\"target\":{\"@type\":\"EntryPoint\",\"urlTemplate\":\"https:\\\/\\\/virunga.org\\\/?s={search_term_string}\"},\"query-input\":{\"@type\":\"PropertyValueSpecification\",\"valueRequired\":true,\"valueName\":\"search_term_string\"}}],\"inLanguage\":\"fr-FR\"}]}<\/script>\n<!-- \/ Yoast SEO plugin. -->","yoast_head_json":{"title":"Faites un don en cryptomonnaie | Soutenez le Parc National des Virunga","description":"Vous pouvez faire une diff\u00e9rence gr\u00e2ce \u00e0 la crypto-monnaie dans la pr\u00e9servation des populations du Parc National des Virunga, la faune sauvage et plus de 800 gardes forestiers.","robots":{"index":"index","follow":"follow","max-snippet":"max-snippet:-1","max-image-preview":"max-image-preview:large","max-video-preview":"max-video-preview:-1"},"canonical":"https:\/\/virunga.org\/fr\/support-us\/crypto-donations\/","og_locale":"fr_FR","og_type":"article","og_title":"Faites un don en cryptomonnaie | Soutenez le Parc National des Virunga","og_description":"Vous pouvez faire une diff\u00e9rence gr\u00e2ce \u00e0 la crypto-monnaie dans la pr\u00e9servation des populations du Parc National des Virunga, la faune sauvage et plus de 800 gardes forestiers.","og_url":"https:\/\/virunga.org\/fr\/support-us\/crypto-donations\/","og_site_name":"Virunga National Park","article_modified_time":"2026-04-15T12:36:19+00:00","og_image":[{"width":1722,"height":1077,"url":"https:\/\/virunga.org\/wp-content\/uploads\/2024\/04\/RangerDrone.webp","type":"image\/webp"}],"twitter_card":"summary_large_image","twitter_misc":{"Dur\u00e9e de lecture estim\u00e9e":"1 minute"},"schema":{"@context":"https:\/\/schema.org","@graph":[{"@type":"WebPage","@id":"https:\/\/virunga.org\/fr\/support-us\/crypto-donations\/","url":"https:\/\/virunga.org\/fr\/support-us\/crypto-donations\/","name":"Faites un don en cryptomonnaie | Soutenez le Parc National des Virunga","isPartOf":{"@id":"https:\/\/virunga.org\/#website"},"primaryImageOfPage":{"@id":"https:\/\/virunga.org\/fr\/support-us\/crypto-donations\/#primaryimage"},"image":{"@id":"https:\/\/virunga.org\/fr\/support-us\/crypto-donations\/#primaryimage"},"thumbnailUrl":"https:\/\/virunga.org\/wp-content\/uploads\/2024\/04\/RangerDrone.webp","datePublished":"2021-04-02T16:40:11+00:00","dateModified":"2026-04-15T12:36:19+00:00","description":"Vous pouvez faire une diff\u00e9rence gr\u00e2ce \u00e0 la crypto-monnaie dans la pr\u00e9servation des populations du Parc National des Virunga, la faune sauvage et plus de 800 gardes forestiers.","breadcrumb":{"@id":"https:\/\/virunga.org\/fr\/support-us\/crypto-donations\/#breadcrumb"},"inLanguage":"fr-FR","potentialAction":[{"@type":"ReadAction","target":["https:\/\/virunga.org\/fr\/support-us\/crypto-donations\/"]}]},{"@type":"ImageObject","inLanguage":"fr-FR","@id":"https:\/\/virunga.org\/fr\/support-us\/crypto-donations\/#primaryimage","url":"https:\/\/virunga.org\/wp-content\/uploads\/2024\/04\/RangerDrone.webp","contentUrl":"https:\/\/virunga.org\/wp-content\/uploads\/2024\/04\/RangerDrone.webp","width":1722,"height":1077},{"@type":"BreadcrumbList","@id":"https:\/\/virunga.org\/fr\/support-us\/crypto-donations\/#breadcrumb","itemListElement":[{"@type":"ListItem","position":1,"name":"Home","item":"https:\/\/virunga.org\/fr\/"},{"@type":"ListItem","position":2,"name":"Soutenez-Nous","item":"https:\/\/virunga.org\/fr\/support-us\/"},{"@type":"ListItem","position":3,"name":"Dons en cryptomonnaie"}]},{"@type":"WebSite","@id":"https:\/\/virunga.org\/#website","url":"https:\/\/virunga.org\/","name":"Virunga National Park","description":"Your SUPER-powered WP Engine Site","potentialAction":[{"@type":"SearchAction","target":{"@type":"EntryPoint","urlTemplate":"https:\/\/virunga.org\/?s={search_term_string}"},"query-input":{"@type":"PropertyValueSpecification","valueRequired":true,"valueName":"search_term_string"}}],"inLanguage":"fr-FR"}]}},"_links":{"self":[{"href":"https:\/\/virunga.org\/fr\/wp-json\/wp\/v2\/pages\/5174","targetHints":{"allow":["GET"]}}],"collection":[{"href":"https:\/\/virunga.org\/fr\/wp-json\/wp\/v2\/pages"}],"about":[{"href":"https:\/\/virunga.org\/fr\/wp-json\/wp\/v2\/types\/page"}],"author":[{"embeddable":true,"href":"https:\/\/virunga.org\/fr\/wp-json\/wp\/v2\/users\/1"}],"replies":[{"embeddable":true,"href":"https:\/\/virunga.org\/fr\/wp-json\/wp\/v2\/comments?post=5174"}],"version-history":[{"count":4,"href":"https:\/\/virunga.org\/fr\/wp-json\/wp\/v2\/pages\/5174\/revisions"}],"predecessor-version":[{"id":44376,"href":"https:\/\/virunga.org\/fr\/wp-json\/wp\/v2\/pages\/5174\/revisions\/44376"}],"up":[{"embeddable":true,"href":"https:\/\/virunga.org\/fr\/wp-json\/wp\/v2\/pages\/2342"}],"wp:featuredmedia":[{"embeddable":true,"href":"https:\/\/virunga.org\/fr\/wp-json\/wp\/v2\/media\/34520"}],"wp:attachment":[{"href":"https:\/\/virunga.org\/fr\/wp-json\/wp\/v2\/media?parent=5174"}],"curies":[{"name":"wp","href":"https:\/\/api.w.org\/{rel}","templated":true}]}}