{"id":5101,"date":"2021-02-05T12:09:56","date_gmt":"2021-02-05T12:09:56","guid":{"rendered":"https:\/\/virunga.org\/wildlife\/mammals\/african-bush-elephants\/"},"modified":"2025-10-22T18:04:41","modified_gmt":"2025-10-22T18:04:41","slug":"african-bush-elephants","status":"publish","type":"page","link":"https:\/\/virunga.org\/fr\/wildlife\/mammals\/african-bush-elephants\/","title":{"rendered":"L\u2019\u00e9l\u00e9phant de Savane"},"content":{"rendered":"","protected":false},"excerpt":{"rendered":"","protected":false},"author":1,"featured_media":4278,"parent":4586,"menu_order":0,"comment_status":"closed","ping_status":"closed","template":"","meta":{"_acf_changed":false,"inline_featured_image":false,"footnotes":""},"class_list":["post-5101","page","type-page","status-publish","has-post-thumbnail","hentry"],"acf":[],"yoast_head":"<!-- This site is optimized with the Yoast SEO plugin v27.2 - https:\/\/yoast.com\/product\/yoast-seo-wordpress\/ -->\n<title>L&#039;\u00e9l\u00e9phant de savane d&#039;Afrique | Parc National des Virunga<\/title>\n<meta name=\"description\" content=\"Physiquement massifs, intelligents et endurants, les \u00e9l\u00e9phants de savane sont une esp\u00e8ce embl\u00e9matique de l&#039;Afrique sauvage. D\u00e9couvrez la faune de Virunga.\" \/>\n<meta name=\"robots\" content=\"index, follow, max-snippet:-1, max-image-preview:large, max-video-preview:-1\" \/>\n<link rel=\"canonical\" href=\"https:\/\/virunga.org\/fr\/wildlife\/mammals\/african-bush-elephants\/\" \/>\n<meta property=\"og:locale\" content=\"fr_FR\" \/>\n<meta property=\"og:type\" content=\"article\" \/>\n<meta property=\"og:title\" content=\"L&#039;\u00e9l\u00e9phant de savane d&#039;Afrique | Parc National des Virunga\" \/>\n<meta property=\"og:description\" content=\"Physiquement massifs, intelligents et endurants, les \u00e9l\u00e9phants de savane sont une esp\u00e8ce embl\u00e9matique de l&#039;Afrique sauvage. D\u00e9couvrez la faune de Virunga.\" \/>\n<meta property=\"og:url\" content=\"https:\/\/virunga.org\/fr\/wildlife\/mammals\/african-bush-elephants\/\" \/>\n<meta property=\"og:site_name\" content=\"Virunga National Park\" \/>\n<meta property=\"article:modified_time\" content=\"2025-10-22T18:04:41+00:00\" \/>\n<meta property=\"og:image\" content=\"https:\/\/virunga.org\/wp-content\/uploads\/2020\/12\/SavannaElephants-scaled-2.jpg\" \/>\n\t<meta property=\"og:image:width\" content=\"2080\" \/>\n\t<meta property=\"og:image:height\" content=\"1442\" \/>\n\t<meta property=\"og:image:type\" content=\"image\/jpeg\" \/>\n<meta name=\"twitter:card\" content=\"summary_large_image\" \/>\n<meta name=\"twitter:label1\" content=\"Dur\u00e9e de lecture estim\u00e9e\" \/>\n\t<meta name=\"twitter:data1\" content=\"1 minute\" \/>\n<script type=\"application\/ld+json\" class=\"yoast-schema-graph\">{\"@context\":\"https:\/\/schema.org\",\"@graph\":[{\"@type\":\"WebPage\",\"@id\":\"https:\/\/virunga.org\/fr\/wildlife\/mammals\/african-bush-elephants\/\",\"url\":\"https:\/\/virunga.org\/fr\/wildlife\/mammals\/african-bush-elephants\/\",\"name\":\"L'\u00e9l\u00e9phant de savane d'Afrique | Parc National des Virunga\",\"isPartOf\":{\"@id\":\"https:\/\/virunga.org\/#website\"},\"primaryImageOfPage\":{\"@id\":\"https:\/\/virunga.org\/fr\/wildlife\/mammals\/african-bush-elephants\/#primaryimage\"},\"image\":{\"@id\":\"https:\/\/virunga.org\/fr\/wildlife\/mammals\/african-bush-elephants\/#primaryimage\"},\"thumbnailUrl\":\"https:\/\/virunga.org\/wp-content\/uploads\/2020\/12\/SavannaElephants-scaled-2.jpg\",\"datePublished\":\"2021-02-05T12:09:56+00:00\",\"dateModified\":\"2025-10-22T18:04:41+00:00\",\"description\":\"Physiquement massifs, intelligents et endurants, les \u00e9l\u00e9phants de savane sont une esp\u00e8ce embl\u00e9matique de l'Afrique sauvage. D\u00e9couvrez la faune de Virunga.\",\"breadcrumb\":{\"@id\":\"https:\/\/virunga.org\/fr\/wildlife\/mammals\/african-bush-elephants\/#breadcrumb\"},\"inLanguage\":\"fr-FR\",\"potentialAction\":[{\"@type\":\"ReadAction\",\"target\":[\"https:\/\/virunga.org\/fr\/wildlife\/mammals\/african-bush-elephants\/\"]}]},{\"@type\":\"ImageObject\",\"inLanguage\":\"fr-FR\",\"@id\":\"https:\/\/virunga.org\/fr\/wildlife\/mammals\/african-bush-elephants\/#primaryimage\",\"url\":\"https:\/\/virunga.org\/wp-content\/uploads\/2020\/12\/SavannaElephants-scaled-2.jpg\",\"contentUrl\":\"https:\/\/virunga.org\/wp-content\/uploads\/2020\/12\/SavannaElephants-scaled-2.jpg\",\"width\":2080,\"height\":1442,\"caption\":\"Picture of Savanna Elephant\"},{\"@type\":\"BreadcrumbList\",\"@id\":\"https:\/\/virunga.org\/fr\/wildlife\/mammals\/african-bush-elephants\/#breadcrumb\",\"itemListElement\":[{\"@type\":\"ListItem\",\"position\":1,\"name\":\"Home\",\"item\":\"https:\/\/virunga.org\/fr\/\"},{\"@type\":\"ListItem\",\"position\":2,\"name\":\"La faune sauvage\",\"item\":\"https:\/\/virunga.org\/fr\/wildlife\/\"},{\"@type\":\"ListItem\",\"position\":3,\"name\":\"Les Mammif\u00e8res\",\"item\":\"https:\/\/virunga.org\/fr\/wildlife\/mammals\/\"},{\"@type\":\"ListItem\",\"position\":4,\"name\":\"L\u2019\u00e9l\u00e9phant de Savane\"}]},{\"@type\":\"WebSite\",\"@id\":\"https:\/\/virunga.org\/#website\",\"url\":\"https:\/\/virunga.org\/\",\"name\":\"Virunga National Park\",\"description\":\"Your SUPER-powered WP Engine Site\",\"potentialAction\":[{\"@type\":\"SearchAction\",\"target\":{\"@type\":\"EntryPoint\",\"urlTemplate\":\"https:\/\/virunga.org\/?s={search_term_string}\"},\"query-input\":{\"@type\":\"PropertyValueSpecification\",\"valueRequired\":true,\"valueName\":\"search_term_string\"}}],\"inLanguage\":\"fr-FR\"}]}<\/script>\n<!-- \/ Yoast SEO plugin. -->","yoast_head_json":{"title":"L'\u00e9l\u00e9phant de savane d'Afrique | Parc National des Virunga","description":"Physiquement massifs, intelligents et endurants, les \u00e9l\u00e9phants de savane sont une esp\u00e8ce embl\u00e9matique de l'Afrique sauvage. D\u00e9couvrez la faune de Virunga.","robots":{"index":"index","follow":"follow","max-snippet":"max-snippet:-1","max-image-preview":"max-image-preview:large","max-video-preview":"max-video-preview:-1"},"canonical":"https:\/\/virunga.org\/fr\/wildlife\/mammals\/african-bush-elephants\/","og_locale":"fr_FR","og_type":"article","og_title":"L'\u00e9l\u00e9phant de savane d'Afrique | Parc National des Virunga","og_description":"Physiquement massifs, intelligents et endurants, les \u00e9l\u00e9phants de savane sont une esp\u00e8ce embl\u00e9matique de l'Afrique sauvage. D\u00e9couvrez la faune de Virunga.","og_url":"https:\/\/virunga.org\/fr\/wildlife\/mammals\/african-bush-elephants\/","og_site_name":"Virunga National Park","article_modified_time":"2025-10-22T18:04:41+00:00","og_image":[{"width":2080,"height":1442,"url":"https:\/\/virunga.org\/wp-content\/uploads\/2020\/12\/SavannaElephants-scaled-2.jpg","type":"image\/jpeg"}],"twitter_card":"summary_large_image","twitter_misc":{"Dur\u00e9e de lecture estim\u00e9e":"1 minute"},"schema":{"@context":"https:\/\/schema.org","@graph":[{"@type":"WebPage","@id":"https:\/\/virunga.org\/fr\/wildlife\/mammals\/african-bush-elephants\/","url":"https:\/\/virunga.org\/fr\/wildlife\/mammals\/african-bush-elephants\/","name":"L'\u00e9l\u00e9phant de savane d'Afrique | Parc National des Virunga","isPartOf":{"@id":"https:\/\/virunga.org\/#website"},"primaryImageOfPage":{"@id":"https:\/\/virunga.org\/fr\/wildlife\/mammals\/african-bush-elephants\/#primaryimage"},"image":{"@id":"https:\/\/virunga.org\/fr\/wildlife\/mammals\/african-bush-elephants\/#primaryimage"},"thumbnailUrl":"https:\/\/virunga.org\/wp-content\/uploads\/2020\/12\/SavannaElephants-scaled-2.jpg","datePublished":"2021-02-05T12:09:56+00:00","dateModified":"2025-10-22T18:04:41+00:00","description":"Physiquement massifs, intelligents et endurants, les \u00e9l\u00e9phants de savane sont une esp\u00e8ce embl\u00e9matique de l'Afrique sauvage. D\u00e9couvrez la faune de Virunga.","breadcrumb":{"@id":"https:\/\/virunga.org\/fr\/wildlife\/mammals\/african-bush-elephants\/#breadcrumb"},"inLanguage":"fr-FR","potentialAction":[{"@type":"ReadAction","target":["https:\/\/virunga.org\/fr\/wildlife\/mammals\/african-bush-elephants\/"]}]},{"@type":"ImageObject","inLanguage":"fr-FR","@id":"https:\/\/virunga.org\/fr\/wildlife\/mammals\/african-bush-elephants\/#primaryimage","url":"https:\/\/virunga.org\/wp-content\/uploads\/2020\/12\/SavannaElephants-scaled-2.jpg","contentUrl":"https:\/\/virunga.org\/wp-content\/uploads\/2020\/12\/SavannaElephants-scaled-2.jpg","width":2080,"height":1442,"caption":"Picture of Savanna Elephant"},{"@type":"BreadcrumbList","@id":"https:\/\/virunga.org\/fr\/wildlife\/mammals\/african-bush-elephants\/#breadcrumb","itemListElement":[{"@type":"ListItem","position":1,"name":"Home","item":"https:\/\/virunga.org\/fr\/"},{"@type":"ListItem","position":2,"name":"La faune sauvage","item":"https:\/\/virunga.org\/fr\/wildlife\/"},{"@type":"ListItem","position":3,"name":"Les Mammif\u00e8res","item":"https:\/\/virunga.org\/fr\/wildlife\/mammals\/"},{"@type":"ListItem","position":4,"name":"L\u2019\u00e9l\u00e9phant de Savane"}]},{"@type":"WebSite","@id":"https:\/\/virunga.org\/#website","url":"https:\/\/virunga.org\/","name":"Virunga National Park","description":"Your SUPER-powered WP Engine Site","potentialAction":[{"@type":"SearchAction","target":{"@type":"EntryPoint","urlTemplate":"https:\/\/virunga.org\/?s={search_term_string}"},"query-input":{"@type":"PropertyValueSpecification","valueRequired":true,"valueName":"search_term_string"}}],"inLanguage":"fr-FR"}]}},"_links":{"self":[{"href":"https:\/\/virunga.org\/fr\/wp-json\/wp\/v2\/pages\/5101","targetHints":{"allow":["GET"]}}],"collection":[{"href":"https:\/\/virunga.org\/fr\/wp-json\/wp\/v2\/pages"}],"about":[{"href":"https:\/\/virunga.org\/fr\/wp-json\/wp\/v2\/types\/page"}],"author":[{"embeddable":true,"href":"https:\/\/virunga.org\/fr\/wp-json\/wp\/v2\/users\/1"}],"replies":[{"embeddable":true,"href":"https:\/\/virunga.org\/fr\/wp-json\/wp\/v2\/comments?post=5101"}],"version-history":[{"count":6,"href":"https:\/\/virunga.org\/fr\/wp-json\/wp\/v2\/pages\/5101\/revisions"}],"predecessor-version":[{"id":40961,"href":"https:\/\/virunga.org\/fr\/wp-json\/wp\/v2\/pages\/5101\/revisions\/40961"}],"up":[{"embeddable":true,"href":"https:\/\/virunga.org\/fr\/wp-json\/wp\/v2\/pages\/4586"}],"wp:featuredmedia":[{"embeddable":true,"href":"https:\/\/virunga.org\/fr\/wp-json\/wp\/v2\/media\/4278"}],"wp:attachment":[{"href":"https:\/\/virunga.org\/fr\/wp-json\/wp\/v2\/media?parent=5101"}],"curies":[{"name":"wp","href":"https:\/\/api.w.org\/{rel}","templated":true}]}}