{"id":4586,"date":"2020-12-04T14:04:28","date_gmt":"2020-12-04T14:04:28","guid":{"rendered":"https:\/\/virunga.org\/wildlife\/mammals\/"},"modified":"2025-12-01T08:08:55","modified_gmt":"2025-12-01T08:08:55","slug":"mammals","status":"publish","type":"page","link":"https:\/\/virunga.org\/fr\/wildlife\/mammals\/","title":{"rendered":"Les Mammif\u00e8res"},"content":{"rendered":"","protected":false},"excerpt":{"rendered":"","protected":false},"author":1,"featured_media":33710,"parent":34565,"menu_order":0,"comment_status":"closed","ping_status":"closed","template":"","meta":{"_acf_changed":false,"inline_featured_image":false,"footnotes":""},"class_list":["post-4586","page","type-page","status-publish","has-post-thumbnail","hentry"],"acf":[],"yoast_head":"<!-- This site is optimized with the Yoast SEO plugin v27.2 - https:\/\/yoast.com\/product\/yoast-seo-wordpress\/ -->\n<title>Les Mammif\u00e8res | Parc National des Virunga<\/title>\n<meta name=\"description\" content=\"Virunga abrite plus de 200 types de mammif\u00e8res tels que des \u00e9l\u00e9phants de savane et de for\u00eat, des hippopotames, des okapis, des gorilles de montagne, etc.\" \/>\n<meta name=\"robots\" content=\"index, follow, max-snippet:-1, max-image-preview:large, max-video-preview:-1\" \/>\n<link rel=\"canonical\" href=\"https:\/\/virunga.org\/fr\/wildlife\/mammals\/\" \/>\n<meta property=\"og:locale\" content=\"fr_FR\" \/>\n<meta property=\"og:type\" content=\"article\" \/>\n<meta property=\"og:title\" content=\"Les Mammif\u00e8res | Parc National des Virunga\" \/>\n<meta property=\"og:description\" content=\"Virunga abrite plus de 200 types de mammif\u00e8res tels que des \u00e9l\u00e9phants de savane et de for\u00eat, des hippopotames, des okapis, des gorilles de montagne, etc.\" \/>\n<meta property=\"og:url\" content=\"https:\/\/virunga.org\/fr\/wildlife\/mammals\/\" \/>\n<meta property=\"og:site_name\" content=\"Virunga National Park\" \/>\n<meta property=\"article:modified_time\" content=\"2025-12-01T08:08:55+00:00\" \/>\n<meta property=\"og:image\" content=\"https:\/\/virunga.org\/wp-content\/uploads\/2020\/12\/ElephantHerd.jpg\" \/>\n\t<meta property=\"og:image:width\" content=\"2080\" \/>\n\t<meta property=\"og:image:height\" content=\"1360\" \/>\n\t<meta property=\"og:image:type\" content=\"image\/jpeg\" \/>\n<meta name=\"twitter:card\" content=\"summary_large_image\" \/>\n<meta name=\"twitter:label1\" content=\"Dur\u00e9e de lecture estim\u00e9e\" \/>\n\t<meta name=\"twitter:data1\" content=\"1 minute\" \/>\n<script type=\"application\/ld+json\" class=\"yoast-schema-graph\">{\"@context\":\"https:\/\/schema.org\",\"@graph\":[{\"@type\":\"WebPage\",\"@id\":\"https:\/\/virunga.org\/fr\/wildlife\/mammals\/\",\"url\":\"https:\/\/virunga.org\/fr\/wildlife\/mammals\/\",\"name\":\"Les Mammif\u00e8res | Parc National des Virunga\",\"isPartOf\":{\"@id\":\"https:\/\/virunga.org\/#website\"},\"primaryImageOfPage\":{\"@id\":\"https:\/\/virunga.org\/fr\/wildlife\/mammals\/#primaryimage\"},\"image\":{\"@id\":\"https:\/\/virunga.org\/fr\/wildlife\/mammals\/#primaryimage\"},\"thumbnailUrl\":\"https:\/\/virunga.org\/wp-content\/uploads\/2020\/12\/ElephantHerd.jpg\",\"datePublished\":\"2020-12-04T14:04:28+00:00\",\"dateModified\":\"2025-12-01T08:08:55+00:00\",\"description\":\"Virunga abrite plus de 200 types de mammif\u00e8res tels que des \u00e9l\u00e9phants de savane et de for\u00eat, des hippopotames, des okapis, des gorilles de montagne, etc.\",\"breadcrumb\":{\"@id\":\"https:\/\/virunga.org\/fr\/wildlife\/mammals\/#breadcrumb\"},\"inLanguage\":\"fr-FR\",\"potentialAction\":[{\"@type\":\"ReadAction\",\"target\":[\"https:\/\/virunga.org\/fr\/wildlife\/mammals\/\"]}]},{\"@type\":\"ImageObject\",\"inLanguage\":\"fr-FR\",\"@id\":\"https:\/\/virunga.org\/fr\/wildlife\/mammals\/#primaryimage\",\"url\":\"https:\/\/virunga.org\/wp-content\/uploads\/2020\/12\/ElephantHerd.jpg\",\"contentUrl\":\"https:\/\/virunga.org\/wp-content\/uploads\/2020\/12\/ElephantHerd.jpg\",\"width\":2080,\"height\":1360},{\"@type\":\"BreadcrumbList\",\"@id\":\"https:\/\/virunga.org\/fr\/wildlife\/mammals\/#breadcrumb\",\"itemListElement\":[{\"@type\":\"ListItem\",\"position\":1,\"name\":\"Home\",\"item\":\"https:\/\/virunga.org\/fr\/\"},{\"@type\":\"ListItem\",\"position\":2,\"name\":\"La faune sauvage\",\"item\":\"https:\/\/virunga.org\/fr\/wildlife\/\"},{\"@type\":\"ListItem\",\"position\":3,\"name\":\"Les Mammif\u00e8res\"}]},{\"@type\":\"WebSite\",\"@id\":\"https:\/\/virunga.org\/#website\",\"url\":\"https:\/\/virunga.org\/\",\"name\":\"Virunga National Park\",\"description\":\"Your SUPER-powered WP Engine Site\",\"potentialAction\":[{\"@type\":\"SearchAction\",\"target\":{\"@type\":\"EntryPoint\",\"urlTemplate\":\"https:\/\/virunga.org\/?s={search_term_string}\"},\"query-input\":{\"@type\":\"PropertyValueSpecification\",\"valueRequired\":true,\"valueName\":\"search_term_string\"}}],\"inLanguage\":\"fr-FR\"}]}<\/script>\n<!-- \/ Yoast SEO plugin. -->","yoast_head_json":{"title":"Les Mammif\u00e8res | Parc National des Virunga","description":"Virunga abrite plus de 200 types de mammif\u00e8res tels que des \u00e9l\u00e9phants de savane et de for\u00eat, des hippopotames, des okapis, des gorilles de montagne, etc.","robots":{"index":"index","follow":"follow","max-snippet":"max-snippet:-1","max-image-preview":"max-image-preview:large","max-video-preview":"max-video-preview:-1"},"canonical":"https:\/\/virunga.org\/fr\/wildlife\/mammals\/","og_locale":"fr_FR","og_type":"article","og_title":"Les Mammif\u00e8res | Parc National des Virunga","og_description":"Virunga abrite plus de 200 types de mammif\u00e8res tels que des \u00e9l\u00e9phants de savane et de for\u00eat, des hippopotames, des okapis, des gorilles de montagne, etc.","og_url":"https:\/\/virunga.org\/fr\/wildlife\/mammals\/","og_site_name":"Virunga National Park","article_modified_time":"2025-12-01T08:08:55+00:00","og_image":[{"width":2080,"height":1360,"url":"https:\/\/virunga.org\/wp-content\/uploads\/2020\/12\/ElephantHerd.jpg","type":"image\/jpeg"}],"twitter_card":"summary_large_image","twitter_misc":{"Dur\u00e9e de lecture estim\u00e9e":"1 minute"},"schema":{"@context":"https:\/\/schema.org","@graph":[{"@type":"WebPage","@id":"https:\/\/virunga.org\/fr\/wildlife\/mammals\/","url":"https:\/\/virunga.org\/fr\/wildlife\/mammals\/","name":"Les Mammif\u00e8res | Parc National des Virunga","isPartOf":{"@id":"https:\/\/virunga.org\/#website"},"primaryImageOfPage":{"@id":"https:\/\/virunga.org\/fr\/wildlife\/mammals\/#primaryimage"},"image":{"@id":"https:\/\/virunga.org\/fr\/wildlife\/mammals\/#primaryimage"},"thumbnailUrl":"https:\/\/virunga.org\/wp-content\/uploads\/2020\/12\/ElephantHerd.jpg","datePublished":"2020-12-04T14:04:28+00:00","dateModified":"2025-12-01T08:08:55+00:00","description":"Virunga abrite plus de 200 types de mammif\u00e8res tels que des \u00e9l\u00e9phants de savane et de for\u00eat, des hippopotames, des okapis, des gorilles de montagne, etc.","breadcrumb":{"@id":"https:\/\/virunga.org\/fr\/wildlife\/mammals\/#breadcrumb"},"inLanguage":"fr-FR","potentialAction":[{"@type":"ReadAction","target":["https:\/\/virunga.org\/fr\/wildlife\/mammals\/"]}]},{"@type":"ImageObject","inLanguage":"fr-FR","@id":"https:\/\/virunga.org\/fr\/wildlife\/mammals\/#primaryimage","url":"https:\/\/virunga.org\/wp-content\/uploads\/2020\/12\/ElephantHerd.jpg","contentUrl":"https:\/\/virunga.org\/wp-content\/uploads\/2020\/12\/ElephantHerd.jpg","width":2080,"height":1360},{"@type":"BreadcrumbList","@id":"https:\/\/virunga.org\/fr\/wildlife\/mammals\/#breadcrumb","itemListElement":[{"@type":"ListItem","position":1,"name":"Home","item":"https:\/\/virunga.org\/fr\/"},{"@type":"ListItem","position":2,"name":"La faune sauvage","item":"https:\/\/virunga.org\/fr\/wildlife\/"},{"@type":"ListItem","position":3,"name":"Les Mammif\u00e8res"}]},{"@type":"WebSite","@id":"https:\/\/virunga.org\/#website","url":"https:\/\/virunga.org\/","name":"Virunga National Park","description":"Your SUPER-powered WP Engine Site","potentialAction":[{"@type":"SearchAction","target":{"@type":"EntryPoint","urlTemplate":"https:\/\/virunga.org\/?s={search_term_string}"},"query-input":{"@type":"PropertyValueSpecification","valueRequired":true,"valueName":"search_term_string"}}],"inLanguage":"fr-FR"}]}},"_links":{"self":[{"href":"https:\/\/virunga.org\/fr\/wp-json\/wp\/v2\/pages\/4586","targetHints":{"allow":["GET"]}}],"collection":[{"href":"https:\/\/virunga.org\/fr\/wp-json\/wp\/v2\/pages"}],"about":[{"href":"https:\/\/virunga.org\/fr\/wp-json\/wp\/v2\/types\/page"}],"author":[{"embeddable":true,"href":"https:\/\/virunga.org\/fr\/wp-json\/wp\/v2\/users\/1"}],"replies":[{"embeddable":true,"href":"https:\/\/virunga.org\/fr\/wp-json\/wp\/v2\/comments?post=4586"}],"version-history":[{"count":3,"href":"https:\/\/virunga.org\/fr\/wp-json\/wp\/v2\/pages\/4586\/revisions"}],"predecessor-version":[{"id":42097,"href":"https:\/\/virunga.org\/fr\/wp-json\/wp\/v2\/pages\/4586\/revisions\/42097"}],"up":[{"embeddable":true,"href":"https:\/\/virunga.org\/fr\/wp-json\/wp\/v2\/pages\/34565"}],"wp:featuredmedia":[{"embeddable":true,"href":"https:\/\/virunga.org\/fr\/wp-json\/wp\/v2\/media\/33710"}],"wp:attachment":[{"href":"https:\/\/virunga.org\/fr\/wp-json\/wp\/v2\/media?parent=4586"}],"curies":[{"name":"wp","href":"https:\/\/api.w.org\/{rel}","templated":true}]}}