{"id":44341,"date":"2026-04-01T10:20:02","date_gmt":"2026-04-01T10:20:02","guid":{"rendered":"https:\/\/virunga.org\/vulture-tracking-pilot\/"},"modified":"2026-04-15T12:40:36","modified_gmt":"2026-04-15T12:40:36","slug":"vulture-tracking-pilot","status":"publish","type":"page","link":"https:\/\/virunga.org\/fr\/vulture-tracking-pilot\/","title":{"rendered":"Vulture Tracking Pilot"},"content":{"rendered":"","protected":false},"excerpt":{"rendered":"","protected":false},"author":6,"featured_media":44189,"parent":0,"menu_order":0,"comment_status":"closed","ping_status":"closed","template":"","meta":{"_acf_changed":false,"inline_featured_image":false,"footnotes":""},"class_list":["post-44341","page","type-page","status-publish","has-post-thumbnail","hentry"],"acf":[],"yoast_head":"<!-- This site is optimized with the Yoast SEO plugin v27.4 - https:\/\/yoast.com\/product\/yoast-seo-wordpress\/ -->\n<title>Vulture GPS Tracking | Sponsor A Project | Virunga National Park<\/title>\n<meta name=\"description\" content=\"Soutenez la mise en place d\u2019un syst\u00e8me de suivi en temps r\u00e9el afin de renforcer la d\u00e9tection pr\u00e9coce des menaces pesant sur la faune du Parc National des Virunga.\" \/>\n<meta name=\"robots\" content=\"index, nofollow, max-snippet:-1, max-image-preview:large, max-video-preview:-1\" \/>\n<link rel=\"canonical\" href=\"https:\/\/virunga.org\/fr\/vulture-tracking-pilot\/\" \/>\n<meta property=\"og:locale\" content=\"fr_FR\" \/>\n<meta property=\"og:type\" content=\"article\" \/>\n<meta property=\"og:title\" content=\"Vulture GPS Tracking | Sponsor A Project | Virunga National Park\" \/>\n<meta property=\"og:description\" content=\"Soutenez la mise en place d\u2019un syst\u00e8me de suivi en temps r\u00e9el afin de renforcer la d\u00e9tection pr\u00e9coce des menaces pesant sur la faune du Parc National des Virunga.\" \/>\n<meta property=\"og:url\" content=\"https:\/\/virunga.org\/fr\/vulture-tracking-pilot\/\" \/>\n<meta property=\"og:site_name\" content=\"Virunga National Park\" \/>\n<meta property=\"article:modified_time\" content=\"2026-04-15T12:40:36+00:00\" \/>\n<meta property=\"og:image\" content=\"https:\/\/virunga.org\/wp-content\/uploads\/Vultures-Virunga-National-Park-1-1.jpg\" \/>\n\t<meta property=\"og:image:width\" content=\"5760\" \/>\n\t<meta property=\"og:image:height\" content=\"3840\" \/>\n\t<meta property=\"og:image:type\" content=\"image\/jpeg\" \/>\n<meta name=\"twitter:card\" content=\"summary_large_image\" \/>\n<meta name=\"twitter:label1\" content=\"Dur\u00e9e de lecture estim\u00e9e\" \/>\n\t<meta name=\"twitter:data1\" content=\"1 minute\" \/>\n<script type=\"application\/ld+json\" class=\"yoast-schema-graph\">{\"@context\":\"https:\\\/\\\/schema.org\",\"@graph\":[{\"@type\":\"WebPage\",\"@id\":\"https:\\\/\\\/virunga.org\\\/fr\\\/vulture-tracking-pilot\\\/\",\"url\":\"https:\\\/\\\/virunga.org\\\/fr\\\/vulture-tracking-pilot\\\/\",\"name\":\"Vulture GPS Tracking | Sponsor A Project | Virunga National Park\",\"isPartOf\":{\"@id\":\"https:\\\/\\\/virunga.org\\\/#website\"},\"primaryImageOfPage\":{\"@id\":\"https:\\\/\\\/virunga.org\\\/fr\\\/vulture-tracking-pilot\\\/#primaryimage\"},\"image\":{\"@id\":\"https:\\\/\\\/virunga.org\\\/fr\\\/vulture-tracking-pilot\\\/#primaryimage\"},\"thumbnailUrl\":\"https:\\\/\\\/virunga.org\\\/wp-content\\\/uploads\\\/Vultures-Virunga-National-Park-1-1.jpg\",\"datePublished\":\"2026-04-01T10:20:02+00:00\",\"dateModified\":\"2026-04-15T12:40:36+00:00\",\"description\":\"Soutenez la mise en place d\u2019un syst\u00e8me de suivi en temps r\u00e9el afin de renforcer la d\u00e9tection pr\u00e9coce des menaces pesant sur la faune du Parc National des Virunga.\",\"breadcrumb\":{\"@id\":\"https:\\\/\\\/virunga.org\\\/fr\\\/vulture-tracking-pilot\\\/#breadcrumb\"},\"inLanguage\":\"fr-FR\",\"potentialAction\":[{\"@type\":\"ReadAction\",\"target\":[\"https:\\\/\\\/virunga.org\\\/fr\\\/vulture-tracking-pilot\\\/\"]}]},{\"@type\":\"ImageObject\",\"inLanguage\":\"fr-FR\",\"@id\":\"https:\\\/\\\/virunga.org\\\/fr\\\/vulture-tracking-pilot\\\/#primaryimage\",\"url\":\"https:\\\/\\\/virunga.org\\\/wp-content\\\/uploads\\\/Vultures-Virunga-National-Park-1-1.jpg\",\"contentUrl\":\"https:\\\/\\\/virunga.org\\\/wp-content\\\/uploads\\\/Vultures-Virunga-National-Park-1-1.jpg\",\"width\":5760,\"height\":3840},{\"@type\":\"BreadcrumbList\",\"@id\":\"https:\\\/\\\/virunga.org\\\/fr\\\/vulture-tracking-pilot\\\/#breadcrumb\",\"itemListElement\":[{\"@type\":\"ListItem\",\"position\":1,\"name\":\"Home\",\"item\":\"https:\\\/\\\/virunga.org\\\/fr\\\/\"},{\"@type\":\"ListItem\",\"position\":2,\"name\":\"Vulture Tracking Pilot\"}]},{\"@type\":\"WebSite\",\"@id\":\"https:\\\/\\\/virunga.org\\\/#website\",\"url\":\"https:\\\/\\\/virunga.org\\\/\",\"name\":\"Virunga National Park\",\"description\":\"Your SUPER-powered WP Engine Site\",\"potentialAction\":[{\"@type\":\"SearchAction\",\"target\":{\"@type\":\"EntryPoint\",\"urlTemplate\":\"https:\\\/\\\/virunga.org\\\/?s={search_term_string}\"},\"query-input\":{\"@type\":\"PropertyValueSpecification\",\"valueRequired\":true,\"valueName\":\"search_term_string\"}}],\"inLanguage\":\"fr-FR\"}]}<\/script>\n<!-- \/ Yoast SEO plugin. -->","yoast_head_json":{"title":"Vulture GPS Tracking | Sponsor A Project | Virunga National Park","description":"Soutenez la mise en place d\u2019un syst\u00e8me de suivi en temps r\u00e9el afin de renforcer la d\u00e9tection pr\u00e9coce des menaces pesant sur la faune du Parc National des Virunga.","robots":{"index":"index","follow":"nofollow","max-snippet":"max-snippet:-1","max-image-preview":"max-image-preview:large","max-video-preview":"max-video-preview:-1"},"canonical":"https:\/\/virunga.org\/fr\/vulture-tracking-pilot\/","og_locale":"fr_FR","og_type":"article","og_title":"Vulture GPS Tracking | Sponsor A Project | Virunga National Park","og_description":"Soutenez la mise en place d\u2019un syst\u00e8me de suivi en temps r\u00e9el afin de renforcer la d\u00e9tection pr\u00e9coce des menaces pesant sur la faune du Parc National des Virunga.","og_url":"https:\/\/virunga.org\/fr\/vulture-tracking-pilot\/","og_site_name":"Virunga National Park","article_modified_time":"2026-04-15T12:40:36+00:00","og_image":[{"width":5760,"height":3840,"url":"https:\/\/virunga.org\/wp-content\/uploads\/Vultures-Virunga-National-Park-1-1.jpg","type":"image\/jpeg"}],"twitter_card":"summary_large_image","twitter_misc":{"Dur\u00e9e de lecture estim\u00e9e":"1 minute"},"schema":{"@context":"https:\/\/schema.org","@graph":[{"@type":"WebPage","@id":"https:\/\/virunga.org\/fr\/vulture-tracking-pilot\/","url":"https:\/\/virunga.org\/fr\/vulture-tracking-pilot\/","name":"Vulture GPS Tracking | Sponsor A Project | Virunga National Park","isPartOf":{"@id":"https:\/\/virunga.org\/#website"},"primaryImageOfPage":{"@id":"https:\/\/virunga.org\/fr\/vulture-tracking-pilot\/#primaryimage"},"image":{"@id":"https:\/\/virunga.org\/fr\/vulture-tracking-pilot\/#primaryimage"},"thumbnailUrl":"https:\/\/virunga.org\/wp-content\/uploads\/Vultures-Virunga-National-Park-1-1.jpg","datePublished":"2026-04-01T10:20:02+00:00","dateModified":"2026-04-15T12:40:36+00:00","description":"Soutenez la mise en place d\u2019un syst\u00e8me de suivi en temps r\u00e9el afin de renforcer la d\u00e9tection pr\u00e9coce des menaces pesant sur la faune du Parc National des Virunga.","breadcrumb":{"@id":"https:\/\/virunga.org\/fr\/vulture-tracking-pilot\/#breadcrumb"},"inLanguage":"fr-FR","potentialAction":[{"@type":"ReadAction","target":["https:\/\/virunga.org\/fr\/vulture-tracking-pilot\/"]}]},{"@type":"ImageObject","inLanguage":"fr-FR","@id":"https:\/\/virunga.org\/fr\/vulture-tracking-pilot\/#primaryimage","url":"https:\/\/virunga.org\/wp-content\/uploads\/Vultures-Virunga-National-Park-1-1.jpg","contentUrl":"https:\/\/virunga.org\/wp-content\/uploads\/Vultures-Virunga-National-Park-1-1.jpg","width":5760,"height":3840},{"@type":"BreadcrumbList","@id":"https:\/\/virunga.org\/fr\/vulture-tracking-pilot\/#breadcrumb","itemListElement":[{"@type":"ListItem","position":1,"name":"Home","item":"https:\/\/virunga.org\/fr\/"},{"@type":"ListItem","position":2,"name":"Vulture Tracking Pilot"}]},{"@type":"WebSite","@id":"https:\/\/virunga.org\/#website","url":"https:\/\/virunga.org\/","name":"Virunga National Park","description":"Your SUPER-powered WP Engine Site","potentialAction":[{"@type":"SearchAction","target":{"@type":"EntryPoint","urlTemplate":"https:\/\/virunga.org\/?s={search_term_string}"},"query-input":{"@type":"PropertyValueSpecification","valueRequired":true,"valueName":"search_term_string"}}],"inLanguage":"fr-FR"}]}},"_links":{"self":[{"href":"https:\/\/virunga.org\/fr\/wp-json\/wp\/v2\/pages\/44341","targetHints":{"allow":["GET"]}}],"collection":[{"href":"https:\/\/virunga.org\/fr\/wp-json\/wp\/v2\/pages"}],"about":[{"href":"https:\/\/virunga.org\/fr\/wp-json\/wp\/v2\/types\/page"}],"author":[{"embeddable":true,"href":"https:\/\/virunga.org\/fr\/wp-json\/wp\/v2\/users\/6"}],"replies":[{"embeddable":true,"href":"https:\/\/virunga.org\/fr\/wp-json\/wp\/v2\/comments?post=44341"}],"version-history":[{"count":4,"href":"https:\/\/virunga.org\/fr\/wp-json\/wp\/v2\/pages\/44341\/revisions"}],"predecessor-version":[{"id":44348,"href":"https:\/\/virunga.org\/fr\/wp-json\/wp\/v2\/pages\/44341\/revisions\/44348"}],"wp:featuredmedia":[{"embeddable":true,"href":"https:\/\/virunga.org\/fr\/wp-json\/wp\/v2\/media\/44189"}],"wp:attachment":[{"href":"https:\/\/virunga.org\/fr\/wp-json\/wp\/v2\/media?parent=44341"}],"curies":[{"name":"wp","href":"https:\/\/api.w.org\/{rel}","templated":true}]}}