{"id":43449,"date":"2026-02-25T13:45:10","date_gmt":"2026-02-25T13:45:10","guid":{"rendered":"https:\/\/virunga.org\/?page_id=43449"},"modified":"2026-02-25T13:46:00","modified_gmt":"2026-02-25T13:46:00","slug":"emergency-relief-recovery-fund","status":"publish","type":"page","link":"https:\/\/virunga.org\/fr\/support-us\/emergency-relief-recovery-fund\/","title":{"rendered":"Fonds d&rsquo;aide d&rsquo;urgence et de rel\u00e8vement"},"content":{"rendered":"","protected":false},"excerpt":{"rendered":"","protected":false},"author":14,"featured_media":43416,"parent":2342,"menu_order":0,"comment_status":"closed","ping_status":"closed","template":"donate-template.php","meta":{"_acf_changed":false,"inline_featured_image":false,"footnotes":""},"class_list":["post-43449","page","type-page","status-publish","has-post-thumbnail","hentry"],"acf":[],"yoast_head":"<!-- This site is optimized with the Yoast SEO plugin v27.2 - https:\/\/yoast.com\/product\/yoast-seo-wordpress\/ -->\n<title>Aide d&#039;urgence et fonds de rel\u00e8vement \u2013 Reconstruire des vies \u00e0 Virunga<\/title>\n<meta name=\"description\" content=\"Soutenir les efforts de secours et de rel\u00e8vement \u00e0 Mutsora. Aider \u00e0 la reconstruction des installations du personnel, restaurer les infrastructures, et rouvrir l&#039;atelier des femmes apr\u00e8s les inondations d\u00e9vastatrices.\" \/>\n<meta name=\"robots\" content=\"index, nofollow, max-snippet:-1, max-image-preview:large, max-video-preview:-1\" \/>\n<link rel=\"canonical\" href=\"https:\/\/virunga.org\/fr\/support-us\/emergency-relief-recovery-fund\/\" \/>\n<meta property=\"og:locale\" content=\"fr_FR\" \/>\n<meta property=\"og:type\" content=\"article\" \/>\n<meta property=\"og:title\" content=\"Aide d&#039;urgence et fonds de rel\u00e8vement \u2013 Reconstruire des vies \u00e0 Virunga\" \/>\n<meta property=\"og:description\" content=\"Soutenir les efforts de secours et de rel\u00e8vement \u00e0 Mutsora. Aider \u00e0 la reconstruction des installations du personnel, restaurer les infrastructures, et rouvrir l&#039;atelier des femmes apr\u00e8s les inondations d\u00e9vastatrices.\" \/>\n<meta property=\"og:url\" content=\"https:\/\/virunga.org\/fr\/support-us\/emergency-relief-recovery-fund\/\" \/>\n<meta property=\"og:site_name\" content=\"Virunga National Park\" \/>\n<meta property=\"article:modified_time\" content=\"2026-02-25T13:46:00+00:00\" \/>\n<meta property=\"og:image\" content=\"https:\/\/virunga.org\/wp-content\/uploads\/Mutsora-10.jpg.jpeg\" \/>\n\t<meta property=\"og:image:width\" content=\"2686\" \/>\n\t<meta property=\"og:image:height\" content=\"1788\" \/>\n\t<meta property=\"og:image:type\" content=\"image\/jpeg\" \/>\n<meta name=\"twitter:card\" content=\"summary_large_image\" \/>\n<meta name=\"twitter:label1\" content=\"Dur\u00e9e de lecture estim\u00e9e\" \/>\n\t<meta name=\"twitter:data1\" content=\"1 minute\" \/>\n<script type=\"application\/ld+json\" class=\"yoast-schema-graph\">{\"@context\":\"https:\/\/schema.org\",\"@graph\":[{\"@type\":\"WebPage\",\"@id\":\"https:\/\/virunga.org\/fr\/support-us\/emergency-relief-recovery-fund\/\",\"url\":\"https:\/\/virunga.org\/fr\/support-us\/emergency-relief-recovery-fund\/\",\"name\":\"Aide d'urgence et fonds de rel\u00e8vement \u2013 Reconstruire des vies \u00e0 Virunga\",\"isPartOf\":{\"@id\":\"https:\/\/virunga.org\/#website\"},\"primaryImageOfPage\":{\"@id\":\"https:\/\/virunga.org\/fr\/support-us\/emergency-relief-recovery-fund\/#primaryimage\"},\"image\":{\"@id\":\"https:\/\/virunga.org\/fr\/support-us\/emergency-relief-recovery-fund\/#primaryimage\"},\"thumbnailUrl\":\"https:\/\/virunga.org\/wp-content\/uploads\/Mutsora-10.jpg.jpeg\",\"datePublished\":\"2026-02-25T13:45:10+00:00\",\"dateModified\":\"2026-02-25T13:46:00+00:00\",\"description\":\"Soutenir les efforts de secours et de rel\u00e8vement \u00e0 Mutsora. Aider \u00e0 la reconstruction des installations du personnel, restaurer les infrastructures, et rouvrir l'atelier des femmes apr\u00e8s les inondations d\u00e9vastatrices.\",\"breadcrumb\":{\"@id\":\"https:\/\/virunga.org\/fr\/support-us\/emergency-relief-recovery-fund\/#breadcrumb\"},\"inLanguage\":\"fr-FR\",\"potentialAction\":[{\"@type\":\"ReadAction\",\"target\":[\"https:\/\/virunga.org\/fr\/support-us\/emergency-relief-recovery-fund\/\"]}]},{\"@type\":\"ImageObject\",\"inLanguage\":\"fr-FR\",\"@id\":\"https:\/\/virunga.org\/fr\/support-us\/emergency-relief-recovery-fund\/#primaryimage\",\"url\":\"https:\/\/virunga.org\/wp-content\/uploads\/Mutsora-10.jpg.jpeg\",\"contentUrl\":\"https:\/\/virunga.org\/wp-content\/uploads\/Mutsora-10.jpg.jpeg\",\"width\":2686,\"height\":1788},{\"@type\":\"BreadcrumbList\",\"@id\":\"https:\/\/virunga.org\/fr\/support-us\/emergency-relief-recovery-fund\/#breadcrumb\",\"itemListElement\":[{\"@type\":\"ListItem\",\"position\":1,\"name\":\"Home\",\"item\":\"https:\/\/virunga.org\/fr\/\"},{\"@type\":\"ListItem\",\"position\":2,\"name\":\"Soutenez-Nous\",\"item\":\"https:\/\/virunga.org\/fr\/support-us\/\"},{\"@type\":\"ListItem\",\"position\":3,\"name\":\"Fonds d&#8217;aide d&#8217;urgence et de rel\u00e8vement\"}]},{\"@type\":\"WebSite\",\"@id\":\"https:\/\/virunga.org\/#website\",\"url\":\"https:\/\/virunga.org\/\",\"name\":\"Virunga National Park\",\"description\":\"Your SUPER-powered WP Engine Site\",\"potentialAction\":[{\"@type\":\"SearchAction\",\"target\":{\"@type\":\"EntryPoint\",\"urlTemplate\":\"https:\/\/virunga.org\/?s={search_term_string}\"},\"query-input\":{\"@type\":\"PropertyValueSpecification\",\"valueRequired\":true,\"valueName\":\"search_term_string\"}}],\"inLanguage\":\"fr-FR\"}]}<\/script>\n<!-- \/ Yoast SEO plugin. -->","yoast_head_json":{"title":"Aide d'urgence et fonds de rel\u00e8vement \u2013 Reconstruire des vies \u00e0 Virunga","description":"Soutenir les efforts de secours et de rel\u00e8vement \u00e0 Mutsora. Aider \u00e0 la reconstruction des installations du personnel, restaurer les infrastructures, et rouvrir l'atelier des femmes apr\u00e8s les inondations d\u00e9vastatrices.","robots":{"index":"index","follow":"nofollow","max-snippet":"max-snippet:-1","max-image-preview":"max-image-preview:large","max-video-preview":"max-video-preview:-1"},"canonical":"https:\/\/virunga.org\/fr\/support-us\/emergency-relief-recovery-fund\/","og_locale":"fr_FR","og_type":"article","og_title":"Aide d'urgence et fonds de rel\u00e8vement \u2013 Reconstruire des vies \u00e0 Virunga","og_description":"Soutenir les efforts de secours et de rel\u00e8vement \u00e0 Mutsora. Aider \u00e0 la reconstruction des installations du personnel, restaurer les infrastructures, et rouvrir l'atelier des femmes apr\u00e8s les inondations d\u00e9vastatrices.","og_url":"https:\/\/virunga.org\/fr\/support-us\/emergency-relief-recovery-fund\/","og_site_name":"Virunga National Park","article_modified_time":"2026-02-25T13:46:00+00:00","og_image":[{"width":2686,"height":1788,"url":"https:\/\/virunga.org\/wp-content\/uploads\/Mutsora-10.jpg.jpeg","type":"image\/jpeg"}],"twitter_card":"summary_large_image","twitter_misc":{"Dur\u00e9e de lecture estim\u00e9e":"1 minute"},"schema":{"@context":"https:\/\/schema.org","@graph":[{"@type":"WebPage","@id":"https:\/\/virunga.org\/fr\/support-us\/emergency-relief-recovery-fund\/","url":"https:\/\/virunga.org\/fr\/support-us\/emergency-relief-recovery-fund\/","name":"Aide d'urgence et fonds de rel\u00e8vement \u2013 Reconstruire des vies \u00e0 Virunga","isPartOf":{"@id":"https:\/\/virunga.org\/#website"},"primaryImageOfPage":{"@id":"https:\/\/virunga.org\/fr\/support-us\/emergency-relief-recovery-fund\/#primaryimage"},"image":{"@id":"https:\/\/virunga.org\/fr\/support-us\/emergency-relief-recovery-fund\/#primaryimage"},"thumbnailUrl":"https:\/\/virunga.org\/wp-content\/uploads\/Mutsora-10.jpg.jpeg","datePublished":"2026-02-25T13:45:10+00:00","dateModified":"2026-02-25T13:46:00+00:00","description":"Soutenir les efforts de secours et de rel\u00e8vement \u00e0 Mutsora. Aider \u00e0 la reconstruction des installations du personnel, restaurer les infrastructures, et rouvrir l'atelier des femmes apr\u00e8s les inondations d\u00e9vastatrices.","breadcrumb":{"@id":"https:\/\/virunga.org\/fr\/support-us\/emergency-relief-recovery-fund\/#breadcrumb"},"inLanguage":"fr-FR","potentialAction":[{"@type":"ReadAction","target":["https:\/\/virunga.org\/fr\/support-us\/emergency-relief-recovery-fund\/"]}]},{"@type":"ImageObject","inLanguage":"fr-FR","@id":"https:\/\/virunga.org\/fr\/support-us\/emergency-relief-recovery-fund\/#primaryimage","url":"https:\/\/virunga.org\/wp-content\/uploads\/Mutsora-10.jpg.jpeg","contentUrl":"https:\/\/virunga.org\/wp-content\/uploads\/Mutsora-10.jpg.jpeg","width":2686,"height":1788},{"@type":"BreadcrumbList","@id":"https:\/\/virunga.org\/fr\/support-us\/emergency-relief-recovery-fund\/#breadcrumb","itemListElement":[{"@type":"ListItem","position":1,"name":"Home","item":"https:\/\/virunga.org\/fr\/"},{"@type":"ListItem","position":2,"name":"Soutenez-Nous","item":"https:\/\/virunga.org\/fr\/support-us\/"},{"@type":"ListItem","position":3,"name":"Fonds d&#8217;aide d&#8217;urgence et de rel\u00e8vement"}]},{"@type":"WebSite","@id":"https:\/\/virunga.org\/#website","url":"https:\/\/virunga.org\/","name":"Virunga National Park","description":"Your SUPER-powered WP Engine Site","potentialAction":[{"@type":"SearchAction","target":{"@type":"EntryPoint","urlTemplate":"https:\/\/virunga.org\/?s={search_term_string}"},"query-input":{"@type":"PropertyValueSpecification","valueRequired":true,"valueName":"search_term_string"}}],"inLanguage":"fr-FR"}]}},"_links":{"self":[{"href":"https:\/\/virunga.org\/fr\/wp-json\/wp\/v2\/pages\/43449","targetHints":{"allow":["GET"]}}],"collection":[{"href":"https:\/\/virunga.org\/fr\/wp-json\/wp\/v2\/pages"}],"about":[{"href":"https:\/\/virunga.org\/fr\/wp-json\/wp\/v2\/types\/page"}],"author":[{"embeddable":true,"href":"https:\/\/virunga.org\/fr\/wp-json\/wp\/v2\/users\/14"}],"replies":[{"embeddable":true,"href":"https:\/\/virunga.org\/fr\/wp-json\/wp\/v2\/comments?post=43449"}],"version-history":[{"count":8,"href":"https:\/\/virunga.org\/fr\/wp-json\/wp\/v2\/pages\/43449\/revisions"}],"predecessor-version":[{"id":43462,"href":"https:\/\/virunga.org\/fr\/wp-json\/wp\/v2\/pages\/43449\/revisions\/43462"}],"up":[{"embeddable":true,"href":"https:\/\/virunga.org\/fr\/wp-json\/wp\/v2\/pages\/2342"}],"wp:featuredmedia":[{"embeddable":true,"href":"https:\/\/virunga.org\/fr\/wp-json\/wp\/v2\/media\/43416"}],"wp:attachment":[{"href":"https:\/\/virunga.org\/fr\/wp-json\/wp\/v2\/media?parent=43449"}],"curies":[{"name":"wp","href":"https:\/\/api.w.org\/{rel}","templated":true}]}}