{"id":37350,"date":"2025-01-10T10:28:20","date_gmt":"2025-01-10T10:28:20","guid":{"rendered":"https:\/\/virunga.org\/carte-dimpact-sur-la-conservation\/"},"modified":"2025-07-14T13:38:22","modified_gmt":"2025-07-14T13:38:22","slug":"conservation-projects","status":"publish","type":"page","link":"https:\/\/virunga.org\/fr\/conservation-projects\/","title":{"rendered":"Conservation Impact Map"},"content":{"rendered":"","protected":false},"excerpt":{"rendered":"","protected":false},"author":14,"featured_media":35137,"parent":0,"menu_order":0,"comment_status":"closed","ping_status":"closed","template":"projects-template.php","meta":{"_acf_changed":false,"inline_featured_image":false,"footnotes":""},"class_list":["post-37350","page","type-page","status-publish","has-post-thumbnail","hentry"],"acf":[],"yoast_head":"<!-- This site is optimized with the Yoast SEO plugin v27.2 - https:\/\/yoast.com\/product\/yoast-seo-wordpress\/ -->\n<title>Projets de Conservation | Parc National des Virunga<\/title>\n<meta name=\"description\" content=\"Une vue d&#039;ensemble des projets de conservation en cours dans le Parc National des Virunga, mettant en lumi\u00e8re les efforts d\u00e9ploy\u00e9s pour prot\u00e9ger sa faune et ses habitats uniques.\" \/>\n<meta name=\"robots\" content=\"index, follow, max-snippet:-1, max-image-preview:large, max-video-preview:-1\" \/>\n<link rel=\"canonical\" href=\"https:\/\/virunga.org\/fr\/conservation-projects\/\" \/>\n<meta property=\"og:locale\" content=\"fr_FR\" \/>\n<meta property=\"og:type\" content=\"article\" \/>\n<meta property=\"og:title\" content=\"Projets de Conservation | Parc National des Virunga\" \/>\n<meta property=\"og:description\" content=\"Une vue d&#039;ensemble des projets de conservation en cours dans le Parc National des Virunga, mettant en lumi\u00e8re les efforts d\u00e9ploy\u00e9s pour prot\u00e9ger sa faune et ses habitats uniques.\" \/>\n<meta property=\"og:url\" content=\"https:\/\/virunga.org\/fr\/conservation-projects\/\" \/>\n<meta property=\"og:site_name\" content=\"Virunga National Park\" \/>\n<meta property=\"article:modified_time\" content=\"2025-07-14T13:38:22+00:00\" \/>\n<meta property=\"og:image\" content=\"https:\/\/virunga.org\/wp-content\/uploads\/2024\/06\/Female-Lion-by-Mustafa-Nsubuga-scaled-1.jpg\" \/>\n\t<meta property=\"og:image:width\" content=\"2080\" \/>\n\t<meta property=\"og:image:height\" content=\"1560\" \/>\n\t<meta property=\"og:image:type\" content=\"image\/jpeg\" \/>\n<meta name=\"twitter:card\" content=\"summary_large_image\" \/>\n<meta name=\"twitter:label1\" content=\"Dur\u00e9e de lecture estim\u00e9e\" \/>\n\t<meta name=\"twitter:data1\" content=\"1 minute\" \/>\n<script type=\"application\/ld+json\" class=\"yoast-schema-graph\">{\"@context\":\"https:\/\/schema.org\",\"@graph\":[{\"@type\":\"WebPage\",\"@id\":\"https:\/\/virunga.org\/fr\/conservation-projects\/\",\"url\":\"https:\/\/virunga.org\/fr\/conservation-projects\/\",\"name\":\"Projets de Conservation | Parc National des Virunga\",\"isPartOf\":{\"@id\":\"https:\/\/virunga.org\/#website\"},\"primaryImageOfPage\":{\"@id\":\"https:\/\/virunga.org\/fr\/conservation-projects\/#primaryimage\"},\"image\":{\"@id\":\"https:\/\/virunga.org\/fr\/conservation-projects\/#primaryimage\"},\"thumbnailUrl\":\"https:\/\/virunga.org\/wp-content\/uploads\/2024\/06\/Female-Lion-by-Mustafa-Nsubuga-scaled-1.jpg\",\"datePublished\":\"2025-01-10T10:28:20+00:00\",\"dateModified\":\"2025-07-14T13:38:22+00:00\",\"description\":\"Une vue d'ensemble des projets de conservation en cours dans le Parc National des Virunga, mettant en lumi\u00e8re les efforts d\u00e9ploy\u00e9s pour prot\u00e9ger sa faune et ses habitats uniques.\",\"breadcrumb\":{\"@id\":\"https:\/\/virunga.org\/fr\/conservation-projects\/#breadcrumb\"},\"inLanguage\":\"fr-FR\",\"potentialAction\":[{\"@type\":\"ReadAction\",\"target\":[\"https:\/\/virunga.org\/fr\/conservation-projects\/\"]}]},{\"@type\":\"ImageObject\",\"inLanguage\":\"fr-FR\",\"@id\":\"https:\/\/virunga.org\/fr\/conservation-projects\/#primaryimage\",\"url\":\"https:\/\/virunga.org\/wp-content\/uploads\/2024\/06\/Female-Lion-by-Mustafa-Nsubuga-scaled-1.jpg\",\"contentUrl\":\"https:\/\/virunga.org\/wp-content\/uploads\/2024\/06\/Female-Lion-by-Mustafa-Nsubuga-scaled-1.jpg\",\"width\":2080,\"height\":1560,\"caption\":\"Female Lion by Mustafa Nsubuga in ishasha valley\"},{\"@type\":\"BreadcrumbList\",\"@id\":\"https:\/\/virunga.org\/fr\/conservation-projects\/#breadcrumb\",\"itemListElement\":[{\"@type\":\"ListItem\",\"position\":1,\"name\":\"Home\",\"item\":\"https:\/\/virunga.org\/fr\/\"},{\"@type\":\"ListItem\",\"position\":2,\"name\":\"Conservation Impact Map\"}]},{\"@type\":\"WebSite\",\"@id\":\"https:\/\/virunga.org\/#website\",\"url\":\"https:\/\/virunga.org\/\",\"name\":\"Virunga National Park\",\"description\":\"Your SUPER-powered WP Engine Site\",\"potentialAction\":[{\"@type\":\"SearchAction\",\"target\":{\"@type\":\"EntryPoint\",\"urlTemplate\":\"https:\/\/virunga.org\/?s={search_term_string}\"},\"query-input\":{\"@type\":\"PropertyValueSpecification\",\"valueRequired\":true,\"valueName\":\"search_term_string\"}}],\"inLanguage\":\"fr-FR\"}]}<\/script>\n<!-- \/ Yoast SEO plugin. -->","yoast_head_json":{"title":"Projets de Conservation | Parc National des Virunga","description":"Une vue d'ensemble des projets de conservation en cours dans le Parc National des Virunga, mettant en lumi\u00e8re les efforts d\u00e9ploy\u00e9s pour prot\u00e9ger sa faune et ses habitats uniques.","robots":{"index":"index","follow":"follow","max-snippet":"max-snippet:-1","max-image-preview":"max-image-preview:large","max-video-preview":"max-video-preview:-1"},"canonical":"https:\/\/virunga.org\/fr\/conservation-projects\/","og_locale":"fr_FR","og_type":"article","og_title":"Projets de Conservation | Parc National des Virunga","og_description":"Une vue d'ensemble des projets de conservation en cours dans le Parc National des Virunga, mettant en lumi\u00e8re les efforts d\u00e9ploy\u00e9s pour prot\u00e9ger sa faune et ses habitats uniques.","og_url":"https:\/\/virunga.org\/fr\/conservation-projects\/","og_site_name":"Virunga National Park","article_modified_time":"2025-07-14T13:38:22+00:00","og_image":[{"width":2080,"height":1560,"url":"https:\/\/virunga.org\/wp-content\/uploads\/2024\/06\/Female-Lion-by-Mustafa-Nsubuga-scaled-1.jpg","type":"image\/jpeg"}],"twitter_card":"summary_large_image","twitter_misc":{"Dur\u00e9e de lecture estim\u00e9e":"1 minute"},"schema":{"@context":"https:\/\/schema.org","@graph":[{"@type":"WebPage","@id":"https:\/\/virunga.org\/fr\/conservation-projects\/","url":"https:\/\/virunga.org\/fr\/conservation-projects\/","name":"Projets de Conservation | Parc National des Virunga","isPartOf":{"@id":"https:\/\/virunga.org\/#website"},"primaryImageOfPage":{"@id":"https:\/\/virunga.org\/fr\/conservation-projects\/#primaryimage"},"image":{"@id":"https:\/\/virunga.org\/fr\/conservation-projects\/#primaryimage"},"thumbnailUrl":"https:\/\/virunga.org\/wp-content\/uploads\/2024\/06\/Female-Lion-by-Mustafa-Nsubuga-scaled-1.jpg","datePublished":"2025-01-10T10:28:20+00:00","dateModified":"2025-07-14T13:38:22+00:00","description":"Une vue d'ensemble des projets de conservation en cours dans le Parc National des Virunga, mettant en lumi\u00e8re les efforts d\u00e9ploy\u00e9s pour prot\u00e9ger sa faune et ses habitats uniques.","breadcrumb":{"@id":"https:\/\/virunga.org\/fr\/conservation-projects\/#breadcrumb"},"inLanguage":"fr-FR","potentialAction":[{"@type":"ReadAction","target":["https:\/\/virunga.org\/fr\/conservation-projects\/"]}]},{"@type":"ImageObject","inLanguage":"fr-FR","@id":"https:\/\/virunga.org\/fr\/conservation-projects\/#primaryimage","url":"https:\/\/virunga.org\/wp-content\/uploads\/2024\/06\/Female-Lion-by-Mustafa-Nsubuga-scaled-1.jpg","contentUrl":"https:\/\/virunga.org\/wp-content\/uploads\/2024\/06\/Female-Lion-by-Mustafa-Nsubuga-scaled-1.jpg","width":2080,"height":1560,"caption":"Female Lion by Mustafa Nsubuga in ishasha valley"},{"@type":"BreadcrumbList","@id":"https:\/\/virunga.org\/fr\/conservation-projects\/#breadcrumb","itemListElement":[{"@type":"ListItem","position":1,"name":"Home","item":"https:\/\/virunga.org\/fr\/"},{"@type":"ListItem","position":2,"name":"Conservation Impact Map"}]},{"@type":"WebSite","@id":"https:\/\/virunga.org\/#website","url":"https:\/\/virunga.org\/","name":"Virunga National Park","description":"Your SUPER-powered WP Engine Site","potentialAction":[{"@type":"SearchAction","target":{"@type":"EntryPoint","urlTemplate":"https:\/\/virunga.org\/?s={search_term_string}"},"query-input":{"@type":"PropertyValueSpecification","valueRequired":true,"valueName":"search_term_string"}}],"inLanguage":"fr-FR"}]}},"_links":{"self":[{"href":"https:\/\/virunga.org\/fr\/wp-json\/wp\/v2\/pages\/37350","targetHints":{"allow":["GET"]}}],"collection":[{"href":"https:\/\/virunga.org\/fr\/wp-json\/wp\/v2\/pages"}],"about":[{"href":"https:\/\/virunga.org\/fr\/wp-json\/wp\/v2\/types\/page"}],"author":[{"embeddable":true,"href":"https:\/\/virunga.org\/fr\/wp-json\/wp\/v2\/users\/14"}],"replies":[{"embeddable":true,"href":"https:\/\/virunga.org\/fr\/wp-json\/wp\/v2\/comments?post=37350"}],"version-history":[{"count":0,"href":"https:\/\/virunga.org\/fr\/wp-json\/wp\/v2\/pages\/37350\/revisions"}],"wp:featuredmedia":[{"embeddable":true,"href":"https:\/\/virunga.org\/fr\/wp-json\/wp\/v2\/media\/35137"}],"wp:attachment":[{"href":"https:\/\/virunga.org\/fr\/wp-json\/wp\/v2\/media?parent=37350"}],"curies":[{"name":"wp","href":"https:\/\/api.w.org\/{rel}","templated":true}]}}