{"id":36477,"date":"2025-01-07T09:47:05","date_gmt":"2025-01-07T09:47:05","guid":{"rendered":"https:\/\/virunga.org\/?page_id=36477"},"modified":"2026-02-10T06:40:52","modified_gmt":"2026-02-10T06:40:52","slug":"governance","status":"publish","type":"page","link":"https:\/\/virunga.org\/fr\/governance\/","title":{"rendered":"Gouvernance"},"content":{"rendered":"","protected":false},"excerpt":{"rendered":"","protected":false},"author":14,"featured_media":34395,"parent":0,"menu_order":0,"comment_status":"closed","ping_status":"closed","template":"","meta":{"_acf_changed":false,"inline_featured_image":false,"footnotes":""},"class_list":["post-36477","page","type-page","status-publish","has-post-thumbnail","hentry"],"acf":[],"yoast_head":"<!-- This site is optimized with the Yoast SEO plugin v27.2 - https:\/\/yoast.com\/product\/yoast-seo-wordpress\/ -->\n<title>Gouvernance | Parc National des Virunga<\/title>\n<meta name=\"description\" content=\"D\u00e9couvrez comment la protection de la biodiversit\u00e9 au Parc, dirig\u00e9e par l&#039;ICCN et la Fondation Virunga, soutient les communaut\u00e9s locales.\" \/>\n<meta name=\"robots\" content=\"index, follow, max-snippet:-1, max-image-preview:large, max-video-preview:-1\" \/>\n<link rel=\"canonical\" href=\"https:\/\/virunga.org\/fr\/governance\/\" \/>\n<meta property=\"og:locale\" content=\"fr_FR\" \/>\n<meta property=\"og:type\" content=\"article\" \/>\n<meta property=\"og:title\" content=\"Gouvernance | Parc National des Virunga\" \/>\n<meta property=\"og:description\" content=\"D\u00e9couvrez comment la protection de la biodiversit\u00e9 au Parc, dirig\u00e9e par l&#039;ICCN et la Fondation Virunga, soutient les communaut\u00e9s locales.\" \/>\n<meta property=\"og:url\" content=\"https:\/\/virunga.org\/fr\/governance\/\" \/>\n<meta property=\"og:site_name\" content=\"Virunga National Park\" \/>\n<meta property=\"article:modified_time\" content=\"2026-02-10T06:40:52+00:00\" \/>\n<meta property=\"og:image\" content=\"https:\/\/virunga.org\/wp-content\/uploads\/2023\/10\/Landscape-of-Virunga-by-Therese-Redaelli-1.jpg\" \/>\n\t<meta property=\"og:image:width\" content=\"2080\" \/>\n\t<meta property=\"og:image:height\" content=\"1384\" \/>\n\t<meta property=\"og:image:type\" content=\"image\/jpeg\" \/>\n<meta name=\"twitter:card\" content=\"summary_large_image\" \/>\n<meta name=\"twitter:label1\" content=\"Dur\u00e9e de lecture estim\u00e9e\" \/>\n\t<meta name=\"twitter:data1\" content=\"1 minute\" \/>\n<script type=\"application\/ld+json\" class=\"yoast-schema-graph\">{\"@context\":\"https:\/\/schema.org\",\"@graph\":[{\"@type\":\"WebPage\",\"@id\":\"https:\/\/virunga.org\/fr\/governance\/\",\"url\":\"https:\/\/virunga.org\/fr\/governance\/\",\"name\":\"Gouvernance | Parc National des Virunga\",\"isPartOf\":{\"@id\":\"https:\/\/virunga.org\/#website\"},\"primaryImageOfPage\":{\"@id\":\"https:\/\/virunga.org\/fr\/governance\/#primaryimage\"},\"image\":{\"@id\":\"https:\/\/virunga.org\/fr\/governance\/#primaryimage\"},\"thumbnailUrl\":\"https:\/\/virunga.org\/wp-content\/uploads\/2023\/10\/Landscape-of-Virunga-by-Therese-Redaelli-1.jpg\",\"datePublished\":\"2025-01-07T09:47:05+00:00\",\"dateModified\":\"2026-02-10T06:40:52+00:00\",\"description\":\"D\u00e9couvrez comment la protection de la biodiversit\u00e9 au Parc, dirig\u00e9e par l'ICCN et la Fondation Virunga, soutient les communaut\u00e9s locales.\",\"breadcrumb\":{\"@id\":\"https:\/\/virunga.org\/fr\/governance\/#breadcrumb\"},\"inLanguage\":\"fr-FR\",\"potentialAction\":[{\"@type\":\"ReadAction\",\"target\":[\"https:\/\/virunga.org\/fr\/governance\/\"]}]},{\"@type\":\"ImageObject\",\"inLanguage\":\"fr-FR\",\"@id\":\"https:\/\/virunga.org\/fr\/governance\/#primaryimage\",\"url\":\"https:\/\/virunga.org\/wp-content\/uploads\/2023\/10\/Landscape-of-Virunga-by-Therese-Redaelli-1.jpg\",\"contentUrl\":\"https:\/\/virunga.org\/wp-content\/uploads\/2023\/10\/Landscape-of-Virunga-by-Therese-Redaelli-1.jpg\",\"width\":2080,\"height\":1384},{\"@type\":\"BreadcrumbList\",\"@id\":\"https:\/\/virunga.org\/fr\/governance\/#breadcrumb\",\"itemListElement\":[{\"@type\":\"ListItem\",\"position\":1,\"name\":\"Home\",\"item\":\"https:\/\/virunga.org\/fr\/\"},{\"@type\":\"ListItem\",\"position\":2,\"name\":\"Gouvernance\"}]},{\"@type\":\"WebSite\",\"@id\":\"https:\/\/virunga.org\/#website\",\"url\":\"https:\/\/virunga.org\/\",\"name\":\"Virunga National Park\",\"description\":\"Your SUPER-powered WP Engine Site\",\"potentialAction\":[{\"@type\":\"SearchAction\",\"target\":{\"@type\":\"EntryPoint\",\"urlTemplate\":\"https:\/\/virunga.org\/?s={search_term_string}\"},\"query-input\":{\"@type\":\"PropertyValueSpecification\",\"valueRequired\":true,\"valueName\":\"search_term_string\"}}],\"inLanguage\":\"fr-FR\"}]}<\/script>\n<!-- \/ Yoast SEO plugin. -->","yoast_head_json":{"title":"Gouvernance | Parc National des Virunga","description":"D\u00e9couvrez comment la protection de la biodiversit\u00e9 au Parc, dirig\u00e9e par l'ICCN et la Fondation Virunga, soutient les communaut\u00e9s locales.","robots":{"index":"index","follow":"follow","max-snippet":"max-snippet:-1","max-image-preview":"max-image-preview:large","max-video-preview":"max-video-preview:-1"},"canonical":"https:\/\/virunga.org\/fr\/governance\/","og_locale":"fr_FR","og_type":"article","og_title":"Gouvernance | Parc National des Virunga","og_description":"D\u00e9couvrez comment la protection de la biodiversit\u00e9 au Parc, dirig\u00e9e par l'ICCN et la Fondation Virunga, soutient les communaut\u00e9s locales.","og_url":"https:\/\/virunga.org\/fr\/governance\/","og_site_name":"Virunga National Park","article_modified_time":"2026-02-10T06:40:52+00:00","og_image":[{"width":2080,"height":1384,"url":"https:\/\/virunga.org\/wp-content\/uploads\/2023\/10\/Landscape-of-Virunga-by-Therese-Redaelli-1.jpg","type":"image\/jpeg"}],"twitter_card":"summary_large_image","twitter_misc":{"Dur\u00e9e de lecture estim\u00e9e":"1 minute"},"schema":{"@context":"https:\/\/schema.org","@graph":[{"@type":"WebPage","@id":"https:\/\/virunga.org\/fr\/governance\/","url":"https:\/\/virunga.org\/fr\/governance\/","name":"Gouvernance | Parc National des Virunga","isPartOf":{"@id":"https:\/\/virunga.org\/#website"},"primaryImageOfPage":{"@id":"https:\/\/virunga.org\/fr\/governance\/#primaryimage"},"image":{"@id":"https:\/\/virunga.org\/fr\/governance\/#primaryimage"},"thumbnailUrl":"https:\/\/virunga.org\/wp-content\/uploads\/2023\/10\/Landscape-of-Virunga-by-Therese-Redaelli-1.jpg","datePublished":"2025-01-07T09:47:05+00:00","dateModified":"2026-02-10T06:40:52+00:00","description":"D\u00e9couvrez comment la protection de la biodiversit\u00e9 au Parc, dirig\u00e9e par l'ICCN et la Fondation Virunga, soutient les communaut\u00e9s locales.","breadcrumb":{"@id":"https:\/\/virunga.org\/fr\/governance\/#breadcrumb"},"inLanguage":"fr-FR","potentialAction":[{"@type":"ReadAction","target":["https:\/\/virunga.org\/fr\/governance\/"]}]},{"@type":"ImageObject","inLanguage":"fr-FR","@id":"https:\/\/virunga.org\/fr\/governance\/#primaryimage","url":"https:\/\/virunga.org\/wp-content\/uploads\/2023\/10\/Landscape-of-Virunga-by-Therese-Redaelli-1.jpg","contentUrl":"https:\/\/virunga.org\/wp-content\/uploads\/2023\/10\/Landscape-of-Virunga-by-Therese-Redaelli-1.jpg","width":2080,"height":1384},{"@type":"BreadcrumbList","@id":"https:\/\/virunga.org\/fr\/governance\/#breadcrumb","itemListElement":[{"@type":"ListItem","position":1,"name":"Home","item":"https:\/\/virunga.org\/fr\/"},{"@type":"ListItem","position":2,"name":"Gouvernance"}]},{"@type":"WebSite","@id":"https:\/\/virunga.org\/#website","url":"https:\/\/virunga.org\/","name":"Virunga National Park","description":"Your SUPER-powered WP Engine Site","potentialAction":[{"@type":"SearchAction","target":{"@type":"EntryPoint","urlTemplate":"https:\/\/virunga.org\/?s={search_term_string}"},"query-input":{"@type":"PropertyValueSpecification","valueRequired":true,"valueName":"search_term_string"}}],"inLanguage":"fr-FR"}]}},"_links":{"self":[{"href":"https:\/\/virunga.org\/fr\/wp-json\/wp\/v2\/pages\/36477","targetHints":{"allow":["GET"]}}],"collection":[{"href":"https:\/\/virunga.org\/fr\/wp-json\/wp\/v2\/pages"}],"about":[{"href":"https:\/\/virunga.org\/fr\/wp-json\/wp\/v2\/types\/page"}],"author":[{"embeddable":true,"href":"https:\/\/virunga.org\/fr\/wp-json\/wp\/v2\/users\/14"}],"replies":[{"embeddable":true,"href":"https:\/\/virunga.org\/fr\/wp-json\/wp\/v2\/comments?post=36477"}],"version-history":[{"count":8,"href":"https:\/\/virunga.org\/fr\/wp-json\/wp\/v2\/pages\/36477\/revisions"}],"predecessor-version":[{"id":43007,"href":"https:\/\/virunga.org\/fr\/wp-json\/wp\/v2\/pages\/36477\/revisions\/43007"}],"wp:featuredmedia":[{"embeddable":true,"href":"https:\/\/virunga.org\/fr\/wp-json\/wp\/v2\/media\/34395"}],"wp:attachment":[{"href":"https:\/\/virunga.org\/fr\/wp-json\/wp\/v2\/media?parent=36477"}],"curies":[{"name":"wp","href":"https:\/\/api.w.org\/{rel}","templated":true}]}}