{"id":36468,"date":"2025-01-07T12:24:34","date_gmt":"2025-01-07T12:24:34","guid":{"rendered":"https:\/\/virunga.org\/?page_id=36468"},"modified":"2025-12-01T07:57:48","modified_gmt":"2025-12-01T07:57:48","slug":"ecotourisme","status":"publish","type":"page","link":"https:\/\/virunga.org\/fr\/ecotourisme\/","title":{"rendered":"\u00c9cotourisme"},"content":{"rendered":"","protected":false},"excerpt":{"rendered":"","protected":false},"author":6,"featured_media":0,"parent":0,"menu_order":0,"comment_status":"closed","ping_status":"closed","template":"","meta":{"_acf_changed":false,"inline_featured_image":false,"footnotes":""},"class_list":["post-36468","page","type-page","status-publish","hentry"],"acf":[],"yoast_head":"<!-- This site is optimized with the Yoast SEO plugin v27.2 - https:\/\/yoast.com\/product\/yoast-seo-wordpress\/ -->\n<title>\u00c9cotourisme | Virunga National Park<\/title>\n<meta name=\"description\" content=\"D\u00e9couvrez l&#039;\u00e9cotourisme des Virunga : gorilles, randonn\u00e9es au Nyiragongo et voyages durables pour la conservation et d\u00e9veloppement local.\" \/>\n<meta name=\"robots\" content=\"index, follow, max-snippet:-1, max-image-preview:large, max-video-preview:-1\" \/>\n<link rel=\"canonical\" href=\"https:\/\/virunga.org\/fr\/ecotourisme\/\" \/>\n<meta property=\"og:locale\" content=\"fr_FR\" \/>\n<meta property=\"og:type\" content=\"article\" \/>\n<meta property=\"og:title\" content=\"\u00c9cotourisme | Virunga National Park\" \/>\n<meta property=\"og:description\" content=\"D\u00e9couvrez l&#039;\u00e9cotourisme des Virunga : gorilles, randonn\u00e9es au Nyiragongo et voyages durables pour la conservation et d\u00e9veloppement local.\" \/>\n<meta property=\"og:url\" content=\"https:\/\/virunga.org\/fr\/ecotourisme\/\" \/>\n<meta property=\"og:site_name\" content=\"Virunga National Park\" \/>\n<meta property=\"article:modified_time\" content=\"2025-12-01T07:57:48+00:00\" \/>\n<meta name=\"twitter:card\" content=\"summary_large_image\" \/>\n<script type=\"application\/ld+json\" class=\"yoast-schema-graph\">{\"@context\":\"https:\/\/schema.org\",\"@graph\":[{\"@type\":\"WebPage\",\"@id\":\"https:\/\/virunga.org\/fr\/ecotourisme\/\",\"url\":\"https:\/\/virunga.org\/fr\/ecotourisme\/\",\"name\":\"\u00c9cotourisme | Virunga National Park\",\"isPartOf\":{\"@id\":\"https:\/\/virunga.org\/#website\"},\"datePublished\":\"2025-01-07T12:24:34+00:00\",\"dateModified\":\"2025-12-01T07:57:48+00:00\",\"description\":\"D\u00e9couvrez l'\u00e9cotourisme des Virunga : gorilles, randonn\u00e9es au Nyiragongo et voyages durables pour la conservation et d\u00e9veloppement local.\",\"breadcrumb\":{\"@id\":\"https:\/\/virunga.org\/fr\/ecotourisme\/#breadcrumb\"},\"inLanguage\":\"fr-FR\",\"potentialAction\":[{\"@type\":\"ReadAction\",\"target\":[\"https:\/\/virunga.org\/fr\/ecotourisme\/\"]}]},{\"@type\":\"BreadcrumbList\",\"@id\":\"https:\/\/virunga.org\/fr\/ecotourisme\/#breadcrumb\",\"itemListElement\":[{\"@type\":\"ListItem\",\"position\":1,\"name\":\"Home\",\"item\":\"https:\/\/virunga.org\/fr\/\"},{\"@type\":\"ListItem\",\"position\":2,\"name\":\"\u00c9cotourisme\"}]},{\"@type\":\"WebSite\",\"@id\":\"https:\/\/virunga.org\/#website\",\"url\":\"https:\/\/virunga.org\/\",\"name\":\"Virunga National Park\",\"description\":\"Your SUPER-powered WP Engine Site\",\"potentialAction\":[{\"@type\":\"SearchAction\",\"target\":{\"@type\":\"EntryPoint\",\"urlTemplate\":\"https:\/\/virunga.org\/?s={search_term_string}\"},\"query-input\":{\"@type\":\"PropertyValueSpecification\",\"valueRequired\":true,\"valueName\":\"search_term_string\"}}],\"inLanguage\":\"fr-FR\"}]}<\/script>\n<!-- \/ Yoast SEO plugin. -->","yoast_head_json":{"title":"\u00c9cotourisme | Virunga National Park","description":"D\u00e9couvrez l'\u00e9cotourisme des Virunga : gorilles, randonn\u00e9es au Nyiragongo et voyages durables pour la conservation et d\u00e9veloppement local.","robots":{"index":"index","follow":"follow","max-snippet":"max-snippet:-1","max-image-preview":"max-image-preview:large","max-video-preview":"max-video-preview:-1"},"canonical":"https:\/\/virunga.org\/fr\/ecotourisme\/","og_locale":"fr_FR","og_type":"article","og_title":"\u00c9cotourisme | Virunga National Park","og_description":"D\u00e9couvrez l'\u00e9cotourisme des Virunga : gorilles, randonn\u00e9es au Nyiragongo et voyages durables pour la conservation et d\u00e9veloppement local.","og_url":"https:\/\/virunga.org\/fr\/ecotourisme\/","og_site_name":"Virunga National Park","article_modified_time":"2025-12-01T07:57:48+00:00","twitter_card":"summary_large_image","schema":{"@context":"https:\/\/schema.org","@graph":[{"@type":"WebPage","@id":"https:\/\/virunga.org\/fr\/ecotourisme\/","url":"https:\/\/virunga.org\/fr\/ecotourisme\/","name":"\u00c9cotourisme | Virunga National Park","isPartOf":{"@id":"https:\/\/virunga.org\/#website"},"datePublished":"2025-01-07T12:24:34+00:00","dateModified":"2025-12-01T07:57:48+00:00","description":"D\u00e9couvrez l'\u00e9cotourisme des Virunga : gorilles, randonn\u00e9es au Nyiragongo et voyages durables pour la conservation et d\u00e9veloppement local.","breadcrumb":{"@id":"https:\/\/virunga.org\/fr\/ecotourisme\/#breadcrumb"},"inLanguage":"fr-FR","potentialAction":[{"@type":"ReadAction","target":["https:\/\/virunga.org\/fr\/ecotourisme\/"]}]},{"@type":"BreadcrumbList","@id":"https:\/\/virunga.org\/fr\/ecotourisme\/#breadcrumb","itemListElement":[{"@type":"ListItem","position":1,"name":"Home","item":"https:\/\/virunga.org\/fr\/"},{"@type":"ListItem","position":2,"name":"\u00c9cotourisme"}]},{"@type":"WebSite","@id":"https:\/\/virunga.org\/#website","url":"https:\/\/virunga.org\/","name":"Virunga National Park","description":"Your SUPER-powered WP Engine Site","potentialAction":[{"@type":"SearchAction","target":{"@type":"EntryPoint","urlTemplate":"https:\/\/virunga.org\/?s={search_term_string}"},"query-input":{"@type":"PropertyValueSpecification","valueRequired":true,"valueName":"search_term_string"}}],"inLanguage":"fr-FR"}]}},"_links":{"self":[{"href":"https:\/\/virunga.org\/fr\/wp-json\/wp\/v2\/pages\/36468","targetHints":{"allow":["GET"]}}],"collection":[{"href":"https:\/\/virunga.org\/fr\/wp-json\/wp\/v2\/pages"}],"about":[{"href":"https:\/\/virunga.org\/fr\/wp-json\/wp\/v2\/types\/page"}],"author":[{"embeddable":true,"href":"https:\/\/virunga.org\/fr\/wp-json\/wp\/v2\/users\/6"}],"replies":[{"embeddable":true,"href":"https:\/\/virunga.org\/fr\/wp-json\/wp\/v2\/comments?post=36468"}],"version-history":[{"count":2,"href":"https:\/\/virunga.org\/fr\/wp-json\/wp\/v2\/pages\/36468\/revisions"}],"predecessor-version":[{"id":42094,"href":"https:\/\/virunga.org\/fr\/wp-json\/wp\/v2\/pages\/36468\/revisions\/42094"}],"wp:attachment":[{"href":"https:\/\/virunga.org\/fr\/wp-json\/wp\/v2\/media?parent=36468"}],"curies":[{"name":"wp","href":"https:\/\/api.w.org\/{rel}","templated":true}]}}