{"id":36435,"date":"2025-01-07T12:34:30","date_gmt":"2025-01-07T12:34:30","guid":{"rendered":"https:\/\/virunga.org\/?page_id=36435"},"modified":"2025-01-07T12:59:36","modified_gmt":"2025-01-07T12:59:36","slug":"agriculture-durable","status":"publish","type":"page","link":"https:\/\/virunga.org\/fr\/agriculture-durable\/","title":{"rendered":"Agriculture Durable"},"content":{"rendered":"","protected":false},"excerpt":{"rendered":"","protected":false},"author":14,"featured_media":0,"parent":0,"menu_order":0,"comment_status":"closed","ping_status":"closed","template":"","meta":{"_acf_changed":true,"inline_featured_image":false,"footnotes":""},"class_list":["post-36435","page","type-page","status-publish","hentry"],"acf":[],"yoast_head":"<!-- This site is optimized with the Yoast SEO plugin v27.2 - https:\/\/yoast.com\/product\/yoast-seo-wordpress\/ -->\n<title>Agriculture Durable | D\u00e9veloppement | Virunga National Park<\/title>\n<meta name=\"description\" content=\"D\u00e9couvrez comment Virunga soutient les communaut\u00e9s locales avec l&#039;agriculture durable, la s\u00e9curit\u00e9 alimentaire et la conservation.\" \/>\n<meta name=\"robots\" content=\"index, follow, max-snippet:-1, max-image-preview:large, max-video-preview:-1\" \/>\n<link rel=\"canonical\" href=\"https:\/\/virunga.org\/fr\/agriculture-durable\/\" \/>\n<meta property=\"og:locale\" content=\"fr_FR\" \/>\n<meta property=\"og:type\" content=\"article\" \/>\n<meta property=\"og:title\" content=\"Agriculture Durable | D\u00e9veloppement | Virunga National Park\" \/>\n<meta property=\"og:description\" content=\"D\u00e9couvrez comment Virunga soutient les communaut\u00e9s locales avec l&#039;agriculture durable, la s\u00e9curit\u00e9 alimentaire et la conservation.\" \/>\n<meta property=\"og:url\" content=\"https:\/\/virunga.org\/fr\/agriculture-durable\/\" \/>\n<meta property=\"og:site_name\" content=\"Virunga National Park\" \/>\n<meta property=\"article:modified_time\" content=\"2025-01-07T12:59:36+00:00\" \/>\n<meta name=\"twitter:card\" content=\"summary_large_image\" \/>\n<script type=\"application\/ld+json\" class=\"yoast-schema-graph\">{\"@context\":\"https:\/\/schema.org\",\"@graph\":[{\"@type\":\"WebPage\",\"@id\":\"https:\/\/virunga.org\/fr\/agriculture-durable\/\",\"url\":\"https:\/\/virunga.org\/fr\/agriculture-durable\/\",\"name\":\"Agriculture Durable | D\u00e9veloppement | Virunga National Park\",\"isPartOf\":{\"@id\":\"https:\/\/virunga.org\/#website\"},\"datePublished\":\"2025-01-07T12:34:30+00:00\",\"dateModified\":\"2025-01-07T12:59:36+00:00\",\"description\":\"D\u00e9couvrez comment Virunga soutient les communaut\u00e9s locales avec l'agriculture durable, la s\u00e9curit\u00e9 alimentaire et la conservation.\",\"breadcrumb\":{\"@id\":\"https:\/\/virunga.org\/fr\/agriculture-durable\/#breadcrumb\"},\"inLanguage\":\"fr-FR\",\"potentialAction\":[{\"@type\":\"ReadAction\",\"target\":[\"https:\/\/virunga.org\/fr\/agriculture-durable\/\"]}]},{\"@type\":\"BreadcrumbList\",\"@id\":\"https:\/\/virunga.org\/fr\/agriculture-durable\/#breadcrumb\",\"itemListElement\":[{\"@type\":\"ListItem\",\"position\":1,\"name\":\"Home\",\"item\":\"https:\/\/virunga.org\/fr\/\"},{\"@type\":\"ListItem\",\"position\":2,\"name\":\"Agriculture Durable\"}]},{\"@type\":\"WebSite\",\"@id\":\"https:\/\/virunga.org\/#website\",\"url\":\"https:\/\/virunga.org\/\",\"name\":\"Virunga National Park\",\"description\":\"Your SUPER-powered WP Engine Site\",\"potentialAction\":[{\"@type\":\"SearchAction\",\"target\":{\"@type\":\"EntryPoint\",\"urlTemplate\":\"https:\/\/virunga.org\/?s={search_term_string}\"},\"query-input\":{\"@type\":\"PropertyValueSpecification\",\"valueRequired\":true,\"valueName\":\"search_term_string\"}}],\"inLanguage\":\"fr-FR\"}]}<\/script>\n<!-- \/ Yoast SEO plugin. -->","yoast_head_json":{"title":"Agriculture Durable | D\u00e9veloppement | Virunga National Park","description":"D\u00e9couvrez comment Virunga soutient les communaut\u00e9s locales avec l'agriculture durable, la s\u00e9curit\u00e9 alimentaire et la conservation.","robots":{"index":"index","follow":"follow","max-snippet":"max-snippet:-1","max-image-preview":"max-image-preview:large","max-video-preview":"max-video-preview:-1"},"canonical":"https:\/\/virunga.org\/fr\/agriculture-durable\/","og_locale":"fr_FR","og_type":"article","og_title":"Agriculture Durable | D\u00e9veloppement | Virunga National Park","og_description":"D\u00e9couvrez comment Virunga soutient les communaut\u00e9s locales avec l'agriculture durable, la s\u00e9curit\u00e9 alimentaire et la conservation.","og_url":"https:\/\/virunga.org\/fr\/agriculture-durable\/","og_site_name":"Virunga National Park","article_modified_time":"2025-01-07T12:59:36+00:00","twitter_card":"summary_large_image","schema":{"@context":"https:\/\/schema.org","@graph":[{"@type":"WebPage","@id":"https:\/\/virunga.org\/fr\/agriculture-durable\/","url":"https:\/\/virunga.org\/fr\/agriculture-durable\/","name":"Agriculture Durable | D\u00e9veloppement | Virunga National Park","isPartOf":{"@id":"https:\/\/virunga.org\/#website"},"datePublished":"2025-01-07T12:34:30+00:00","dateModified":"2025-01-07T12:59:36+00:00","description":"D\u00e9couvrez comment Virunga soutient les communaut\u00e9s locales avec l'agriculture durable, la s\u00e9curit\u00e9 alimentaire et la conservation.","breadcrumb":{"@id":"https:\/\/virunga.org\/fr\/agriculture-durable\/#breadcrumb"},"inLanguage":"fr-FR","potentialAction":[{"@type":"ReadAction","target":["https:\/\/virunga.org\/fr\/agriculture-durable\/"]}]},{"@type":"BreadcrumbList","@id":"https:\/\/virunga.org\/fr\/agriculture-durable\/#breadcrumb","itemListElement":[{"@type":"ListItem","position":1,"name":"Home","item":"https:\/\/virunga.org\/fr\/"},{"@type":"ListItem","position":2,"name":"Agriculture Durable"}]},{"@type":"WebSite","@id":"https:\/\/virunga.org\/#website","url":"https:\/\/virunga.org\/","name":"Virunga National Park","description":"Your SUPER-powered WP Engine Site","potentialAction":[{"@type":"SearchAction","target":{"@type":"EntryPoint","urlTemplate":"https:\/\/virunga.org\/?s={search_term_string}"},"query-input":{"@type":"PropertyValueSpecification","valueRequired":true,"valueName":"search_term_string"}}],"inLanguage":"fr-FR"}]}},"_links":{"self":[{"href":"https:\/\/virunga.org\/fr\/wp-json\/wp\/v2\/pages\/36435","targetHints":{"allow":["GET"]}}],"collection":[{"href":"https:\/\/virunga.org\/fr\/wp-json\/wp\/v2\/pages"}],"about":[{"href":"https:\/\/virunga.org\/fr\/wp-json\/wp\/v2\/types\/page"}],"author":[{"embeddable":true,"href":"https:\/\/virunga.org\/fr\/wp-json\/wp\/v2\/users\/14"}],"replies":[{"embeddable":true,"href":"https:\/\/virunga.org\/fr\/wp-json\/wp\/v2\/comments?post=36435"}],"version-history":[{"count":0,"href":"https:\/\/virunga.org\/fr\/wp-json\/wp\/v2\/pages\/36435\/revisions"}],"wp:attachment":[{"href":"https:\/\/virunga.org\/fr\/wp-json\/wp\/v2\/media?parent=36435"}],"curies":[{"name":"wp","href":"https:\/\/api.w.org\/{rel}","templated":true}]}}