{"id":34572,"date":"2021-07-27T12:12:08","date_gmt":"2021-07-27T12:12:08","guid":{"rendered":"https:\/\/virungaorg.wpengine.com\/support-us-2\/fundraise\/"},"modified":"2025-12-04T06:19:38","modified_gmt":"2025-12-04T06:19:38","slug":"fundraise","status":"publish","type":"page","link":"https:\/\/virunga.org\/fr\/support-us\/fundraise\/","title":{"rendered":"Fundraise"},"content":{"rendered":"","protected":false},"excerpt":{"rendered":"","protected":false},"author":1,"featured_media":34394,"parent":2342,"menu_order":0,"comment_status":"closed","ping_status":"closed","template":"","meta":{"_acf_changed":false,"inline_featured_image":false,"footnotes":""},"class_list":["post-34572","page","type-page","status-publish","has-post-thumbnail","hentry"],"acf":[],"yoast_head":"<!-- This site is optimized with the Yoast SEO plugin v27.2 - https:\/\/yoast.com\/product\/yoast-seo-wordpress\/ -->\n<title>Collecte de fonds \u00e0 des fins caritatives | Parc National des Virunga<\/title>\n<meta name=\"description\" content=\"Amusez-vous et r\u00e9coltez de l&#039;argent pour Virunga! Il y a de nombreuses fa\u00e7ons de soutenir le Parc National des Virunga. Cliquez pour en savoir plus.\" \/>\n<meta name=\"robots\" content=\"index, follow, max-snippet:-1, max-image-preview:large, max-video-preview:-1\" \/>\n<link rel=\"canonical\" href=\"https:\/\/virunga.org\/fr\/support-us\/fundraise\/\" \/>\n<meta property=\"og:locale\" content=\"fr_FR\" \/>\n<meta property=\"og:type\" content=\"article\" \/>\n<meta property=\"og:title\" content=\"Collecte de fonds \u00e0 des fins caritatives | Parc National des Virunga\" \/>\n<meta property=\"og:description\" content=\"Amusez-vous et r\u00e9coltez de l&#039;argent pour Virunga! Il y a de nombreuses fa\u00e7ons de soutenir le Parc National des Virunga. Cliquez pour en savoir plus.\" \/>\n<meta property=\"og:url\" content=\"https:\/\/virunga.org\/fr\/support-us\/fundraise\/\" \/>\n<meta property=\"og:site_name\" content=\"Virunga National Park\" \/>\n<meta property=\"article:modified_time\" content=\"2025-12-04T06:19:38+00:00\" \/>\n<meta property=\"og:image\" content=\"https:\/\/virunga.org\/wp-content\/uploads\/2023\/10\/Silverback-Humba-by-Denys-Kutsevalov-scaled-e1697120949872.jpg\" \/>\n\t<meta property=\"og:image:width\" content=\"2073\" \/>\n\t<meta property=\"og:image:height\" content=\"1168\" \/>\n\t<meta property=\"og:image:type\" content=\"image\/jpeg\" \/>\n<meta name=\"twitter:card\" content=\"summary_large_image\" \/>\n<meta name=\"twitter:label1\" content=\"Dur\u00e9e de lecture estim\u00e9e\" \/>\n\t<meta name=\"twitter:data1\" content=\"1 minute\" \/>\n<script type=\"application\/ld+json\" class=\"yoast-schema-graph\">{\"@context\":\"https:\/\/schema.org\",\"@graph\":[{\"@type\":\"WebPage\",\"@id\":\"https:\/\/virunga.org\/fr\/support-us\/fundraise\/\",\"url\":\"https:\/\/virunga.org\/fr\/support-us\/fundraise\/\",\"name\":\"Collecte de fonds \u00e0 des fins caritatives | Parc National des Virunga\",\"isPartOf\":{\"@id\":\"https:\/\/virunga.org\/#website\"},\"primaryImageOfPage\":{\"@id\":\"https:\/\/virunga.org\/fr\/support-us\/fundraise\/#primaryimage\"},\"image\":{\"@id\":\"https:\/\/virunga.org\/fr\/support-us\/fundraise\/#primaryimage\"},\"thumbnailUrl\":\"https:\/\/virunga.org\/wp-content\/uploads\/2023\/10\/Silverback-Humba-by-Denys-Kutsevalov-scaled-e1697120949872.jpg\",\"datePublished\":\"2021-07-27T12:12:08+00:00\",\"dateModified\":\"2025-12-04T06:19:38+00:00\",\"description\":\"Amusez-vous et r\u00e9coltez de l'argent pour Virunga! Il y a de nombreuses fa\u00e7ons de soutenir le Parc National des Virunga. Cliquez pour en savoir plus.\",\"breadcrumb\":{\"@id\":\"https:\/\/virunga.org\/fr\/support-us\/fundraise\/#breadcrumb\"},\"inLanguage\":\"fr-FR\",\"potentialAction\":[{\"@type\":\"ReadAction\",\"target\":[\"https:\/\/virunga.org\/fr\/support-us\/fundraise\/\"]}]},{\"@type\":\"ImageObject\",\"inLanguage\":\"fr-FR\",\"@id\":\"https:\/\/virunga.org\/fr\/support-us\/fundraise\/#primaryimage\",\"url\":\"https:\/\/virunga.org\/wp-content\/uploads\/2023\/10\/Silverback-Humba-by-Denys-Kutsevalov-scaled-e1697120949872.jpg\",\"contentUrl\":\"https:\/\/virunga.org\/wp-content\/uploads\/2023\/10\/Silverback-Humba-by-Denys-Kutsevalov-scaled-e1697120949872.jpg\",\"width\":2073,\"height\":1168},{\"@type\":\"BreadcrumbList\",\"@id\":\"https:\/\/virunga.org\/fr\/support-us\/fundraise\/#breadcrumb\",\"itemListElement\":[{\"@type\":\"ListItem\",\"position\":1,\"name\":\"Home\",\"item\":\"https:\/\/virunga.org\/fr\/\"},{\"@type\":\"ListItem\",\"position\":2,\"name\":\"Soutenez-Nous\",\"item\":\"https:\/\/virunga.org\/fr\/support-us\/\"},{\"@type\":\"ListItem\",\"position\":3,\"name\":\"Fundraise\"}]},{\"@type\":\"WebSite\",\"@id\":\"https:\/\/virunga.org\/#website\",\"url\":\"https:\/\/virunga.org\/\",\"name\":\"Virunga National Park\",\"description\":\"Your SUPER-powered WP Engine Site\",\"potentialAction\":[{\"@type\":\"SearchAction\",\"target\":{\"@type\":\"EntryPoint\",\"urlTemplate\":\"https:\/\/virunga.org\/?s={search_term_string}\"},\"query-input\":{\"@type\":\"PropertyValueSpecification\",\"valueRequired\":true,\"valueName\":\"search_term_string\"}}],\"inLanguage\":\"fr-FR\"}]}<\/script>\n<!-- \/ Yoast SEO plugin. -->","yoast_head_json":{"title":"Collecte de fonds \u00e0 des fins caritatives | Parc National des Virunga","description":"Amusez-vous et r\u00e9coltez de l'argent pour Virunga! Il y a de nombreuses fa\u00e7ons de soutenir le Parc National des Virunga. Cliquez pour en savoir plus.","robots":{"index":"index","follow":"follow","max-snippet":"max-snippet:-1","max-image-preview":"max-image-preview:large","max-video-preview":"max-video-preview:-1"},"canonical":"https:\/\/virunga.org\/fr\/support-us\/fundraise\/","og_locale":"fr_FR","og_type":"article","og_title":"Collecte de fonds \u00e0 des fins caritatives | Parc National des Virunga","og_description":"Amusez-vous et r\u00e9coltez de l'argent pour Virunga! Il y a de nombreuses fa\u00e7ons de soutenir le Parc National des Virunga. Cliquez pour en savoir plus.","og_url":"https:\/\/virunga.org\/fr\/support-us\/fundraise\/","og_site_name":"Virunga National Park","article_modified_time":"2025-12-04T06:19:38+00:00","og_image":[{"width":2073,"height":1168,"url":"https:\/\/virunga.org\/wp-content\/uploads\/2023\/10\/Silverback-Humba-by-Denys-Kutsevalov-scaled-e1697120949872.jpg","type":"image\/jpeg"}],"twitter_card":"summary_large_image","twitter_misc":{"Dur\u00e9e de lecture estim\u00e9e":"1 minute"},"schema":{"@context":"https:\/\/schema.org","@graph":[{"@type":"WebPage","@id":"https:\/\/virunga.org\/fr\/support-us\/fundraise\/","url":"https:\/\/virunga.org\/fr\/support-us\/fundraise\/","name":"Collecte de fonds \u00e0 des fins caritatives | Parc National des Virunga","isPartOf":{"@id":"https:\/\/virunga.org\/#website"},"primaryImageOfPage":{"@id":"https:\/\/virunga.org\/fr\/support-us\/fundraise\/#primaryimage"},"image":{"@id":"https:\/\/virunga.org\/fr\/support-us\/fundraise\/#primaryimage"},"thumbnailUrl":"https:\/\/virunga.org\/wp-content\/uploads\/2023\/10\/Silverback-Humba-by-Denys-Kutsevalov-scaled-e1697120949872.jpg","datePublished":"2021-07-27T12:12:08+00:00","dateModified":"2025-12-04T06:19:38+00:00","description":"Amusez-vous et r\u00e9coltez de l'argent pour Virunga! Il y a de nombreuses fa\u00e7ons de soutenir le Parc National des Virunga. Cliquez pour en savoir plus.","breadcrumb":{"@id":"https:\/\/virunga.org\/fr\/support-us\/fundraise\/#breadcrumb"},"inLanguage":"fr-FR","potentialAction":[{"@type":"ReadAction","target":["https:\/\/virunga.org\/fr\/support-us\/fundraise\/"]}]},{"@type":"ImageObject","inLanguage":"fr-FR","@id":"https:\/\/virunga.org\/fr\/support-us\/fundraise\/#primaryimage","url":"https:\/\/virunga.org\/wp-content\/uploads\/2023\/10\/Silverback-Humba-by-Denys-Kutsevalov-scaled-e1697120949872.jpg","contentUrl":"https:\/\/virunga.org\/wp-content\/uploads\/2023\/10\/Silverback-Humba-by-Denys-Kutsevalov-scaled-e1697120949872.jpg","width":2073,"height":1168},{"@type":"BreadcrumbList","@id":"https:\/\/virunga.org\/fr\/support-us\/fundraise\/#breadcrumb","itemListElement":[{"@type":"ListItem","position":1,"name":"Home","item":"https:\/\/virunga.org\/fr\/"},{"@type":"ListItem","position":2,"name":"Soutenez-Nous","item":"https:\/\/virunga.org\/fr\/support-us\/"},{"@type":"ListItem","position":3,"name":"Fundraise"}]},{"@type":"WebSite","@id":"https:\/\/virunga.org\/#website","url":"https:\/\/virunga.org\/","name":"Virunga National Park","description":"Your SUPER-powered WP Engine Site","potentialAction":[{"@type":"SearchAction","target":{"@type":"EntryPoint","urlTemplate":"https:\/\/virunga.org\/?s={search_term_string}"},"query-input":{"@type":"PropertyValueSpecification","valueRequired":true,"valueName":"search_term_string"}}],"inLanguage":"fr-FR"}]}},"_links":{"self":[{"href":"https:\/\/virunga.org\/fr\/wp-json\/wp\/v2\/pages\/34572","targetHints":{"allow":["GET"]}}],"collection":[{"href":"https:\/\/virunga.org\/fr\/wp-json\/wp\/v2\/pages"}],"about":[{"href":"https:\/\/virunga.org\/fr\/wp-json\/wp\/v2\/types\/page"}],"author":[{"embeddable":true,"href":"https:\/\/virunga.org\/fr\/wp-json\/wp\/v2\/users\/1"}],"replies":[{"embeddable":true,"href":"https:\/\/virunga.org\/fr\/wp-json\/wp\/v2\/comments?post=34572"}],"version-history":[{"count":1,"href":"https:\/\/virunga.org\/fr\/wp-json\/wp\/v2\/pages\/34572\/revisions"}],"predecessor-version":[{"id":42214,"href":"https:\/\/virunga.org\/fr\/wp-json\/wp\/v2\/pages\/34572\/revisions\/42214"}],"up":[{"embeddable":true,"href":"https:\/\/virunga.org\/fr\/wp-json\/wp\/v2\/pages\/2342"}],"wp:featuredmedia":[{"embeddable":true,"href":"https:\/\/virunga.org\/fr\/wp-json\/wp\/v2\/media\/34394"}],"wp:attachment":[{"href":"https:\/\/virunga.org\/fr\/wp-json\/wp\/v2\/media?parent=34572"}],"curies":[{"name":"wp","href":"https:\/\/api.w.org\/{rel}","templated":true}]}}