{"id":34570,"date":"2021-05-10T11:40:31","date_gmt":"2021-05-10T11:40:31","guid":{"rendered":"https:\/\/virungaorg.wpengine.com\/support-us-2\/donate\/leave-a-gift-in-your-will\/"},"modified":"2025-06-10T08:49:16","modified_gmt":"2025-06-10T08:49:16","slug":"gift-in-a-will","status":"publish","type":"page","link":"https:\/\/virunga.org\/fr\/support-us\/donate\/gift-in-a-will\/","title":{"rendered":"Leave A Gift In Your Will"},"content":{"rendered":"","protected":false},"excerpt":{"rendered":"","protected":false},"author":1,"featured_media":33433,"parent":10258,"menu_order":0,"comment_status":"closed","ping_status":"closed","template":"","meta":{"_acf_changed":true,"inline_featured_image":false,"footnotes":""},"class_list":["post-34570","page","type-page","status-publish","has-post-thumbnail","hentry"],"acf":[],"yoast_head":"<!-- This site is optimized with the Yoast SEO plugin v27.2 - https:\/\/yoast.com\/product\/yoast-seo-wordpress\/ -->\n<title>Faire un don dans votre testament | Parc National des Virunga<\/title>\n<meta name=\"description\" content=\"Vous pouvez faire la diff\u00e9rence en rejoignant notre communaut\u00e9 de personnes d\u00e9vou\u00e9es \u00e0 la protection du plus ancien parc national d&#039;Afrique.\" \/>\n<meta name=\"robots\" content=\"index, follow, max-snippet:-1, max-image-preview:large, max-video-preview:-1\" \/>\n<link rel=\"canonical\" href=\"https:\/\/virunga.org\/fr\/support-us\/donate\/gift-in-a-will\/\" \/>\n<meta property=\"og:locale\" content=\"fr_FR\" \/>\n<meta property=\"og:type\" content=\"article\" \/>\n<meta property=\"og:title\" content=\"Faire un don dans votre testament | Parc National des Virunga\" \/>\n<meta property=\"og:description\" content=\"Vous pouvez faire la diff\u00e9rence en rejoignant notre communaut\u00e9 de personnes d\u00e9vou\u00e9es \u00e0 la protection du plus ancien parc national d&#039;Afrique.\" \/>\n<meta property=\"og:url\" content=\"https:\/\/virunga.org\/fr\/support-us\/donate\/gift-in-a-will\/\" \/>\n<meta property=\"og:site_name\" content=\"Virunga National Park\" \/>\n<meta property=\"article:modified_time\" content=\"2025-06-10T08:49:16+00:00\" \/>\n<meta property=\"og:image\" content=\"https:\/\/virunga.org\/wp-content\/uploads\/2020\/08\/GiveInMemoryHeader-scaled.jpg\" \/>\n\t<meta property=\"og:image:width\" content=\"1831\" \/>\n\t<meta property=\"og:image:height\" content=\"1200\" \/>\n\t<meta property=\"og:image:type\" content=\"image\/jpeg\" \/>\n<meta name=\"twitter:card\" content=\"summary_large_image\" \/>\n<meta name=\"twitter:label1\" content=\"Dur\u00e9e de lecture estim\u00e9e\" \/>\n\t<meta name=\"twitter:data1\" content=\"1 minute\" \/>\n<script type=\"application\/ld+json\" class=\"yoast-schema-graph\">{\"@context\":\"https:\/\/schema.org\",\"@graph\":[{\"@type\":\"WebPage\",\"@id\":\"https:\/\/virunga.org\/fr\/support-us\/donate\/gift-in-a-will\/\",\"url\":\"https:\/\/virunga.org\/fr\/support-us\/donate\/gift-in-a-will\/\",\"name\":\"Faire un don dans votre testament | Parc National des Virunga\",\"isPartOf\":{\"@id\":\"https:\/\/virunga.org\/#website\"},\"primaryImageOfPage\":{\"@id\":\"https:\/\/virunga.org\/fr\/support-us\/donate\/gift-in-a-will\/#primaryimage\"},\"image\":{\"@id\":\"https:\/\/virunga.org\/fr\/support-us\/donate\/gift-in-a-will\/#primaryimage\"},\"thumbnailUrl\":\"https:\/\/virunga.org\/wp-content\/uploads\/2020\/08\/GiveInMemoryHeader-scaled.jpg\",\"datePublished\":\"2021-05-10T11:40:31+00:00\",\"dateModified\":\"2025-06-10T08:49:16+00:00\",\"description\":\"Vous pouvez faire la diff\u00e9rence en rejoignant notre communaut\u00e9 de personnes d\u00e9vou\u00e9es \u00e0 la protection du plus ancien parc national d'Afrique.\",\"breadcrumb\":{\"@id\":\"https:\/\/virunga.org\/fr\/support-us\/donate\/gift-in-a-will\/#breadcrumb\"},\"inLanguage\":\"fr-FR\",\"potentialAction\":[{\"@type\":\"ReadAction\",\"target\":[\"https:\/\/virunga.org\/fr\/support-us\/donate\/gift-in-a-will\/\"]}]},{\"@type\":\"ImageObject\",\"inLanguage\":\"fr-FR\",\"@id\":\"https:\/\/virunga.org\/fr\/support-us\/donate\/gift-in-a-will\/#primaryimage\",\"url\":\"https:\/\/virunga.org\/wp-content\/uploads\/2020\/08\/GiveInMemoryHeader-scaled.jpg\",\"contentUrl\":\"https:\/\/virunga.org\/wp-content\/uploads\/2020\/08\/GiveInMemoryHeader-scaled.jpg\",\"width\":1831,\"height\":1200},{\"@type\":\"BreadcrumbList\",\"@id\":\"https:\/\/virunga.org\/fr\/support-us\/donate\/gift-in-a-will\/#breadcrumb\",\"itemListElement\":[{\"@type\":\"ListItem\",\"position\":1,\"name\":\"Home\",\"item\":\"https:\/\/virunga.org\/fr\/\"},{\"@type\":\"ListItem\",\"position\":2,\"name\":\"Soutenez-Nous\",\"item\":\"https:\/\/virunga.org\/fr\/support-us\/\"},{\"@type\":\"ListItem\",\"position\":3,\"name\":\"Faire un don\",\"item\":\"https:\/\/virunga.org\/fr\/support-us\/donate\/\"},{\"@type\":\"ListItem\",\"position\":4,\"name\":\"Leave A Gift In Your Will\"}]},{\"@type\":\"WebSite\",\"@id\":\"https:\/\/virunga.org\/#website\",\"url\":\"https:\/\/virunga.org\/\",\"name\":\"Virunga National Park\",\"description\":\"Your SUPER-powered WP Engine Site\",\"potentialAction\":[{\"@type\":\"SearchAction\",\"target\":{\"@type\":\"EntryPoint\",\"urlTemplate\":\"https:\/\/virunga.org\/?s={search_term_string}\"},\"query-input\":{\"@type\":\"PropertyValueSpecification\",\"valueRequired\":true,\"valueName\":\"search_term_string\"}}],\"inLanguage\":\"fr-FR\"}]}<\/script>\n<!-- \/ Yoast SEO plugin. -->","yoast_head_json":{"title":"Faire un don dans votre testament | Parc National des Virunga","description":"Vous pouvez faire la diff\u00e9rence en rejoignant notre communaut\u00e9 de personnes d\u00e9vou\u00e9es \u00e0 la protection du plus ancien parc national d'Afrique.","robots":{"index":"index","follow":"follow","max-snippet":"max-snippet:-1","max-image-preview":"max-image-preview:large","max-video-preview":"max-video-preview:-1"},"canonical":"https:\/\/virunga.org\/fr\/support-us\/donate\/gift-in-a-will\/","og_locale":"fr_FR","og_type":"article","og_title":"Faire un don dans votre testament | Parc National des Virunga","og_description":"Vous pouvez faire la diff\u00e9rence en rejoignant notre communaut\u00e9 de personnes d\u00e9vou\u00e9es \u00e0 la protection du plus ancien parc national d'Afrique.","og_url":"https:\/\/virunga.org\/fr\/support-us\/donate\/gift-in-a-will\/","og_site_name":"Virunga National Park","article_modified_time":"2025-06-10T08:49:16+00:00","og_image":[{"width":1831,"height":1200,"url":"https:\/\/virunga.org\/wp-content\/uploads\/2020\/08\/GiveInMemoryHeader-scaled.jpg","type":"image\/jpeg"}],"twitter_card":"summary_large_image","twitter_misc":{"Dur\u00e9e de lecture estim\u00e9e":"1 minute"},"schema":{"@context":"https:\/\/schema.org","@graph":[{"@type":"WebPage","@id":"https:\/\/virunga.org\/fr\/support-us\/donate\/gift-in-a-will\/","url":"https:\/\/virunga.org\/fr\/support-us\/donate\/gift-in-a-will\/","name":"Faire un don dans votre testament | Parc National des Virunga","isPartOf":{"@id":"https:\/\/virunga.org\/#website"},"primaryImageOfPage":{"@id":"https:\/\/virunga.org\/fr\/support-us\/donate\/gift-in-a-will\/#primaryimage"},"image":{"@id":"https:\/\/virunga.org\/fr\/support-us\/donate\/gift-in-a-will\/#primaryimage"},"thumbnailUrl":"https:\/\/virunga.org\/wp-content\/uploads\/2020\/08\/GiveInMemoryHeader-scaled.jpg","datePublished":"2021-05-10T11:40:31+00:00","dateModified":"2025-06-10T08:49:16+00:00","description":"Vous pouvez faire la diff\u00e9rence en rejoignant notre communaut\u00e9 de personnes d\u00e9vou\u00e9es \u00e0 la protection du plus ancien parc national d'Afrique.","breadcrumb":{"@id":"https:\/\/virunga.org\/fr\/support-us\/donate\/gift-in-a-will\/#breadcrumb"},"inLanguage":"fr-FR","potentialAction":[{"@type":"ReadAction","target":["https:\/\/virunga.org\/fr\/support-us\/donate\/gift-in-a-will\/"]}]},{"@type":"ImageObject","inLanguage":"fr-FR","@id":"https:\/\/virunga.org\/fr\/support-us\/donate\/gift-in-a-will\/#primaryimage","url":"https:\/\/virunga.org\/wp-content\/uploads\/2020\/08\/GiveInMemoryHeader-scaled.jpg","contentUrl":"https:\/\/virunga.org\/wp-content\/uploads\/2020\/08\/GiveInMemoryHeader-scaled.jpg","width":1831,"height":1200},{"@type":"BreadcrumbList","@id":"https:\/\/virunga.org\/fr\/support-us\/donate\/gift-in-a-will\/#breadcrumb","itemListElement":[{"@type":"ListItem","position":1,"name":"Home","item":"https:\/\/virunga.org\/fr\/"},{"@type":"ListItem","position":2,"name":"Soutenez-Nous","item":"https:\/\/virunga.org\/fr\/support-us\/"},{"@type":"ListItem","position":3,"name":"Faire un don","item":"https:\/\/virunga.org\/fr\/support-us\/donate\/"},{"@type":"ListItem","position":4,"name":"Leave A Gift In Your Will"}]},{"@type":"WebSite","@id":"https:\/\/virunga.org\/#website","url":"https:\/\/virunga.org\/","name":"Virunga National Park","description":"Your SUPER-powered WP Engine Site","potentialAction":[{"@type":"SearchAction","target":{"@type":"EntryPoint","urlTemplate":"https:\/\/virunga.org\/?s={search_term_string}"},"query-input":{"@type":"PropertyValueSpecification","valueRequired":true,"valueName":"search_term_string"}}],"inLanguage":"fr-FR"}]}},"_links":{"self":[{"href":"https:\/\/virunga.org\/fr\/wp-json\/wp\/v2\/pages\/34570","targetHints":{"allow":["GET"]}}],"collection":[{"href":"https:\/\/virunga.org\/fr\/wp-json\/wp\/v2\/pages"}],"about":[{"href":"https:\/\/virunga.org\/fr\/wp-json\/wp\/v2\/types\/page"}],"author":[{"embeddable":true,"href":"https:\/\/virunga.org\/fr\/wp-json\/wp\/v2\/users\/1"}],"replies":[{"embeddable":true,"href":"https:\/\/virunga.org\/fr\/wp-json\/wp\/v2\/comments?post=34570"}],"version-history":[{"count":0,"href":"https:\/\/virunga.org\/fr\/wp-json\/wp\/v2\/pages\/34570\/revisions"}],"up":[{"embeddable":true,"href":"https:\/\/virunga.org\/fr\/wp-json\/wp\/v2\/pages\/10258"}],"wp:featuredmedia":[{"embeddable":true,"href":"https:\/\/virunga.org\/fr\/wp-json\/wp\/v2\/media\/33433"}],"wp:attachment":[{"href":"https:\/\/virunga.org\/fr\/wp-json\/wp\/v2\/media?parent=34570"}],"curies":[{"name":"wp","href":"https:\/\/api.w.org\/{rel}","templated":true}]}}