{"id":34568,"date":"2021-06-25T10:48:46","date_gmt":"2021-06-25T10:48:46","guid":{"rendered":"https:\/\/virungaorg.wpengine.com\/mountain-gorillas-2\/silverback-gorilla\/"},"modified":"2025-11-26T14:41:06","modified_gmt":"2025-11-26T14:41:06","slug":"silverback-gorilla","status":"publish","type":"page","link":"https:\/\/virunga.org\/fr\/wildlife\/primates\/mountain-gorillas\/silverback-gorilla\/","title":{"rendered":"Silverback Gorilla"},"content":{"rendered":"","protected":false},"excerpt":{"rendered":"","protected":false},"author":1,"featured_media":35171,"parent":2915,"menu_order":0,"comment_status":"closed","ping_status":"closed","template":"","meta":{"_acf_changed":false,"inline_featured_image":false,"footnotes":""},"class_list":["post-34568","page","type-page","status-publish","has-post-thumbnail","hentry"],"acf":[],"yoast_head":"<!-- This site is optimized with the Yoast SEO plugin v27.4 - https:\/\/yoast.com\/product\/yoast-seo-wordpress\/ -->\n<title>Les dos argent\u00e9s | Parc National des Virunga<\/title>\n<meta name=\"description\" content=\"D\u00e9couvrez les gorilles \u00e0 dos argent\u00e9, leurs habitats, leur comportement et leurs caract\u00e9ristiques, ainsi que les relations au sein de leurs troupes.\" \/>\n<meta name=\"robots\" content=\"index, follow, max-snippet:-1, max-image-preview:large, max-video-preview:-1\" \/>\n<link rel=\"canonical\" href=\"https:\/\/virunga.org\/fr\/wildlife\/primates\/mountain-gorillas\/silverback-gorilla\/\" \/>\n<meta property=\"og:locale\" content=\"fr_FR\" \/>\n<meta property=\"og:type\" content=\"article\" \/>\n<meta property=\"og:title\" content=\"Les dos argent\u00e9s | Parc National des Virunga\" \/>\n<meta property=\"og:description\" content=\"D\u00e9couvrez les gorilles \u00e0 dos argent\u00e9, leurs habitats, leur comportement et leurs caract\u00e9ristiques, ainsi que les relations au sein de leurs troupes.\" \/>\n<meta property=\"og:url\" content=\"https:\/\/virunga.org\/fr\/wildlife\/primates\/mountain-gorillas\/silverback-gorilla\/\" \/>\n<meta property=\"og:site_name\" content=\"Virunga National Park\" \/>\n<meta property=\"article:modified_time\" content=\"2025-11-26T14:41:06+00:00\" \/>\n<meta property=\"og:image\" content=\"https:\/\/virunga.org\/wp-content\/uploads\/2024\/06\/06-08-2013-PNVi-Gorilles-Brent-Striton-4-scaled.jpg\" \/>\n\t<meta property=\"og:image:width\" content=\"2560\" \/>\n\t<meta property=\"og:image:height\" content=\"1707\" \/>\n\t<meta property=\"og:image:type\" content=\"image\/jpeg\" \/>\n<meta name=\"twitter:card\" content=\"summary_large_image\" \/>\n<meta name=\"twitter:label1\" content=\"Dur\u00e9e de lecture estim\u00e9e\" \/>\n\t<meta name=\"twitter:data1\" content=\"1 minute\" \/>\n<script type=\"application\/ld+json\" class=\"yoast-schema-graph\">{\"@context\":\"https:\\\/\\\/schema.org\",\"@graph\":[{\"@type\":\"WebPage\",\"@id\":\"https:\\\/\\\/virunga.org\\\/fr\\\/wildlife\\\/primates\\\/mountain-gorillas\\\/silverback-gorilla\\\/\",\"url\":\"https:\\\/\\\/virunga.org\\\/fr\\\/wildlife\\\/primates\\\/mountain-gorillas\\\/silverback-gorilla\\\/\",\"name\":\"Les dos argent\u00e9s | Parc National des Virunga\",\"isPartOf\":{\"@id\":\"https:\\\/\\\/virunga.org\\\/#website\"},\"primaryImageOfPage\":{\"@id\":\"https:\\\/\\\/virunga.org\\\/fr\\\/wildlife\\\/primates\\\/mountain-gorillas\\\/silverback-gorilla\\\/#primaryimage\"},\"image\":{\"@id\":\"https:\\\/\\\/virunga.org\\\/fr\\\/wildlife\\\/primates\\\/mountain-gorillas\\\/silverback-gorilla\\\/#primaryimage\"},\"thumbnailUrl\":\"https:\\\/\\\/virunga.org\\\/wp-content\\\/uploads\\\/2024\\\/06\\\/06-08-2013-PNVi-Gorilles-Brent-Striton-4-scaled.jpg\",\"datePublished\":\"2021-06-25T10:48:46+00:00\",\"dateModified\":\"2025-11-26T14:41:06+00:00\",\"description\":\"D\u00e9couvrez les gorilles \u00e0 dos argent\u00e9, leurs habitats, leur comportement et leurs caract\u00e9ristiques, ainsi que les relations au sein de leurs troupes.\",\"breadcrumb\":{\"@id\":\"https:\\\/\\\/virunga.org\\\/fr\\\/wildlife\\\/primates\\\/mountain-gorillas\\\/silverback-gorilla\\\/#breadcrumb\"},\"inLanguage\":\"fr-FR\",\"potentialAction\":[{\"@type\":\"ReadAction\",\"target\":[\"https:\\\/\\\/virunga.org\\\/fr\\\/wildlife\\\/primates\\\/mountain-gorillas\\\/silverback-gorilla\\\/\"]}]},{\"@type\":\"ImageObject\",\"inLanguage\":\"fr-FR\",\"@id\":\"https:\\\/\\\/virunga.org\\\/fr\\\/wildlife\\\/primates\\\/mountain-gorillas\\\/silverback-gorilla\\\/#primaryimage\",\"url\":\"https:\\\/\\\/virunga.org\\\/wp-content\\\/uploads\\\/2024\\\/06\\\/06-08-2013-PNVi-Gorilles-Brent-Striton-4-scaled.jpg\",\"contentUrl\":\"https:\\\/\\\/virunga.org\\\/wp-content\\\/uploads\\\/2024\\\/06\\\/06-08-2013-PNVi-Gorilles-Brent-Striton-4-scaled.jpg\",\"width\":2560,\"height\":1707},{\"@type\":\"BreadcrumbList\",\"@id\":\"https:\\\/\\\/virunga.org\\\/fr\\\/wildlife\\\/primates\\\/mountain-gorillas\\\/silverback-gorilla\\\/#breadcrumb\",\"itemListElement\":[{\"@type\":\"ListItem\",\"position\":1,\"name\":\"Home\",\"item\":\"https:\\\/\\\/virunga.org\\\/fr\\\/\"},{\"@type\":\"ListItem\",\"position\":2,\"name\":\"La faune sauvage\",\"item\":\"https:\\\/\\\/virunga.org\\\/fr\\\/wildlife\\\/\"},{\"@type\":\"ListItem\",\"position\":3,\"name\":\"Primates\",\"item\":\"https:\\\/\\\/virunga.org\\\/fr\\\/wildlife\\\/primates\\\/\"},{\"@type\":\"ListItem\",\"position\":4,\"name\":\"Gorilles de montagne\",\"item\":\"https:\\\/\\\/virunga.org\\\/fr\\\/wildlife\\\/primates\\\/mountain-gorillas\\\/\"},{\"@type\":\"ListItem\",\"position\":5,\"name\":\"Silverback Gorilla\"}]},{\"@type\":\"WebSite\",\"@id\":\"https:\\\/\\\/virunga.org\\\/#website\",\"url\":\"https:\\\/\\\/virunga.org\\\/\",\"name\":\"Virunga National Park\",\"description\":\"Your SUPER-powered WP Engine Site\",\"potentialAction\":[{\"@type\":\"SearchAction\",\"target\":{\"@type\":\"EntryPoint\",\"urlTemplate\":\"https:\\\/\\\/virunga.org\\\/?s={search_term_string}\"},\"query-input\":{\"@type\":\"PropertyValueSpecification\",\"valueRequired\":true,\"valueName\":\"search_term_string\"}}],\"inLanguage\":\"fr-FR\"}]}<\/script>\n<!-- \/ Yoast SEO plugin. -->","yoast_head_json":{"title":"Les dos argent\u00e9s | Parc National des Virunga","description":"D\u00e9couvrez les gorilles \u00e0 dos argent\u00e9, leurs habitats, leur comportement et leurs caract\u00e9ristiques, ainsi que les relations au sein de leurs troupes.","robots":{"index":"index","follow":"follow","max-snippet":"max-snippet:-1","max-image-preview":"max-image-preview:large","max-video-preview":"max-video-preview:-1"},"canonical":"https:\/\/virunga.org\/fr\/wildlife\/primates\/mountain-gorillas\/silverback-gorilla\/","og_locale":"fr_FR","og_type":"article","og_title":"Les dos argent\u00e9s | Parc National des Virunga","og_description":"D\u00e9couvrez les gorilles \u00e0 dos argent\u00e9, leurs habitats, leur comportement et leurs caract\u00e9ristiques, ainsi que les relations au sein de leurs troupes.","og_url":"https:\/\/virunga.org\/fr\/wildlife\/primates\/mountain-gorillas\/silverback-gorilla\/","og_site_name":"Virunga National Park","article_modified_time":"2025-11-26T14:41:06+00:00","og_image":[{"width":2560,"height":1707,"url":"https:\/\/virunga.org\/wp-content\/uploads\/2024\/06\/06-08-2013-PNVi-Gorilles-Brent-Striton-4-scaled.jpg","type":"image\/jpeg"}],"twitter_card":"summary_large_image","twitter_misc":{"Dur\u00e9e de lecture estim\u00e9e":"1 minute"},"schema":{"@context":"https:\/\/schema.org","@graph":[{"@type":"WebPage","@id":"https:\/\/virunga.org\/fr\/wildlife\/primates\/mountain-gorillas\/silverback-gorilla\/","url":"https:\/\/virunga.org\/fr\/wildlife\/primates\/mountain-gorillas\/silverback-gorilla\/","name":"Les dos argent\u00e9s | Parc National des Virunga","isPartOf":{"@id":"https:\/\/virunga.org\/#website"},"primaryImageOfPage":{"@id":"https:\/\/virunga.org\/fr\/wildlife\/primates\/mountain-gorillas\/silverback-gorilla\/#primaryimage"},"image":{"@id":"https:\/\/virunga.org\/fr\/wildlife\/primates\/mountain-gorillas\/silverback-gorilla\/#primaryimage"},"thumbnailUrl":"https:\/\/virunga.org\/wp-content\/uploads\/2024\/06\/06-08-2013-PNVi-Gorilles-Brent-Striton-4-scaled.jpg","datePublished":"2021-06-25T10:48:46+00:00","dateModified":"2025-11-26T14:41:06+00:00","description":"D\u00e9couvrez les gorilles \u00e0 dos argent\u00e9, leurs habitats, leur comportement et leurs caract\u00e9ristiques, ainsi que les relations au sein de leurs troupes.","breadcrumb":{"@id":"https:\/\/virunga.org\/fr\/wildlife\/primates\/mountain-gorillas\/silverback-gorilla\/#breadcrumb"},"inLanguage":"fr-FR","potentialAction":[{"@type":"ReadAction","target":["https:\/\/virunga.org\/fr\/wildlife\/primates\/mountain-gorillas\/silverback-gorilla\/"]}]},{"@type":"ImageObject","inLanguage":"fr-FR","@id":"https:\/\/virunga.org\/fr\/wildlife\/primates\/mountain-gorillas\/silverback-gorilla\/#primaryimage","url":"https:\/\/virunga.org\/wp-content\/uploads\/2024\/06\/06-08-2013-PNVi-Gorilles-Brent-Striton-4-scaled.jpg","contentUrl":"https:\/\/virunga.org\/wp-content\/uploads\/2024\/06\/06-08-2013-PNVi-Gorilles-Brent-Striton-4-scaled.jpg","width":2560,"height":1707},{"@type":"BreadcrumbList","@id":"https:\/\/virunga.org\/fr\/wildlife\/primates\/mountain-gorillas\/silverback-gorilla\/#breadcrumb","itemListElement":[{"@type":"ListItem","position":1,"name":"Home","item":"https:\/\/virunga.org\/fr\/"},{"@type":"ListItem","position":2,"name":"La faune sauvage","item":"https:\/\/virunga.org\/fr\/wildlife\/"},{"@type":"ListItem","position":3,"name":"Primates","item":"https:\/\/virunga.org\/fr\/wildlife\/primates\/"},{"@type":"ListItem","position":4,"name":"Gorilles de montagne","item":"https:\/\/virunga.org\/fr\/wildlife\/primates\/mountain-gorillas\/"},{"@type":"ListItem","position":5,"name":"Silverback Gorilla"}]},{"@type":"WebSite","@id":"https:\/\/virunga.org\/#website","url":"https:\/\/virunga.org\/","name":"Virunga National Park","description":"Your SUPER-powered WP Engine Site","potentialAction":[{"@type":"SearchAction","target":{"@type":"EntryPoint","urlTemplate":"https:\/\/virunga.org\/?s={search_term_string}"},"query-input":{"@type":"PropertyValueSpecification","valueRequired":true,"valueName":"search_term_string"}}],"inLanguage":"fr-FR"}]}},"_links":{"self":[{"href":"https:\/\/virunga.org\/fr\/wp-json\/wp\/v2\/pages\/34568","targetHints":{"allow":["GET"]}}],"collection":[{"href":"https:\/\/virunga.org\/fr\/wp-json\/wp\/v2\/pages"}],"about":[{"href":"https:\/\/virunga.org\/fr\/wp-json\/wp\/v2\/types\/page"}],"author":[{"embeddable":true,"href":"https:\/\/virunga.org\/fr\/wp-json\/wp\/v2\/users\/1"}],"replies":[{"embeddable":true,"href":"https:\/\/virunga.org\/fr\/wp-json\/wp\/v2\/comments?post=34568"}],"version-history":[{"count":5,"href":"https:\/\/virunga.org\/fr\/wp-json\/wp\/v2\/pages\/34568\/revisions"}],"predecessor-version":[{"id":42006,"href":"https:\/\/virunga.org\/fr\/wp-json\/wp\/v2\/pages\/34568\/revisions\/42006"}],"up":[{"embeddable":true,"href":"https:\/\/virunga.org\/fr\/wp-json\/wp\/v2\/pages\/2915"}],"wp:featuredmedia":[{"embeddable":true,"href":"https:\/\/virunga.org\/fr\/wp-json\/wp\/v2\/media\/35171"}],"wp:attachment":[{"href":"https:\/\/virunga.org\/fr\/wp-json\/wp\/v2\/media?parent=34568"}],"curies":[{"name":"wp","href":"https:\/\/api.w.org\/{rel}","templated":true}]}}