{"id":34565,"date":"2020-08-26T15:33:50","date_gmt":"2020-08-26T15:33:50","guid":{"rendered":"https:\/\/virungaorg.wpengine.com\/wildlife\/"},"modified":"2025-02-25T12:25:15","modified_gmt":"2025-02-25T12:25:15","slug":"wildlife","status":"publish","type":"page","link":"https:\/\/virunga.org\/fr\/wildlife\/","title":{"rendered":"La faune sauvage"},"content":{"rendered":"\n<p>Virunga est l&rsquo;un des endroits les plus diversifi\u00e9s au monde. D\u00e9couvrez la faune et la flore qui habitent les Virunga.<\/p>\n","protected":false},"excerpt":{"rendered":"<p>Virunga est l&rsquo;un des endroits les plus diversifi\u00e9s au monde. D\u00e9couvrez la faune et la flore qui habitent les Virunga.<\/p>\n","protected":false},"author":1,"featured_media":33947,"parent":0,"menu_order":0,"comment_status":"closed","ping_status":"closed","template":"","meta":{"_acf_changed":true,"inline_featured_image":false,"footnotes":""},"class_list":["post-34565","page","type-page","status-publish","has-post-thumbnail","hentry"],"acf":[],"yoast_head":"<!-- This site is optimized with the Yoast SEO plugin v27.2 - https:\/\/yoast.com\/product\/yoast-seo-wordpress\/ -->\n<title>La faune sauvage | Virunga National Park<\/title>\n<meta name=\"description\" content=\"D\u00e9couvrez la faune unique de Virunga, un tr\u00e9sor de biodiversit\u00e9 abritant des gorilles de montagne et des \u00e9cosyst\u00e8mes pr\u00e9serv\u00e9s.\" \/>\n<meta name=\"robots\" content=\"index, follow, max-snippet:-1, max-image-preview:large, max-video-preview:-1\" \/>\n<link rel=\"canonical\" href=\"https:\/\/virunga.org\/fr\/wildlife\/\" \/>\n<meta property=\"og:locale\" content=\"fr_FR\" \/>\n<meta property=\"og:type\" content=\"article\" \/>\n<meta property=\"og:title\" content=\"La faune sauvage | Virunga National Park\" \/>\n<meta property=\"og:description\" content=\"D\u00e9couvrez la faune unique de Virunga, un tr\u00e9sor de biodiversit\u00e9 abritant des gorilles de montagne et des \u00e9cosyst\u00e8mes pr\u00e9serv\u00e9s.\" \/>\n<meta property=\"og:url\" content=\"https:\/\/virunga.org\/fr\/wildlife\/\" \/>\n<meta property=\"og:site_name\" content=\"Virunga National Park\" \/>\n<meta property=\"article:modified_time\" content=\"2025-02-25T12:25:15+00:00\" \/>\n<meta property=\"og:image\" content=\"https:\/\/virunga.org\/wp-content\/uploads\/2022\/03\/silverback.jpg\" \/>\n\t<meta property=\"og:image:width\" content=\"2000\" \/>\n\t<meta property=\"og:image:height\" content=\"1126\" \/>\n\t<meta property=\"og:image:type\" content=\"image\/jpeg\" \/>\n<meta name=\"twitter:card\" content=\"summary_large_image\" \/>\n<meta name=\"twitter:label1\" content=\"Dur\u00e9e de lecture estim\u00e9e\" \/>\n\t<meta name=\"twitter:data1\" content=\"1 minute\" \/>\n<script type=\"application\/ld+json\" class=\"yoast-schema-graph\">{\"@context\":\"https:\/\/schema.org\",\"@graph\":[{\"@type\":\"WebPage\",\"@id\":\"https:\/\/virunga.org\/fr\/wildlife\/\",\"url\":\"https:\/\/virunga.org\/fr\/wildlife\/\",\"name\":\"La faune sauvage | Virunga National Park\",\"isPartOf\":{\"@id\":\"https:\/\/virunga.org\/#website\"},\"primaryImageOfPage\":{\"@id\":\"https:\/\/virunga.org\/fr\/wildlife\/#primaryimage\"},\"image\":{\"@id\":\"https:\/\/virunga.org\/fr\/wildlife\/#primaryimage\"},\"thumbnailUrl\":\"https:\/\/virunga.org\/wp-content\/uploads\/2022\/03\/silverback.jpg\",\"datePublished\":\"2020-08-26T15:33:50+00:00\",\"dateModified\":\"2025-02-25T12:25:15+00:00\",\"description\":\"D\u00e9couvrez la faune unique de Virunga, un tr\u00e9sor de biodiversit\u00e9 abritant des gorilles de montagne et des \u00e9cosyst\u00e8mes pr\u00e9serv\u00e9s.\",\"breadcrumb\":{\"@id\":\"https:\/\/virunga.org\/fr\/wildlife\/#breadcrumb\"},\"inLanguage\":\"fr-FR\",\"potentialAction\":[{\"@type\":\"ReadAction\",\"target\":[\"https:\/\/virunga.org\/fr\/wildlife\/\"]}]},{\"@type\":\"ImageObject\",\"inLanguage\":\"fr-FR\",\"@id\":\"https:\/\/virunga.org\/fr\/wildlife\/#primaryimage\",\"url\":\"https:\/\/virunga.org\/wp-content\/uploads\/2022\/03\/silverback.jpg\",\"contentUrl\":\"https:\/\/virunga.org\/wp-content\/uploads\/2022\/03\/silverback.jpg\",\"width\":2000,\"height\":1126,\"caption\":\"Gorilla trek a silverback\"},{\"@type\":\"BreadcrumbList\",\"@id\":\"https:\/\/virunga.org\/fr\/wildlife\/#breadcrumb\",\"itemListElement\":[{\"@type\":\"ListItem\",\"position\":1,\"name\":\"Home\",\"item\":\"https:\/\/virunga.org\/fr\/\"},{\"@type\":\"ListItem\",\"position\":2,\"name\":\"La faune sauvage\"}]},{\"@type\":\"WebSite\",\"@id\":\"https:\/\/virunga.org\/#website\",\"url\":\"https:\/\/virunga.org\/\",\"name\":\"Virunga National Park\",\"description\":\"Your SUPER-powered WP Engine Site\",\"potentialAction\":[{\"@type\":\"SearchAction\",\"target\":{\"@type\":\"EntryPoint\",\"urlTemplate\":\"https:\/\/virunga.org\/?s={search_term_string}\"},\"query-input\":{\"@type\":\"PropertyValueSpecification\",\"valueRequired\":true,\"valueName\":\"search_term_string\"}}],\"inLanguage\":\"fr-FR\"}]}<\/script>\n<!-- \/ Yoast SEO plugin. -->","yoast_head_json":{"title":"La faune sauvage | Virunga National Park","description":"D\u00e9couvrez la faune unique de Virunga, un tr\u00e9sor de biodiversit\u00e9 abritant des gorilles de montagne et des \u00e9cosyst\u00e8mes pr\u00e9serv\u00e9s.","robots":{"index":"index","follow":"follow","max-snippet":"max-snippet:-1","max-image-preview":"max-image-preview:large","max-video-preview":"max-video-preview:-1"},"canonical":"https:\/\/virunga.org\/fr\/wildlife\/","og_locale":"fr_FR","og_type":"article","og_title":"La faune sauvage | Virunga National Park","og_description":"D\u00e9couvrez la faune unique de Virunga, un tr\u00e9sor de biodiversit\u00e9 abritant des gorilles de montagne et des \u00e9cosyst\u00e8mes pr\u00e9serv\u00e9s.","og_url":"https:\/\/virunga.org\/fr\/wildlife\/","og_site_name":"Virunga National Park","article_modified_time":"2025-02-25T12:25:15+00:00","og_image":[{"width":2000,"height":1126,"url":"https:\/\/virunga.org\/wp-content\/uploads\/2022\/03\/silverback.jpg","type":"image\/jpeg"}],"twitter_card":"summary_large_image","twitter_misc":{"Dur\u00e9e de lecture estim\u00e9e":"1 minute"},"schema":{"@context":"https:\/\/schema.org","@graph":[{"@type":"WebPage","@id":"https:\/\/virunga.org\/fr\/wildlife\/","url":"https:\/\/virunga.org\/fr\/wildlife\/","name":"La faune sauvage | Virunga National Park","isPartOf":{"@id":"https:\/\/virunga.org\/#website"},"primaryImageOfPage":{"@id":"https:\/\/virunga.org\/fr\/wildlife\/#primaryimage"},"image":{"@id":"https:\/\/virunga.org\/fr\/wildlife\/#primaryimage"},"thumbnailUrl":"https:\/\/virunga.org\/wp-content\/uploads\/2022\/03\/silverback.jpg","datePublished":"2020-08-26T15:33:50+00:00","dateModified":"2025-02-25T12:25:15+00:00","description":"D\u00e9couvrez la faune unique de Virunga, un tr\u00e9sor de biodiversit\u00e9 abritant des gorilles de montagne et des \u00e9cosyst\u00e8mes pr\u00e9serv\u00e9s.","breadcrumb":{"@id":"https:\/\/virunga.org\/fr\/wildlife\/#breadcrumb"},"inLanguage":"fr-FR","potentialAction":[{"@type":"ReadAction","target":["https:\/\/virunga.org\/fr\/wildlife\/"]}]},{"@type":"ImageObject","inLanguage":"fr-FR","@id":"https:\/\/virunga.org\/fr\/wildlife\/#primaryimage","url":"https:\/\/virunga.org\/wp-content\/uploads\/2022\/03\/silverback.jpg","contentUrl":"https:\/\/virunga.org\/wp-content\/uploads\/2022\/03\/silverback.jpg","width":2000,"height":1126,"caption":"Gorilla trek a silverback"},{"@type":"BreadcrumbList","@id":"https:\/\/virunga.org\/fr\/wildlife\/#breadcrumb","itemListElement":[{"@type":"ListItem","position":1,"name":"Home","item":"https:\/\/virunga.org\/fr\/"},{"@type":"ListItem","position":2,"name":"La faune sauvage"}]},{"@type":"WebSite","@id":"https:\/\/virunga.org\/#website","url":"https:\/\/virunga.org\/","name":"Virunga National Park","description":"Your SUPER-powered WP Engine Site","potentialAction":[{"@type":"SearchAction","target":{"@type":"EntryPoint","urlTemplate":"https:\/\/virunga.org\/?s={search_term_string}"},"query-input":{"@type":"PropertyValueSpecification","valueRequired":true,"valueName":"search_term_string"}}],"inLanguage":"fr-FR"}]}},"_links":{"self":[{"href":"https:\/\/virunga.org\/fr\/wp-json\/wp\/v2\/pages\/34565","targetHints":{"allow":["GET"]}}],"collection":[{"href":"https:\/\/virunga.org\/fr\/wp-json\/wp\/v2\/pages"}],"about":[{"href":"https:\/\/virunga.org\/fr\/wp-json\/wp\/v2\/types\/page"}],"author":[{"embeddable":true,"href":"https:\/\/virunga.org\/fr\/wp-json\/wp\/v2\/users\/1"}],"replies":[{"embeddable":true,"href":"https:\/\/virunga.org\/fr\/wp-json\/wp\/v2\/comments?post=34565"}],"version-history":[{"count":0,"href":"https:\/\/virunga.org\/fr\/wp-json\/wp\/v2\/pages\/34565\/revisions"}],"wp:featuredmedia":[{"embeddable":true,"href":"https:\/\/virunga.org\/fr\/wp-json\/wp\/v2\/media\/33947"}],"wp:attachment":[{"href":"https:\/\/virunga.org\/fr\/wp-json\/wp\/v2\/media?parent=34565"}],"curies":[{"name":"wp","href":"https:\/\/api.w.org\/{rel}","templated":true}]}}