{"id":34561,"date":"2021-08-22T09:22:05","date_gmt":"2021-08-22T09:22:05","guid":{"rendered":"https:\/\/virungaorg.wpengine.com\/support-us-2\/crypto-donations\/nft-donations\/"},"modified":"2025-07-02T08:20:43","modified_gmt":"2025-07-02T08:20:43","slug":"nft-donations","status":"publish","type":"page","link":"https:\/\/virunga.org\/fr\/support-us\/crypto-donations\/nft-donations\/","title":{"rendered":"Dons NFT"},"content":{"rendered":"","protected":false},"excerpt":{"rendered":"","protected":false},"author":1,"featured_media":33759,"parent":5174,"menu_order":0,"comment_status":"closed","ping_status":"closed","template":"","meta":{"_acf_changed":false,"inline_featured_image":false,"footnotes":""},"class_list":["post-34561","page","type-page","status-publish","has-post-thumbnail","hentry"],"acf":[],"yoast_head":"<!-- This site is optimized with the Yoast SEO plugin v27.2 - https:\/\/yoast.com\/product\/yoast-seo-wordpress\/ -->\n<title>Don de NFT | NFT pour des \u0153uvres caritatives | Soutenez Virunga<\/title>\n<meta name=\"description\" content=\"Contribuez \u00e0 la pr\u00e9servation des populations et de la faune sauvage au Parc National des Virunga gr\u00e2ce aux dons NFT.\" \/>\n<meta name=\"robots\" content=\"index, follow, max-snippet:-1, max-image-preview:large, max-video-preview:-1\" \/>\n<link rel=\"canonical\" href=\"https:\/\/virunga.org\/fr\/support-us\/crypto-donations\/nft-donations\/\" \/>\n<meta property=\"og:locale\" content=\"fr_FR\" \/>\n<meta property=\"og:type\" content=\"article\" \/>\n<meta property=\"og:title\" content=\"Don de NFT | NFT pour des \u0153uvres caritatives | Soutenez Virunga\" \/>\n<meta property=\"og:description\" content=\"Contribuez \u00e0 la pr\u00e9servation des populations et de la faune sauvage au Parc National des Virunga gr\u00e2ce aux dons NFT.\" \/>\n<meta property=\"og:url\" content=\"https:\/\/virunga.org\/fr\/support-us\/crypto-donations\/nft-donations\/\" \/>\n<meta property=\"og:site_name\" content=\"Virunga National Park\" \/>\n<meta property=\"article:modified_time\" content=\"2025-07-02T08:20:43+00:00\" \/>\n<meta property=\"og:image\" content=\"https:\/\/virunga.org\/wp-content\/uploads\/2021\/04\/BlockchainForBiodiversity.jpg\" \/>\n\t<meta property=\"og:image:width\" content=\"2080\" \/>\n\t<meta property=\"og:image:height\" content=\"1089\" \/>\n\t<meta property=\"og:image:type\" content=\"image\/jpeg\" \/>\n<meta name=\"twitter:card\" content=\"summary_large_image\" \/>\n<meta name=\"twitter:label1\" content=\"Dur\u00e9e de lecture estim\u00e9e\" \/>\n\t<meta name=\"twitter:data1\" content=\"1 minute\" \/>\n<script type=\"application\/ld+json\" class=\"yoast-schema-graph\">{\"@context\":\"https:\/\/schema.org\",\"@graph\":[{\"@type\":\"WebPage\",\"@id\":\"https:\/\/virunga.org\/fr\/support-us\/crypto-donations\/nft-donations\/\",\"url\":\"https:\/\/virunga.org\/fr\/support-us\/crypto-donations\/nft-donations\/\",\"name\":\"Don de NFT | NFT pour des \u0153uvres caritatives | Soutenez Virunga\",\"isPartOf\":{\"@id\":\"https:\/\/virunga.org\/#website\"},\"primaryImageOfPage\":{\"@id\":\"https:\/\/virunga.org\/fr\/support-us\/crypto-donations\/nft-donations\/#primaryimage\"},\"image\":{\"@id\":\"https:\/\/virunga.org\/fr\/support-us\/crypto-donations\/nft-donations\/#primaryimage\"},\"thumbnailUrl\":\"https:\/\/virunga.org\/wp-content\/uploads\/2021\/04\/BlockchainForBiodiversity.jpg\",\"datePublished\":\"2021-08-22T09:22:05+00:00\",\"dateModified\":\"2025-07-02T08:20:43+00:00\",\"description\":\"Contribuez \u00e0 la pr\u00e9servation des populations et de la faune sauvage au Parc National des Virunga gr\u00e2ce aux dons NFT.\",\"breadcrumb\":{\"@id\":\"https:\/\/virunga.org\/fr\/support-us\/crypto-donations\/nft-donations\/#breadcrumb\"},\"inLanguage\":\"fr-FR\",\"potentialAction\":[{\"@type\":\"ReadAction\",\"target\":[\"https:\/\/virunga.org\/fr\/support-us\/crypto-donations\/nft-donations\/\"]}]},{\"@type\":\"ImageObject\",\"inLanguage\":\"fr-FR\",\"@id\":\"https:\/\/virunga.org\/fr\/support-us\/crypto-donations\/nft-donations\/#primaryimage\",\"url\":\"https:\/\/virunga.org\/wp-content\/uploads\/2021\/04\/BlockchainForBiodiversity.jpg\",\"contentUrl\":\"https:\/\/virunga.org\/wp-content\/uploads\/2021\/04\/BlockchainForBiodiversity.jpg\",\"width\":2080,\"height\":1089},{\"@type\":\"BreadcrumbList\",\"@id\":\"https:\/\/virunga.org\/fr\/support-us\/crypto-donations\/nft-donations\/#breadcrumb\",\"itemListElement\":[{\"@type\":\"ListItem\",\"position\":1,\"name\":\"Home\",\"item\":\"https:\/\/virunga.org\/fr\/\"},{\"@type\":\"ListItem\",\"position\":2,\"name\":\"Soutenez-Nous\",\"item\":\"https:\/\/virunga.org\/fr\/support-us\/\"},{\"@type\":\"ListItem\",\"position\":3,\"name\":\"Dons en crypto-monnaie\",\"item\":\"https:\/\/virunga.org\/fr\/support-us\/crypto-donations\/\"},{\"@type\":\"ListItem\",\"position\":4,\"name\":\"Dons NFT\"}]},{\"@type\":\"WebSite\",\"@id\":\"https:\/\/virunga.org\/#website\",\"url\":\"https:\/\/virunga.org\/\",\"name\":\"Virunga National Park\",\"description\":\"Your SUPER-powered WP Engine Site\",\"potentialAction\":[{\"@type\":\"SearchAction\",\"target\":{\"@type\":\"EntryPoint\",\"urlTemplate\":\"https:\/\/virunga.org\/?s={search_term_string}\"},\"query-input\":{\"@type\":\"PropertyValueSpecification\",\"valueRequired\":true,\"valueName\":\"search_term_string\"}}],\"inLanguage\":\"fr-FR\"}]}<\/script>\n<!-- \/ Yoast SEO plugin. -->","yoast_head_json":{"title":"Don de NFT | NFT pour des \u0153uvres caritatives | Soutenez Virunga","description":"Contribuez \u00e0 la pr\u00e9servation des populations et de la faune sauvage au Parc National des Virunga gr\u00e2ce aux dons NFT.","robots":{"index":"index","follow":"follow","max-snippet":"max-snippet:-1","max-image-preview":"max-image-preview:large","max-video-preview":"max-video-preview:-1"},"canonical":"https:\/\/virunga.org\/fr\/support-us\/crypto-donations\/nft-donations\/","og_locale":"fr_FR","og_type":"article","og_title":"Don de NFT | NFT pour des \u0153uvres caritatives | Soutenez Virunga","og_description":"Contribuez \u00e0 la pr\u00e9servation des populations et de la faune sauvage au Parc National des Virunga gr\u00e2ce aux dons NFT.","og_url":"https:\/\/virunga.org\/fr\/support-us\/crypto-donations\/nft-donations\/","og_site_name":"Virunga National Park","article_modified_time":"2025-07-02T08:20:43+00:00","og_image":[{"width":2080,"height":1089,"url":"https:\/\/virunga.org\/wp-content\/uploads\/2021\/04\/BlockchainForBiodiversity.jpg","type":"image\/jpeg"}],"twitter_card":"summary_large_image","twitter_misc":{"Dur\u00e9e de lecture estim\u00e9e":"1 minute"},"schema":{"@context":"https:\/\/schema.org","@graph":[{"@type":"WebPage","@id":"https:\/\/virunga.org\/fr\/support-us\/crypto-donations\/nft-donations\/","url":"https:\/\/virunga.org\/fr\/support-us\/crypto-donations\/nft-donations\/","name":"Don de NFT | NFT pour des \u0153uvres caritatives | Soutenez Virunga","isPartOf":{"@id":"https:\/\/virunga.org\/#website"},"primaryImageOfPage":{"@id":"https:\/\/virunga.org\/fr\/support-us\/crypto-donations\/nft-donations\/#primaryimage"},"image":{"@id":"https:\/\/virunga.org\/fr\/support-us\/crypto-donations\/nft-donations\/#primaryimage"},"thumbnailUrl":"https:\/\/virunga.org\/wp-content\/uploads\/2021\/04\/BlockchainForBiodiversity.jpg","datePublished":"2021-08-22T09:22:05+00:00","dateModified":"2025-07-02T08:20:43+00:00","description":"Contribuez \u00e0 la pr\u00e9servation des populations et de la faune sauvage au Parc National des Virunga gr\u00e2ce aux dons NFT.","breadcrumb":{"@id":"https:\/\/virunga.org\/fr\/support-us\/crypto-donations\/nft-donations\/#breadcrumb"},"inLanguage":"fr-FR","potentialAction":[{"@type":"ReadAction","target":["https:\/\/virunga.org\/fr\/support-us\/crypto-donations\/nft-donations\/"]}]},{"@type":"ImageObject","inLanguage":"fr-FR","@id":"https:\/\/virunga.org\/fr\/support-us\/crypto-donations\/nft-donations\/#primaryimage","url":"https:\/\/virunga.org\/wp-content\/uploads\/2021\/04\/BlockchainForBiodiversity.jpg","contentUrl":"https:\/\/virunga.org\/wp-content\/uploads\/2021\/04\/BlockchainForBiodiversity.jpg","width":2080,"height":1089},{"@type":"BreadcrumbList","@id":"https:\/\/virunga.org\/fr\/support-us\/crypto-donations\/nft-donations\/#breadcrumb","itemListElement":[{"@type":"ListItem","position":1,"name":"Home","item":"https:\/\/virunga.org\/fr\/"},{"@type":"ListItem","position":2,"name":"Soutenez-Nous","item":"https:\/\/virunga.org\/fr\/support-us\/"},{"@type":"ListItem","position":3,"name":"Dons en crypto-monnaie","item":"https:\/\/virunga.org\/fr\/support-us\/crypto-donations\/"},{"@type":"ListItem","position":4,"name":"Dons NFT"}]},{"@type":"WebSite","@id":"https:\/\/virunga.org\/#website","url":"https:\/\/virunga.org\/","name":"Virunga National Park","description":"Your SUPER-powered WP Engine Site","potentialAction":[{"@type":"SearchAction","target":{"@type":"EntryPoint","urlTemplate":"https:\/\/virunga.org\/?s={search_term_string}"},"query-input":{"@type":"PropertyValueSpecification","valueRequired":true,"valueName":"search_term_string"}}],"inLanguage":"fr-FR"}]}},"_links":{"self":[{"href":"https:\/\/virunga.org\/fr\/wp-json\/wp\/v2\/pages\/34561","targetHints":{"allow":["GET"]}}],"collection":[{"href":"https:\/\/virunga.org\/fr\/wp-json\/wp\/v2\/pages"}],"about":[{"href":"https:\/\/virunga.org\/fr\/wp-json\/wp\/v2\/types\/page"}],"author":[{"embeddable":true,"href":"https:\/\/virunga.org\/fr\/wp-json\/wp\/v2\/users\/1"}],"replies":[{"embeddable":true,"href":"https:\/\/virunga.org\/fr\/wp-json\/wp\/v2\/comments?post=34561"}],"version-history":[{"count":0,"href":"https:\/\/virunga.org\/fr\/wp-json\/wp\/v2\/pages\/34561\/revisions"}],"up":[{"embeddable":true,"href":"https:\/\/virunga.org\/fr\/wp-json\/wp\/v2\/pages\/5174"}],"wp:featuredmedia":[{"embeddable":true,"href":"https:\/\/virunga.org\/fr\/wp-json\/wp\/v2\/media\/33759"}],"wp:attachment":[{"href":"https:\/\/virunga.org\/fr\/wp-json\/wp\/v2\/media?parent=34561"}],"curies":[{"name":"wp","href":"https:\/\/api.w.org\/{rel}","templated":true}]}}