{"id":34559,"date":"2021-07-02T12:06:23","date_gmt":"2021-07-02T12:06:23","guid":{"rendered":"https:\/\/virungaorg.wpengine.com\/shop\/"},"modified":"2026-01-09T09:20:02","modified_gmt":"2026-01-09T09:20:02","slug":"shop","status":"publish","type":"page","link":"https:\/\/virunga.org\/fr\/shop\/","title":{"rendered":"Shop Virunga"},"content":{"rendered":"","protected":false},"excerpt":{"rendered":"","protected":false},"author":1,"featured_media":40996,"parent":0,"menu_order":0,"comment_status":"closed","ping_status":"closed","template":"","meta":{"_acf_changed":false,"inline_featured_image":false,"footnotes":""},"class_list":["post-34559","page","type-page","status-publish","has-post-thumbnail","hentry"],"acf":[],"yoast_head":"<!-- This site is optimized with the Yoast SEO plugin v27.2 - https:\/\/yoast.com\/product\/yoast-seo-wordpress\/ -->\n<title>Boutique Virunga | V\u00eatements, imprim\u00e9s et chocolat |<\/title>\n<meta name=\"description\" content=\"Chaque article Virunga que vous achetez contribue \u00e0 prot\u00e9ger la biodiversit\u00e9 du parc et \u00e0 offrir des opportunit\u00e9s aux populations locales\" \/>\n<meta name=\"robots\" content=\"index, follow, max-snippet:-1, max-image-preview:large, max-video-preview:-1\" \/>\n<link rel=\"canonical\" href=\"https:\/\/virunga.org\/fr\/shop\/\" \/>\n<meta property=\"og:locale\" content=\"fr_FR\" \/>\n<meta property=\"og:type\" content=\"article\" \/>\n<meta property=\"og:title\" content=\"Boutique Virunga | V\u00eatements, imprim\u00e9s et chocolat |\" \/>\n<meta property=\"og:description\" content=\"Chaque article Virunga que vous achetez contribue \u00e0 prot\u00e9ger la biodiversit\u00e9 du parc et \u00e0 offrir des opportunit\u00e9s aux populations locales\" \/>\n<meta property=\"og:url\" content=\"https:\/\/virunga.org\/fr\/shop\/\" \/>\n<meta property=\"og:site_name\" content=\"Virunga National Park\" \/>\n<meta property=\"article:modified_time\" content=\"2026-01-09T09:20:02+00:00\" \/>\n<meta property=\"og:image\" content=\"https:\/\/virunga.org\/wp-content\/uploads\/A_woman_wearing_a_sage_Ndakasi_Women_s_T-shirt_in_a_field.jpg\" \/>\n\t<meta property=\"og:image:width\" content=\"1080\" \/>\n\t<meta property=\"og:image:height\" content=\"1137\" \/>\n\t<meta property=\"og:image:type\" content=\"image\/jpeg\" \/>\n<meta name=\"twitter:card\" content=\"summary_large_image\" \/>\n<meta name=\"twitter:label1\" content=\"Dur\u00e9e de lecture estim\u00e9e\" \/>\n\t<meta name=\"twitter:data1\" content=\"1 minute\" \/>\n<script type=\"application\/ld+json\" class=\"yoast-schema-graph\">{\"@context\":\"https:\/\/schema.org\",\"@graph\":[{\"@type\":\"WebPage\",\"@id\":\"https:\/\/virunga.org\/fr\/shop\/\",\"url\":\"https:\/\/virunga.org\/fr\/shop\/\",\"name\":\"Boutique Virunga | V\u00eatements, imprim\u00e9s et chocolat |\",\"isPartOf\":{\"@id\":\"https:\/\/virunga.org\/#website\"},\"primaryImageOfPage\":{\"@id\":\"https:\/\/virunga.org\/fr\/shop\/#primaryimage\"},\"image\":{\"@id\":\"https:\/\/virunga.org\/fr\/shop\/#primaryimage\"},\"thumbnailUrl\":\"https:\/\/virunga.org\/wp-content\/uploads\/A_woman_wearing_a_sage_Ndakasi_Women_s_T-shirt_in_a_field.jpg\",\"datePublished\":\"2021-07-02T12:06:23+00:00\",\"dateModified\":\"2026-01-09T09:20:02+00:00\",\"description\":\"Chaque article Virunga que vous achetez contribue \u00e0 prot\u00e9ger la biodiversit\u00e9 du parc et \u00e0 offrir des opportunit\u00e9s aux populations locales\",\"breadcrumb\":{\"@id\":\"https:\/\/virunga.org\/fr\/shop\/#breadcrumb\"},\"inLanguage\":\"fr-FR\",\"potentialAction\":[{\"@type\":\"ReadAction\",\"target\":[\"https:\/\/virunga.org\/fr\/shop\/\"]}]},{\"@type\":\"ImageObject\",\"inLanguage\":\"fr-FR\",\"@id\":\"https:\/\/virunga.org\/fr\/shop\/#primaryimage\",\"url\":\"https:\/\/virunga.org\/wp-content\/uploads\/A_woman_wearing_a_sage_Ndakasi_Women_s_T-shirt_in_a_field.jpg\",\"contentUrl\":\"https:\/\/virunga.org\/wp-content\/uploads\/A_woman_wearing_a_sage_Ndakasi_Women_s_T-shirt_in_a_field.jpg\",\"width\":1080,\"height\":1137},{\"@type\":\"BreadcrumbList\",\"@id\":\"https:\/\/virunga.org\/fr\/shop\/#breadcrumb\",\"itemListElement\":[{\"@type\":\"ListItem\",\"position\":1,\"name\":\"Home\",\"item\":\"https:\/\/virunga.org\/fr\/\"},{\"@type\":\"ListItem\",\"position\":2,\"name\":\"Shop Virunga\"}]},{\"@type\":\"WebSite\",\"@id\":\"https:\/\/virunga.org\/#website\",\"url\":\"https:\/\/virunga.org\/\",\"name\":\"Virunga National Park\",\"description\":\"Your SUPER-powered WP Engine Site\",\"potentialAction\":[{\"@type\":\"SearchAction\",\"target\":{\"@type\":\"EntryPoint\",\"urlTemplate\":\"https:\/\/virunga.org\/?s={search_term_string}\"},\"query-input\":{\"@type\":\"PropertyValueSpecification\",\"valueRequired\":true,\"valueName\":\"search_term_string\"}}],\"inLanguage\":\"fr-FR\"}]}<\/script>\n<!-- \/ Yoast SEO plugin. -->","yoast_head_json":{"title":"Boutique Virunga | V\u00eatements, imprim\u00e9s et chocolat |","description":"Chaque article Virunga que vous achetez contribue \u00e0 prot\u00e9ger la biodiversit\u00e9 du parc et \u00e0 offrir des opportunit\u00e9s aux populations locales","robots":{"index":"index","follow":"follow","max-snippet":"max-snippet:-1","max-image-preview":"max-image-preview:large","max-video-preview":"max-video-preview:-1"},"canonical":"https:\/\/virunga.org\/fr\/shop\/","og_locale":"fr_FR","og_type":"article","og_title":"Boutique Virunga | V\u00eatements, imprim\u00e9s et chocolat |","og_description":"Chaque article Virunga que vous achetez contribue \u00e0 prot\u00e9ger la biodiversit\u00e9 du parc et \u00e0 offrir des opportunit\u00e9s aux populations locales","og_url":"https:\/\/virunga.org\/fr\/shop\/","og_site_name":"Virunga National Park","article_modified_time":"2026-01-09T09:20:02+00:00","og_image":[{"width":1080,"height":1137,"url":"https:\/\/virunga.org\/wp-content\/uploads\/A_woman_wearing_a_sage_Ndakasi_Women_s_T-shirt_in_a_field.jpg","type":"image\/jpeg"}],"twitter_card":"summary_large_image","twitter_misc":{"Dur\u00e9e de lecture estim\u00e9e":"1 minute"},"schema":{"@context":"https:\/\/schema.org","@graph":[{"@type":"WebPage","@id":"https:\/\/virunga.org\/fr\/shop\/","url":"https:\/\/virunga.org\/fr\/shop\/","name":"Boutique Virunga | V\u00eatements, imprim\u00e9s et chocolat |","isPartOf":{"@id":"https:\/\/virunga.org\/#website"},"primaryImageOfPage":{"@id":"https:\/\/virunga.org\/fr\/shop\/#primaryimage"},"image":{"@id":"https:\/\/virunga.org\/fr\/shop\/#primaryimage"},"thumbnailUrl":"https:\/\/virunga.org\/wp-content\/uploads\/A_woman_wearing_a_sage_Ndakasi_Women_s_T-shirt_in_a_field.jpg","datePublished":"2021-07-02T12:06:23+00:00","dateModified":"2026-01-09T09:20:02+00:00","description":"Chaque article Virunga que vous achetez contribue \u00e0 prot\u00e9ger la biodiversit\u00e9 du parc et \u00e0 offrir des opportunit\u00e9s aux populations locales","breadcrumb":{"@id":"https:\/\/virunga.org\/fr\/shop\/#breadcrumb"},"inLanguage":"fr-FR","potentialAction":[{"@type":"ReadAction","target":["https:\/\/virunga.org\/fr\/shop\/"]}]},{"@type":"ImageObject","inLanguage":"fr-FR","@id":"https:\/\/virunga.org\/fr\/shop\/#primaryimage","url":"https:\/\/virunga.org\/wp-content\/uploads\/A_woman_wearing_a_sage_Ndakasi_Women_s_T-shirt_in_a_field.jpg","contentUrl":"https:\/\/virunga.org\/wp-content\/uploads\/A_woman_wearing_a_sage_Ndakasi_Women_s_T-shirt_in_a_field.jpg","width":1080,"height":1137},{"@type":"BreadcrumbList","@id":"https:\/\/virunga.org\/fr\/shop\/#breadcrumb","itemListElement":[{"@type":"ListItem","position":1,"name":"Home","item":"https:\/\/virunga.org\/fr\/"},{"@type":"ListItem","position":2,"name":"Shop Virunga"}]},{"@type":"WebSite","@id":"https:\/\/virunga.org\/#website","url":"https:\/\/virunga.org\/","name":"Virunga National Park","description":"Your SUPER-powered WP Engine Site","potentialAction":[{"@type":"SearchAction","target":{"@type":"EntryPoint","urlTemplate":"https:\/\/virunga.org\/?s={search_term_string}"},"query-input":{"@type":"PropertyValueSpecification","valueRequired":true,"valueName":"search_term_string"}}],"inLanguage":"fr-FR"}]}},"_links":{"self":[{"href":"https:\/\/virunga.org\/fr\/wp-json\/wp\/v2\/pages\/34559","targetHints":{"allow":["GET"]}}],"collection":[{"href":"https:\/\/virunga.org\/fr\/wp-json\/wp\/v2\/pages"}],"about":[{"href":"https:\/\/virunga.org\/fr\/wp-json\/wp\/v2\/types\/page"}],"author":[{"embeddable":true,"href":"https:\/\/virunga.org\/fr\/wp-json\/wp\/v2\/users\/1"}],"replies":[{"embeddable":true,"href":"https:\/\/virunga.org\/fr\/wp-json\/wp\/v2\/comments?post=34559"}],"version-history":[{"count":22,"href":"https:\/\/virunga.org\/fr\/wp-json\/wp\/v2\/pages\/34559\/revisions"}],"predecessor-version":[{"id":42592,"href":"https:\/\/virunga.org\/fr\/wp-json\/wp\/v2\/pages\/34559\/revisions\/42592"}],"wp:featuredmedia":[{"embeddable":true,"href":"https:\/\/virunga.org\/fr\/wp-json\/wp\/v2\/media\/40996"}],"wp:attachment":[{"href":"https:\/\/virunga.org\/fr\/wp-json\/wp\/v2\/media?parent=34559"}],"curies":[{"name":"wp","href":"https:\/\/api.w.org\/{rel}","templated":true}]}}