{"id":34550,"date":"2023-09-12T10:20:59","date_gmt":"2023-09-12T10:20:59","guid":{"rendered":"https:\/\/virungaorg.wpengine.com\/mosaic-2\/ranger-mural\/"},"modified":"2025-07-02T07:44:17","modified_gmt":"2025-07-02T07:44:17","slug":"ranger-mural","status":"publish","type":"page","link":"https:\/\/virunga.org\/fr\/mosaic\/ranger-mural\/","title":{"rendered":"Ranger Mural"},"content":{"rendered":"","protected":false},"excerpt":{"rendered":"","protected":false},"author":1,"featured_media":34389,"parent":30774,"menu_order":0,"comment_status":"closed","ping_status":"closed","template":"rangers-mural-template.php","meta":{"_acf_changed":false,"inline_featured_image":false,"footnotes":""},"class_list":["post-34550","page","type-page","status-publish","has-post-thumbnail","hentry"],"acf":[],"yoast_head":"<!-- This site is optimized with the Yoast SEO plugin v27.4 - https:\/\/yoast.com\/product\/yoast-seo-wordpress\/ -->\n<title>Virunga Ranger Mosaic | Virunga National Park<\/title>\n<meta name=\"description\" content=\"Ce m\u00e9morial num\u00e9rique rend hommage \u00e0 la bravoure et au d\u00e9vouement de nos gardes forestiers, qui ont donn\u00e9 leur vie pour prot\u00e9ger l&#039;extraordinaire biodiversit\u00e9 et le pr\u00e9cieux patrimoine du Parc National des Virunga.\" \/>\n<meta name=\"robots\" content=\"index, follow, max-snippet:-1, max-image-preview:large, max-video-preview:-1\" \/>\n<link rel=\"canonical\" href=\"https:\/\/virunga.org\/fr\/mosaic\/ranger-mural\/\" \/>\n<meta property=\"og:locale\" content=\"fr_FR\" \/>\n<meta property=\"og:type\" content=\"article\" \/>\n<meta property=\"og:title\" content=\"Virunga Ranger Mosaic | Virunga National Park\" \/>\n<meta property=\"og:description\" content=\"Ce m\u00e9morial num\u00e9rique rend hommage \u00e0 la bravoure et au d\u00e9vouement de nos gardes forestiers, qui ont donn\u00e9 leur vie pour prot\u00e9ger l&#039;extraordinaire biodiversit\u00e9 et le pr\u00e9cieux patrimoine du Parc National des Virunga.\" \/>\n<meta property=\"og:url\" content=\"https:\/\/virunga.org\/fr\/mosaic\/ranger-mural\/\" \/>\n<meta property=\"og:site_name\" content=\"Virunga National Park\" \/>\n<meta property=\"article:modified_time\" content=\"2025-07-02T07:44:17+00:00\" \/>\n<meta property=\"og:image\" content=\"https:\/\/virunga.org\/wp-content\/uploads\/2023\/10\/Rangers-Walking-with-Sunset-by-Brent-Stirton.jpg\" \/>\n\t<meta property=\"og:image:width\" content=\"2080\" \/>\n\t<meta property=\"og:image:height\" content=\"1387\" \/>\n\t<meta property=\"og:image:type\" content=\"image\/jpeg\" \/>\n<meta name=\"twitter:card\" content=\"summary_large_image\" \/>\n<meta name=\"twitter:label1\" content=\"Dur\u00e9e de lecture estim\u00e9e\" \/>\n\t<meta name=\"twitter:data1\" content=\"1 minute\" \/>\n<script type=\"application\/ld+json\" class=\"yoast-schema-graph\">{\"@context\":\"https:\\\/\\\/schema.org\",\"@graph\":[{\"@type\":\"WebPage\",\"@id\":\"https:\\\/\\\/virunga.org\\\/fr\\\/mosaic\\\/ranger-mural\\\/\",\"url\":\"https:\\\/\\\/virunga.org\\\/fr\\\/mosaic\\\/ranger-mural\\\/\",\"name\":\"Virunga Ranger Mosaic | Virunga National Park\",\"isPartOf\":{\"@id\":\"https:\\\/\\\/virunga.org\\\/#website\"},\"primaryImageOfPage\":{\"@id\":\"https:\\\/\\\/virunga.org\\\/fr\\\/mosaic\\\/ranger-mural\\\/#primaryimage\"},\"image\":{\"@id\":\"https:\\\/\\\/virunga.org\\\/fr\\\/mosaic\\\/ranger-mural\\\/#primaryimage\"},\"thumbnailUrl\":\"https:\\\/\\\/virunga.org\\\/wp-content\\\/uploads\\\/2023\\\/10\\\/Rangers-Walking-with-Sunset-by-Brent-Stirton.jpg\",\"datePublished\":\"2023-09-12T10:20:59+00:00\",\"dateModified\":\"2025-07-02T07:44:17+00:00\",\"description\":\"Ce m\u00e9morial num\u00e9rique rend hommage \u00e0 la bravoure et au d\u00e9vouement de nos gardes forestiers, qui ont donn\u00e9 leur vie pour prot\u00e9ger l'extraordinaire biodiversit\u00e9 et le pr\u00e9cieux patrimoine du Parc National des Virunga.\",\"breadcrumb\":{\"@id\":\"https:\\\/\\\/virunga.org\\\/fr\\\/mosaic\\\/ranger-mural\\\/#breadcrumb\"},\"inLanguage\":\"fr-FR\",\"potentialAction\":[{\"@type\":\"ReadAction\",\"target\":[\"https:\\\/\\\/virunga.org\\\/fr\\\/mosaic\\\/ranger-mural\\\/\"]}]},{\"@type\":\"ImageObject\",\"inLanguage\":\"fr-FR\",\"@id\":\"https:\\\/\\\/virunga.org\\\/fr\\\/mosaic\\\/ranger-mural\\\/#primaryimage\",\"url\":\"https:\\\/\\\/virunga.org\\\/wp-content\\\/uploads\\\/2023\\\/10\\\/Rangers-Walking-with-Sunset-by-Brent-Stirton.jpg\",\"contentUrl\":\"https:\\\/\\\/virunga.org\\\/wp-content\\\/uploads\\\/2023\\\/10\\\/Rangers-Walking-with-Sunset-by-Brent-Stirton.jpg\",\"width\":2080,\"height\":1387,\"caption\":\"RWINDI REGION, VIRUNGA NATIONAL PARK, DR CONGO, 17 MAY 2015: ICCN conservation rangers and FARDC Congolese Army soldiers on long range patrol to locate and destroy FDLR, a Hutu led militia movement who fled into the park after the Rwandan genocide in 1994. FDLR have plagued Virunga ever since with their relentless exploitation of the park's resources. They are also responsible for the deaths of a number of Rangers trying to preserve the region. (Photo by Brent Stirton\\\/Reportage by Getty Images for National Geographic Magazine.)\"},{\"@type\":\"BreadcrumbList\",\"@id\":\"https:\\\/\\\/virunga.org\\\/fr\\\/mosaic\\\/ranger-mural\\\/#breadcrumb\",\"itemListElement\":[{\"@type\":\"ListItem\",\"position\":1,\"name\":\"Home\",\"item\":\"https:\\\/\\\/virunga.org\\\/fr\\\/\"},{\"@type\":\"ListItem\",\"position\":2,\"name\":\"Mosa\u00efque de conservation\u00a0de\u00a0Virunga\",\"item\":\"https:\\\/\\\/virunga.org\\\/fr\\\/mosaic\\\/\"},{\"@type\":\"ListItem\",\"position\":3,\"name\":\"Ranger Mural\"}]},{\"@type\":\"WebSite\",\"@id\":\"https:\\\/\\\/virunga.org\\\/#website\",\"url\":\"https:\\\/\\\/virunga.org\\\/\",\"name\":\"Virunga National Park\",\"description\":\"Your SUPER-powered WP Engine Site\",\"potentialAction\":[{\"@type\":\"SearchAction\",\"target\":{\"@type\":\"EntryPoint\",\"urlTemplate\":\"https:\\\/\\\/virunga.org\\\/?s={search_term_string}\"},\"query-input\":{\"@type\":\"PropertyValueSpecification\",\"valueRequired\":true,\"valueName\":\"search_term_string\"}}],\"inLanguage\":\"fr-FR\"}]}<\/script>\n<!-- \/ Yoast SEO plugin. -->","yoast_head_json":{"title":"Virunga Ranger Mosaic | Virunga National Park","description":"Ce m\u00e9morial num\u00e9rique rend hommage \u00e0 la bravoure et au d\u00e9vouement de nos gardes forestiers, qui ont donn\u00e9 leur vie pour prot\u00e9ger l'extraordinaire biodiversit\u00e9 et le pr\u00e9cieux patrimoine du Parc National des Virunga.","robots":{"index":"index","follow":"follow","max-snippet":"max-snippet:-1","max-image-preview":"max-image-preview:large","max-video-preview":"max-video-preview:-1"},"canonical":"https:\/\/virunga.org\/fr\/mosaic\/ranger-mural\/","og_locale":"fr_FR","og_type":"article","og_title":"Virunga Ranger Mosaic | Virunga National Park","og_description":"Ce m\u00e9morial num\u00e9rique rend hommage \u00e0 la bravoure et au d\u00e9vouement de nos gardes forestiers, qui ont donn\u00e9 leur vie pour prot\u00e9ger l'extraordinaire biodiversit\u00e9 et le pr\u00e9cieux patrimoine du Parc National des Virunga.","og_url":"https:\/\/virunga.org\/fr\/mosaic\/ranger-mural\/","og_site_name":"Virunga National Park","article_modified_time":"2025-07-02T07:44:17+00:00","og_image":[{"width":2080,"height":1387,"url":"https:\/\/virunga.org\/wp-content\/uploads\/2023\/10\/Rangers-Walking-with-Sunset-by-Brent-Stirton.jpg","type":"image\/jpeg"}],"twitter_card":"summary_large_image","twitter_misc":{"Dur\u00e9e de lecture estim\u00e9e":"1 minute"},"schema":{"@context":"https:\/\/schema.org","@graph":[{"@type":"WebPage","@id":"https:\/\/virunga.org\/fr\/mosaic\/ranger-mural\/","url":"https:\/\/virunga.org\/fr\/mosaic\/ranger-mural\/","name":"Virunga Ranger Mosaic | Virunga National Park","isPartOf":{"@id":"https:\/\/virunga.org\/#website"},"primaryImageOfPage":{"@id":"https:\/\/virunga.org\/fr\/mosaic\/ranger-mural\/#primaryimage"},"image":{"@id":"https:\/\/virunga.org\/fr\/mosaic\/ranger-mural\/#primaryimage"},"thumbnailUrl":"https:\/\/virunga.org\/wp-content\/uploads\/2023\/10\/Rangers-Walking-with-Sunset-by-Brent-Stirton.jpg","datePublished":"2023-09-12T10:20:59+00:00","dateModified":"2025-07-02T07:44:17+00:00","description":"Ce m\u00e9morial num\u00e9rique rend hommage \u00e0 la bravoure et au d\u00e9vouement de nos gardes forestiers, qui ont donn\u00e9 leur vie pour prot\u00e9ger l'extraordinaire biodiversit\u00e9 et le pr\u00e9cieux patrimoine du Parc National des Virunga.","breadcrumb":{"@id":"https:\/\/virunga.org\/fr\/mosaic\/ranger-mural\/#breadcrumb"},"inLanguage":"fr-FR","potentialAction":[{"@type":"ReadAction","target":["https:\/\/virunga.org\/fr\/mosaic\/ranger-mural\/"]}]},{"@type":"ImageObject","inLanguage":"fr-FR","@id":"https:\/\/virunga.org\/fr\/mosaic\/ranger-mural\/#primaryimage","url":"https:\/\/virunga.org\/wp-content\/uploads\/2023\/10\/Rangers-Walking-with-Sunset-by-Brent-Stirton.jpg","contentUrl":"https:\/\/virunga.org\/wp-content\/uploads\/2023\/10\/Rangers-Walking-with-Sunset-by-Brent-Stirton.jpg","width":2080,"height":1387,"caption":"RWINDI REGION, VIRUNGA NATIONAL PARK, DR CONGO, 17 MAY 2015: ICCN conservation rangers and FARDC Congolese Army soldiers on long range patrol to locate and destroy FDLR, a Hutu led militia movement who fled into the park after the Rwandan genocide in 1994. FDLR have plagued Virunga ever since with their relentless exploitation of the park's resources. They are also responsible for the deaths of a number of Rangers trying to preserve the region. (Photo by Brent Stirton\/Reportage by Getty Images for National Geographic Magazine.)"},{"@type":"BreadcrumbList","@id":"https:\/\/virunga.org\/fr\/mosaic\/ranger-mural\/#breadcrumb","itemListElement":[{"@type":"ListItem","position":1,"name":"Home","item":"https:\/\/virunga.org\/fr\/"},{"@type":"ListItem","position":2,"name":"Mosa\u00efque de conservation\u00a0de\u00a0Virunga","item":"https:\/\/virunga.org\/fr\/mosaic\/"},{"@type":"ListItem","position":3,"name":"Ranger Mural"}]},{"@type":"WebSite","@id":"https:\/\/virunga.org\/#website","url":"https:\/\/virunga.org\/","name":"Virunga National Park","description":"Your SUPER-powered WP Engine Site","potentialAction":[{"@type":"SearchAction","target":{"@type":"EntryPoint","urlTemplate":"https:\/\/virunga.org\/?s={search_term_string}"},"query-input":{"@type":"PropertyValueSpecification","valueRequired":true,"valueName":"search_term_string"}}],"inLanguage":"fr-FR"}]}},"_links":{"self":[{"href":"https:\/\/virunga.org\/fr\/wp-json\/wp\/v2\/pages\/34550","targetHints":{"allow":["GET"]}}],"collection":[{"href":"https:\/\/virunga.org\/fr\/wp-json\/wp\/v2\/pages"}],"about":[{"href":"https:\/\/virunga.org\/fr\/wp-json\/wp\/v2\/types\/page"}],"author":[{"embeddable":true,"href":"https:\/\/virunga.org\/fr\/wp-json\/wp\/v2\/users\/1"}],"replies":[{"embeddable":true,"href":"https:\/\/virunga.org\/fr\/wp-json\/wp\/v2\/comments?post=34550"}],"version-history":[{"count":0,"href":"https:\/\/virunga.org\/fr\/wp-json\/wp\/v2\/pages\/34550\/revisions"}],"up":[{"embeddable":true,"href":"https:\/\/virunga.org\/fr\/wp-json\/wp\/v2\/pages\/30774"}],"wp:featuredmedia":[{"embeddable":true,"href":"https:\/\/virunga.org\/fr\/wp-json\/wp\/v2\/media\/34389"}],"wp:attachment":[{"href":"https:\/\/virunga.org\/fr\/wp-json\/wp\/v2\/media?parent=34550"}],"curies":[{"name":"wp","href":"https:\/\/api.w.org\/{rel}","templated":true}]}}