{"id":2989,"date":"2020-08-17T09:10:21","date_gmt":"2020-08-17T09:10:21","guid":{"rendered":"http:\/\/virunga.org\/alliance\/"},"modified":"2025-11-21T08:01:49","modified_gmt":"2025-11-21T08:01:49","slug":"alliance","status":"publish","type":"page","link":"https:\/\/virunga.org\/fr\/alliance\/","title":{"rendered":"L&rsquo;Alliance Virunga"},"content":{"rendered":"","protected":false},"excerpt":{"rendered":"","protected":false},"author":1,"featured_media":33592,"parent":0,"menu_order":0,"comment_status":"closed","ping_status":"closed","template":"","meta":{"_acf_changed":false,"inline_featured_image":false,"footnotes":""},"class_list":["post-2989","page","type-page","status-publish","has-post-thumbnail","hentry"],"acf":[],"yoast_head":"<!-- This site is optimized with the Yoast SEO plugin v27.2 - https:\/\/yoast.com\/product\/yoast-seo-wordpress\/ -->\n<title>L&#039;Alliance Virunga | Virunga National Park<\/title>\n<meta name=\"description\" content=\"D\u00e9couvrez l\u2019Alliance Virunga qui vise \u00e0 favoriser la paix et la prosp\u00e9rit\u00e9 par le d\u00e9veloppement \u00e9conomique responsable des ressources naturelles du Parc.\" \/>\n<meta name=\"robots\" content=\"index, follow, max-snippet:-1, max-image-preview:large, max-video-preview:-1\" \/>\n<link rel=\"canonical\" href=\"https:\/\/virunga.org\/fr\/alliance\/\" \/>\n<meta property=\"og:locale\" content=\"fr_FR\" \/>\n<meta property=\"og:type\" content=\"article\" \/>\n<meta property=\"og:title\" content=\"L&#039;Alliance Virunga | Virunga National Park\" \/>\n<meta property=\"og:description\" content=\"D\u00e9couvrez l\u2019Alliance Virunga qui vise \u00e0 favoriser la paix et la prosp\u00e9rit\u00e9 par le d\u00e9veloppement \u00e9conomique responsable des ressources naturelles du Parc.\" \/>\n<meta property=\"og:url\" content=\"https:\/\/virunga.org\/fr\/alliance\/\" \/>\n<meta property=\"og:site_name\" content=\"Virunga National Park\" \/>\n<meta property=\"article:modified_time\" content=\"2025-11-21T08:01:49+00:00\" \/>\n<meta property=\"og:image\" content=\"https:\/\/virunga.org\/wp-content\/uploads\/2020\/09\/HydroelectricPlant-BrentStirton.jpg\" \/>\n\t<meta property=\"og:image:width\" content=\"627\" \/>\n\t<meta property=\"og:image:height\" content=\"418\" \/>\n\t<meta property=\"og:image:type\" content=\"image\/jpeg\" \/>\n<meta name=\"twitter:card\" content=\"summary_large_image\" \/>\n<meta name=\"twitter:label1\" content=\"Dur\u00e9e de lecture estim\u00e9e\" \/>\n\t<meta name=\"twitter:data1\" content=\"1 minute\" \/>\n<script type=\"application\/ld+json\" class=\"yoast-schema-graph\">{\"@context\":\"https:\/\/schema.org\",\"@graph\":[{\"@type\":\"WebPage\",\"@id\":\"https:\/\/virunga.org\/fr\/alliance\/\",\"url\":\"https:\/\/virunga.org\/fr\/alliance\/\",\"name\":\"L'Alliance Virunga | Virunga National Park\",\"isPartOf\":{\"@id\":\"https:\/\/virunga.org\/#website\"},\"primaryImageOfPage\":{\"@id\":\"https:\/\/virunga.org\/fr\/alliance\/#primaryimage\"},\"image\":{\"@id\":\"https:\/\/virunga.org\/fr\/alliance\/#primaryimage\"},\"thumbnailUrl\":\"https:\/\/virunga.org\/wp-content\/uploads\/2020\/09\/HydroelectricPlant-BrentStirton.jpg\",\"datePublished\":\"2020-08-17T09:10:21+00:00\",\"dateModified\":\"2025-11-21T08:01:49+00:00\",\"description\":\"D\u00e9couvrez l\u2019Alliance Virunga qui vise \u00e0 favoriser la paix et la prosp\u00e9rit\u00e9 par le d\u00e9veloppement \u00e9conomique responsable des ressources naturelles du Parc.\",\"breadcrumb\":{\"@id\":\"https:\/\/virunga.org\/fr\/alliance\/#breadcrumb\"},\"inLanguage\":\"fr-FR\",\"potentialAction\":[{\"@type\":\"ReadAction\",\"target\":[\"https:\/\/virunga.org\/fr\/alliance\/\"]}]},{\"@type\":\"ImageObject\",\"inLanguage\":\"fr-FR\",\"@id\":\"https:\/\/virunga.org\/fr\/alliance\/#primaryimage\",\"url\":\"https:\/\/virunga.org\/wp-content\/uploads\/2020\/09\/HydroelectricPlant-BrentStirton.jpg\",\"contentUrl\":\"https:\/\/virunga.org\/wp-content\/uploads\/2020\/09\/HydroelectricPlant-BrentStirton.jpg\",\"width\":627,\"height\":418},{\"@type\":\"BreadcrumbList\",\"@id\":\"https:\/\/virunga.org\/fr\/alliance\/#breadcrumb\",\"itemListElement\":[{\"@type\":\"ListItem\",\"position\":1,\"name\":\"Home\",\"item\":\"https:\/\/virunga.org\/fr\/\"},{\"@type\":\"ListItem\",\"position\":2,\"name\":\"L&#8217;Alliance Virunga\"}]},{\"@type\":\"WebSite\",\"@id\":\"https:\/\/virunga.org\/#website\",\"url\":\"https:\/\/virunga.org\/\",\"name\":\"Virunga National Park\",\"description\":\"Your SUPER-powered WP Engine Site\",\"potentialAction\":[{\"@type\":\"SearchAction\",\"target\":{\"@type\":\"EntryPoint\",\"urlTemplate\":\"https:\/\/virunga.org\/?s={search_term_string}\"},\"query-input\":{\"@type\":\"PropertyValueSpecification\",\"valueRequired\":true,\"valueName\":\"search_term_string\"}}],\"inLanguage\":\"fr-FR\"}]}<\/script>\n<!-- \/ Yoast SEO plugin. -->","yoast_head_json":{"title":"L'Alliance Virunga | Virunga National Park","description":"D\u00e9couvrez l\u2019Alliance Virunga qui vise \u00e0 favoriser la paix et la prosp\u00e9rit\u00e9 par le d\u00e9veloppement \u00e9conomique responsable des ressources naturelles du Parc.","robots":{"index":"index","follow":"follow","max-snippet":"max-snippet:-1","max-image-preview":"max-image-preview:large","max-video-preview":"max-video-preview:-1"},"canonical":"https:\/\/virunga.org\/fr\/alliance\/","og_locale":"fr_FR","og_type":"article","og_title":"L'Alliance Virunga | Virunga National Park","og_description":"D\u00e9couvrez l\u2019Alliance Virunga qui vise \u00e0 favoriser la paix et la prosp\u00e9rit\u00e9 par le d\u00e9veloppement \u00e9conomique responsable des ressources naturelles du Parc.","og_url":"https:\/\/virunga.org\/fr\/alliance\/","og_site_name":"Virunga National Park","article_modified_time":"2025-11-21T08:01:49+00:00","og_image":[{"width":627,"height":418,"url":"https:\/\/virunga.org\/wp-content\/uploads\/2020\/09\/HydroelectricPlant-BrentStirton.jpg","type":"image\/jpeg"}],"twitter_card":"summary_large_image","twitter_misc":{"Dur\u00e9e de lecture estim\u00e9e":"1 minute"},"schema":{"@context":"https:\/\/schema.org","@graph":[{"@type":"WebPage","@id":"https:\/\/virunga.org\/fr\/alliance\/","url":"https:\/\/virunga.org\/fr\/alliance\/","name":"L'Alliance Virunga | Virunga National Park","isPartOf":{"@id":"https:\/\/virunga.org\/#website"},"primaryImageOfPage":{"@id":"https:\/\/virunga.org\/fr\/alliance\/#primaryimage"},"image":{"@id":"https:\/\/virunga.org\/fr\/alliance\/#primaryimage"},"thumbnailUrl":"https:\/\/virunga.org\/wp-content\/uploads\/2020\/09\/HydroelectricPlant-BrentStirton.jpg","datePublished":"2020-08-17T09:10:21+00:00","dateModified":"2025-11-21T08:01:49+00:00","description":"D\u00e9couvrez l\u2019Alliance Virunga qui vise \u00e0 favoriser la paix et la prosp\u00e9rit\u00e9 par le d\u00e9veloppement \u00e9conomique responsable des ressources naturelles du Parc.","breadcrumb":{"@id":"https:\/\/virunga.org\/fr\/alliance\/#breadcrumb"},"inLanguage":"fr-FR","potentialAction":[{"@type":"ReadAction","target":["https:\/\/virunga.org\/fr\/alliance\/"]}]},{"@type":"ImageObject","inLanguage":"fr-FR","@id":"https:\/\/virunga.org\/fr\/alliance\/#primaryimage","url":"https:\/\/virunga.org\/wp-content\/uploads\/2020\/09\/HydroelectricPlant-BrentStirton.jpg","contentUrl":"https:\/\/virunga.org\/wp-content\/uploads\/2020\/09\/HydroelectricPlant-BrentStirton.jpg","width":627,"height":418},{"@type":"BreadcrumbList","@id":"https:\/\/virunga.org\/fr\/alliance\/#breadcrumb","itemListElement":[{"@type":"ListItem","position":1,"name":"Home","item":"https:\/\/virunga.org\/fr\/"},{"@type":"ListItem","position":2,"name":"L&#8217;Alliance Virunga"}]},{"@type":"WebSite","@id":"https:\/\/virunga.org\/#website","url":"https:\/\/virunga.org\/","name":"Virunga National Park","description":"Your SUPER-powered WP Engine Site","potentialAction":[{"@type":"SearchAction","target":{"@type":"EntryPoint","urlTemplate":"https:\/\/virunga.org\/?s={search_term_string}"},"query-input":{"@type":"PropertyValueSpecification","valueRequired":true,"valueName":"search_term_string"}}],"inLanguage":"fr-FR"}]}},"_links":{"self":[{"href":"https:\/\/virunga.org\/fr\/wp-json\/wp\/v2\/pages\/2989","targetHints":{"allow":["GET"]}}],"collection":[{"href":"https:\/\/virunga.org\/fr\/wp-json\/wp\/v2\/pages"}],"about":[{"href":"https:\/\/virunga.org\/fr\/wp-json\/wp\/v2\/types\/page"}],"author":[{"embeddable":true,"href":"https:\/\/virunga.org\/fr\/wp-json\/wp\/v2\/users\/1"}],"replies":[{"embeddable":true,"href":"https:\/\/virunga.org\/fr\/wp-json\/wp\/v2\/comments?post=2989"}],"version-history":[{"count":1,"href":"https:\/\/virunga.org\/fr\/wp-json\/wp\/v2\/pages\/2989\/revisions"}],"predecessor-version":[{"id":41892,"href":"https:\/\/virunga.org\/fr\/wp-json\/wp\/v2\/pages\/2989\/revisions\/41892"}],"wp:featuredmedia":[{"embeddable":true,"href":"https:\/\/virunga.org\/fr\/wp-json\/wp\/v2\/media\/33592"}],"wp:attachment":[{"href":"https:\/\/virunga.org\/fr\/wp-json\/wp\/v2\/media?parent=2989"}],"curies":[{"name":"wp","href":"https:\/\/api.w.org\/{rel}","templated":true}]}}