{"id":28826,"date":"2023-02-24T12:37:09","date_gmt":"2023-02-24T12:37:09","guid":{"rendered":"https:\/\/virunga.org\/?page_id=28826"},"modified":"2025-10-20T11:50:55","modified_gmt":"2025-10-20T11:50:55","slug":"tropical-rainforest","status":"publish","type":"page","link":"https:\/\/virunga.org\/fr\/habitats\/tropical-rainforest\/","title":{"rendered":"Les For\u00eats Tropicales Humides"},"content":{"rendered":"","protected":false},"excerpt":{"rendered":"","protected":false},"author":1,"featured_media":35407,"parent":34556,"menu_order":0,"comment_status":"closed","ping_status":"closed","template":"","meta":{"_acf_changed":false,"inline_featured_image":false,"footnotes":""},"class_list":["post-28826","page","type-page","status-publish","has-post-thumbnail","hentry"],"acf":[],"yoast_head":"<!-- This site is optimized with the Yoast SEO plugin v27.4 - https:\/\/yoast.com\/product\/yoast-seo-wordpress\/ -->\n<title>Les For\u00eats Tropicales Humides | Parc National des Virunga<\/title>\n<meta name=\"description\" content=\"Le bassin du Congo poss\u00e8de la plus grande superficie de for\u00eat tropicale en Afrique, lui permettant d\u2019abriter la plus grande biodiversit\u00e9 du continent.\" \/>\n<meta name=\"robots\" content=\"index, follow, max-snippet:-1, max-image-preview:large, max-video-preview:-1\" \/>\n<link rel=\"canonical\" href=\"https:\/\/virunga.org\/fr\/habitats\/tropical-rainforest\/\" \/>\n<meta property=\"og:locale\" content=\"fr_FR\" \/>\n<meta property=\"og:type\" content=\"article\" \/>\n<meta property=\"og:title\" content=\"Les For\u00eats Tropicales Humides | Parc National des Virunga\" \/>\n<meta property=\"og:description\" content=\"Le bassin du Congo poss\u00e8de la plus grande superficie de for\u00eat tropicale en Afrique, lui permettant d\u2019abriter la plus grande biodiversit\u00e9 du continent.\" \/>\n<meta property=\"og:url\" content=\"https:\/\/virunga.org\/fr\/habitats\/tropical-rainforest\/\" \/>\n<meta property=\"og:site_name\" content=\"Virunga National Park\" \/>\n<meta property=\"article:modified_time\" content=\"2025-10-20T11:50:55+00:00\" \/>\n<meta property=\"og:image\" content=\"https:\/\/virunga.org\/wp-content\/uploads\/2024\/06\/HughCunningham-VirungaOrigins-80-large-scaled.jpg\" \/>\n\t<meta property=\"og:image:width\" content=\"2560\" \/>\n\t<meta property=\"og:image:height\" content=\"1920\" \/>\n\t<meta property=\"og:image:type\" content=\"image\/jpeg\" \/>\n<meta name=\"twitter:card\" content=\"summary_large_image\" \/>\n<meta name=\"twitter:label1\" content=\"Dur\u00e9e de lecture estim\u00e9e\" \/>\n\t<meta name=\"twitter:data1\" content=\"1 minute\" \/>\n<script type=\"application\/ld+json\" class=\"yoast-schema-graph\">{\"@context\":\"https:\\\/\\\/schema.org\",\"@graph\":[{\"@type\":\"WebPage\",\"@id\":\"https:\\\/\\\/virunga.org\\\/fr\\\/habitats\\\/tropical-rainforest\\\/\",\"url\":\"https:\\\/\\\/virunga.org\\\/fr\\\/habitats\\\/tropical-rainforest\\\/\",\"name\":\"Les For\u00eats Tropicales Humides | Parc National des Virunga\",\"isPartOf\":{\"@id\":\"https:\\\/\\\/virunga.org\\\/#website\"},\"primaryImageOfPage\":{\"@id\":\"https:\\\/\\\/virunga.org\\\/fr\\\/habitats\\\/tropical-rainforest\\\/#primaryimage\"},\"image\":{\"@id\":\"https:\\\/\\\/virunga.org\\\/fr\\\/habitats\\\/tropical-rainforest\\\/#primaryimage\"},\"thumbnailUrl\":\"https:\\\/\\\/virunga.org\\\/wp-content\\\/uploads\\\/2024\\\/06\\\/HughCunningham-VirungaOrigins-80-large-scaled.jpg\",\"datePublished\":\"2023-02-24T12:37:09+00:00\",\"dateModified\":\"2025-10-20T11:50:55+00:00\",\"description\":\"Le bassin du Congo poss\u00e8de la plus grande superficie de for\u00eat tropicale en Afrique, lui permettant d\u2019abriter la plus grande biodiversit\u00e9 du continent.\",\"breadcrumb\":{\"@id\":\"https:\\\/\\\/virunga.org\\\/fr\\\/habitats\\\/tropical-rainforest\\\/#breadcrumb\"},\"inLanguage\":\"fr-FR\",\"potentialAction\":[{\"@type\":\"ReadAction\",\"target\":[\"https:\\\/\\\/virunga.org\\\/fr\\\/habitats\\\/tropical-rainforest\\\/\"]}]},{\"@type\":\"ImageObject\",\"inLanguage\":\"fr-FR\",\"@id\":\"https:\\\/\\\/virunga.org\\\/fr\\\/habitats\\\/tropical-rainforest\\\/#primaryimage\",\"url\":\"https:\\\/\\\/virunga.org\\\/wp-content\\\/uploads\\\/2024\\\/06\\\/HughCunningham-VirungaOrigins-80-large-scaled.jpg\",\"contentUrl\":\"https:\\\/\\\/virunga.org\\\/wp-content\\\/uploads\\\/2024\\\/06\\\/HughCunningham-VirungaOrigins-80-large-scaled.jpg\",\"width\":2560,\"height\":1920,\"caption\":\"A Landscape of Virunga National Park\"},{\"@type\":\"BreadcrumbList\",\"@id\":\"https:\\\/\\\/virunga.org\\\/fr\\\/habitats\\\/tropical-rainforest\\\/#breadcrumb\",\"itemListElement\":[{\"@type\":\"ListItem\",\"position\":1,\"name\":\"Home\",\"item\":\"https:\\\/\\\/virunga.org\\\/fr\\\/\"},{\"@type\":\"ListItem\",\"position\":2,\"name\":\"Les habitats du Virunga\",\"item\":\"https:\\\/\\\/virunga.org\\\/fr\\\/habitats\\\/\"},{\"@type\":\"ListItem\",\"position\":3,\"name\":\"Les For\u00eats Tropicales Humides\"}]},{\"@type\":\"WebSite\",\"@id\":\"https:\\\/\\\/virunga.org\\\/#website\",\"url\":\"https:\\\/\\\/virunga.org\\\/\",\"name\":\"Virunga National Park\",\"description\":\"Your SUPER-powered WP Engine Site\",\"potentialAction\":[{\"@type\":\"SearchAction\",\"target\":{\"@type\":\"EntryPoint\",\"urlTemplate\":\"https:\\\/\\\/virunga.org\\\/?s={search_term_string}\"},\"query-input\":{\"@type\":\"PropertyValueSpecification\",\"valueRequired\":true,\"valueName\":\"search_term_string\"}}],\"inLanguage\":\"fr-FR\"}]}<\/script>\n<!-- \/ Yoast SEO plugin. -->","yoast_head_json":{"title":"Les For\u00eats Tropicales Humides | Parc National des Virunga","description":"Le bassin du Congo poss\u00e8de la plus grande superficie de for\u00eat tropicale en Afrique, lui permettant d\u2019abriter la plus grande biodiversit\u00e9 du continent.","robots":{"index":"index","follow":"follow","max-snippet":"max-snippet:-1","max-image-preview":"max-image-preview:large","max-video-preview":"max-video-preview:-1"},"canonical":"https:\/\/virunga.org\/fr\/habitats\/tropical-rainforest\/","og_locale":"fr_FR","og_type":"article","og_title":"Les For\u00eats Tropicales Humides | Parc National des Virunga","og_description":"Le bassin du Congo poss\u00e8de la plus grande superficie de for\u00eat tropicale en Afrique, lui permettant d\u2019abriter la plus grande biodiversit\u00e9 du continent.","og_url":"https:\/\/virunga.org\/fr\/habitats\/tropical-rainforest\/","og_site_name":"Virunga National Park","article_modified_time":"2025-10-20T11:50:55+00:00","og_image":[{"width":2560,"height":1920,"url":"https:\/\/virunga.org\/wp-content\/uploads\/2024\/06\/HughCunningham-VirungaOrigins-80-large-scaled.jpg","type":"image\/jpeg"}],"twitter_card":"summary_large_image","twitter_misc":{"Dur\u00e9e de lecture estim\u00e9e":"1 minute"},"schema":{"@context":"https:\/\/schema.org","@graph":[{"@type":"WebPage","@id":"https:\/\/virunga.org\/fr\/habitats\/tropical-rainforest\/","url":"https:\/\/virunga.org\/fr\/habitats\/tropical-rainforest\/","name":"Les For\u00eats Tropicales Humides | Parc National des Virunga","isPartOf":{"@id":"https:\/\/virunga.org\/#website"},"primaryImageOfPage":{"@id":"https:\/\/virunga.org\/fr\/habitats\/tropical-rainforest\/#primaryimage"},"image":{"@id":"https:\/\/virunga.org\/fr\/habitats\/tropical-rainforest\/#primaryimage"},"thumbnailUrl":"https:\/\/virunga.org\/wp-content\/uploads\/2024\/06\/HughCunningham-VirungaOrigins-80-large-scaled.jpg","datePublished":"2023-02-24T12:37:09+00:00","dateModified":"2025-10-20T11:50:55+00:00","description":"Le bassin du Congo poss\u00e8de la plus grande superficie de for\u00eat tropicale en Afrique, lui permettant d\u2019abriter la plus grande biodiversit\u00e9 du continent.","breadcrumb":{"@id":"https:\/\/virunga.org\/fr\/habitats\/tropical-rainforest\/#breadcrumb"},"inLanguage":"fr-FR","potentialAction":[{"@type":"ReadAction","target":["https:\/\/virunga.org\/fr\/habitats\/tropical-rainforest\/"]}]},{"@type":"ImageObject","inLanguage":"fr-FR","@id":"https:\/\/virunga.org\/fr\/habitats\/tropical-rainforest\/#primaryimage","url":"https:\/\/virunga.org\/wp-content\/uploads\/2024\/06\/HughCunningham-VirungaOrigins-80-large-scaled.jpg","contentUrl":"https:\/\/virunga.org\/wp-content\/uploads\/2024\/06\/HughCunningham-VirungaOrigins-80-large-scaled.jpg","width":2560,"height":1920,"caption":"A Landscape of Virunga National Park"},{"@type":"BreadcrumbList","@id":"https:\/\/virunga.org\/fr\/habitats\/tropical-rainforest\/#breadcrumb","itemListElement":[{"@type":"ListItem","position":1,"name":"Home","item":"https:\/\/virunga.org\/fr\/"},{"@type":"ListItem","position":2,"name":"Les habitats du Virunga","item":"https:\/\/virunga.org\/fr\/habitats\/"},{"@type":"ListItem","position":3,"name":"Les For\u00eats Tropicales Humides"}]},{"@type":"WebSite","@id":"https:\/\/virunga.org\/#website","url":"https:\/\/virunga.org\/","name":"Virunga National Park","description":"Your SUPER-powered WP Engine Site","potentialAction":[{"@type":"SearchAction","target":{"@type":"EntryPoint","urlTemplate":"https:\/\/virunga.org\/?s={search_term_string}"},"query-input":{"@type":"PropertyValueSpecification","valueRequired":true,"valueName":"search_term_string"}}],"inLanguage":"fr-FR"}]}},"_links":{"self":[{"href":"https:\/\/virunga.org\/fr\/wp-json\/wp\/v2\/pages\/28826","targetHints":{"allow":["GET"]}}],"collection":[{"href":"https:\/\/virunga.org\/fr\/wp-json\/wp\/v2\/pages"}],"about":[{"href":"https:\/\/virunga.org\/fr\/wp-json\/wp\/v2\/types\/page"}],"author":[{"embeddable":true,"href":"https:\/\/virunga.org\/fr\/wp-json\/wp\/v2\/users\/1"}],"replies":[{"embeddable":true,"href":"https:\/\/virunga.org\/fr\/wp-json\/wp\/v2\/comments?post=28826"}],"version-history":[{"count":2,"href":"https:\/\/virunga.org\/fr\/wp-json\/wp\/v2\/pages\/28826\/revisions"}],"predecessor-version":[{"id":40779,"href":"https:\/\/virunga.org\/fr\/wp-json\/wp\/v2\/pages\/28826\/revisions\/40779"}],"up":[{"embeddable":true,"href":"https:\/\/virunga.org\/fr\/wp-json\/wp\/v2\/pages\/34556"}],"wp:featuredmedia":[{"embeddable":true,"href":"https:\/\/virunga.org\/fr\/wp-json\/wp\/v2\/media\/35407"}],"wp:attachment":[{"href":"https:\/\/virunga.org\/fr\/wp-json\/wp\/v2\/media?parent=28826"}],"curies":[{"name":"wp","href":"https:\/\/api.w.org\/{rel}","templated":true}]}}