{"id":20231,"date":"2022-10-27T11:39:23","date_gmt":"2022-10-27T11:39:23","guid":{"rendered":"https:\/\/virunga.org\/?page_id=20231"},"modified":"2025-10-22T19:24:26","modified_gmt":"2025-10-22T19:24:26","slug":"lions","status":"publish","type":"page","link":"https:\/\/virunga.org\/fr\/wildlife\/mammals\/lions\/","title":{"rendered":"Lions"},"content":{"rendered":"","protected":false},"excerpt":{"rendered":"","protected":false},"author":1,"featured_media":36223,"parent":4586,"menu_order":0,"comment_status":"closed","ping_status":"closed","template":"","meta":{"_acf_changed":false,"inline_featured_image":false,"footnotes":""},"class_list":["post-20231","page","type-page","status-publish","has-post-thumbnail","hentry"],"acf":[],"yoast_head":"<!-- This site is optimized with the Yoast SEO plugin v27.2 - https:\/\/yoast.com\/product\/yoast-seo-wordpress\/ -->\n<title>Lions d&#039;Afrique | Faits et photos | Parc National des Virunga<\/title>\n<meta name=\"description\" content=\"Les lions d&#039;Afrique sont le deuxi\u00e8me plus grand f\u00e9lin sur Terre. Apprenez-en davantage sur les lions de la vall\u00e9e d&#039;Ishasha, \u00e0 Virunga.\" \/>\n<meta name=\"robots\" content=\"index, follow, max-snippet:-1, max-image-preview:large, max-video-preview:-1\" \/>\n<link rel=\"canonical\" href=\"https:\/\/virunga.org\/fr\/wildlife\/mammals\/lions\/\" \/>\n<meta property=\"og:locale\" content=\"fr_FR\" \/>\n<meta property=\"og:type\" content=\"article\" \/>\n<meta property=\"og:title\" content=\"Lions d&#039;Afrique | Faits et photos | Parc National des Virunga\" \/>\n<meta property=\"og:description\" content=\"Les lions d&#039;Afrique sont le deuxi\u00e8me plus grand f\u00e9lin sur Terre. Apprenez-en davantage sur les lions de la vall\u00e9e d&#039;Ishasha, \u00e0 Virunga.\" \/>\n<meta property=\"og:url\" content=\"https:\/\/virunga.org\/fr\/wildlife\/mammals\/lions\/\" \/>\n<meta property=\"og:site_name\" content=\"Virunga National Park\" \/>\n<meta property=\"article:modified_time\" content=\"2025-10-22T19:24:26+00:00\" \/>\n<meta property=\"og:image\" content=\"https:\/\/virunga.org\/wp-content\/uploads\/Lion-reworked.jpg\" \/>\n\t<meta property=\"og:image:width\" content=\"2080\" \/>\n\t<meta property=\"og:image:height\" content=\"1560\" \/>\n\t<meta property=\"og:image:type\" content=\"image\/jpeg\" \/>\n<meta name=\"twitter:card\" content=\"summary_large_image\" \/>\n<meta name=\"twitter:label1\" content=\"Dur\u00e9e de lecture estim\u00e9e\" \/>\n\t<meta name=\"twitter:data1\" content=\"1 minute\" \/>\n<script type=\"application\/ld+json\" class=\"yoast-schema-graph\">{\"@context\":\"https:\/\/schema.org\",\"@graph\":[{\"@type\":\"WebPage\",\"@id\":\"https:\/\/virunga.org\/fr\/wildlife\/mammals\/lions\/\",\"url\":\"https:\/\/virunga.org\/fr\/wildlife\/mammals\/lions\/\",\"name\":\"Lions d'Afrique | Faits et photos | Parc National des Virunga\",\"isPartOf\":{\"@id\":\"https:\/\/virunga.org\/#website\"},\"primaryImageOfPage\":{\"@id\":\"https:\/\/virunga.org\/fr\/wildlife\/mammals\/lions\/#primaryimage\"},\"image\":{\"@id\":\"https:\/\/virunga.org\/fr\/wildlife\/mammals\/lions\/#primaryimage\"},\"thumbnailUrl\":\"https:\/\/virunga.org\/wp-content\/uploads\/Lion-reworked.jpg\",\"datePublished\":\"2022-10-27T11:39:23+00:00\",\"dateModified\":\"2025-10-22T19:24:26+00:00\",\"description\":\"Les lions d'Afrique sont le deuxi\u00e8me plus grand f\u00e9lin sur Terre. Apprenez-en davantage sur les lions de la vall\u00e9e d'Ishasha, \u00e0 Virunga.\",\"breadcrumb\":{\"@id\":\"https:\/\/virunga.org\/fr\/wildlife\/mammals\/lions\/#breadcrumb\"},\"inLanguage\":\"fr-FR\",\"potentialAction\":[{\"@type\":\"ReadAction\",\"target\":[\"https:\/\/virunga.org\/fr\/wildlife\/mammals\/lions\/\"]}]},{\"@type\":\"ImageObject\",\"inLanguage\":\"fr-FR\",\"@id\":\"https:\/\/virunga.org\/fr\/wildlife\/mammals\/lions\/#primaryimage\",\"url\":\"https:\/\/virunga.org\/wp-content\/uploads\/Lion-reworked.jpg\",\"contentUrl\":\"https:\/\/virunga.org\/wp-content\/uploads\/Lion-reworked.jpg\",\"width\":2080,\"height\":1560},{\"@type\":\"BreadcrumbList\",\"@id\":\"https:\/\/virunga.org\/fr\/wildlife\/mammals\/lions\/#breadcrumb\",\"itemListElement\":[{\"@type\":\"ListItem\",\"position\":1,\"name\":\"Home\",\"item\":\"https:\/\/virunga.org\/fr\/\"},{\"@type\":\"ListItem\",\"position\":2,\"name\":\"La faune sauvage\",\"item\":\"https:\/\/virunga.org\/fr\/wildlife\/\"},{\"@type\":\"ListItem\",\"position\":3,\"name\":\"Les Mammif\u00e8res\",\"item\":\"https:\/\/virunga.org\/fr\/wildlife\/mammals\/\"},{\"@type\":\"ListItem\",\"position\":4,\"name\":\"Lions\"}]},{\"@type\":\"WebSite\",\"@id\":\"https:\/\/virunga.org\/#website\",\"url\":\"https:\/\/virunga.org\/\",\"name\":\"Virunga National Park\",\"description\":\"Your SUPER-powered WP Engine Site\",\"potentialAction\":[{\"@type\":\"SearchAction\",\"target\":{\"@type\":\"EntryPoint\",\"urlTemplate\":\"https:\/\/virunga.org\/?s={search_term_string}\"},\"query-input\":{\"@type\":\"PropertyValueSpecification\",\"valueRequired\":true,\"valueName\":\"search_term_string\"}}],\"inLanguage\":\"fr-FR\"}]}<\/script>\n<!-- \/ Yoast SEO plugin. -->","yoast_head_json":{"title":"Lions d'Afrique | Faits et photos | Parc National des Virunga","description":"Les lions d'Afrique sont le deuxi\u00e8me plus grand f\u00e9lin sur Terre. Apprenez-en davantage sur les lions de la vall\u00e9e d'Ishasha, \u00e0 Virunga.","robots":{"index":"index","follow":"follow","max-snippet":"max-snippet:-1","max-image-preview":"max-image-preview:large","max-video-preview":"max-video-preview:-1"},"canonical":"https:\/\/virunga.org\/fr\/wildlife\/mammals\/lions\/","og_locale":"fr_FR","og_type":"article","og_title":"Lions d'Afrique | Faits et photos | Parc National des Virunga","og_description":"Les lions d'Afrique sont le deuxi\u00e8me plus grand f\u00e9lin sur Terre. Apprenez-en davantage sur les lions de la vall\u00e9e d'Ishasha, \u00e0 Virunga.","og_url":"https:\/\/virunga.org\/fr\/wildlife\/mammals\/lions\/","og_site_name":"Virunga National Park","article_modified_time":"2025-10-22T19:24:26+00:00","og_image":[{"width":2080,"height":1560,"url":"https:\/\/virunga.org\/wp-content\/uploads\/Lion-reworked.jpg","type":"image\/jpeg"}],"twitter_card":"summary_large_image","twitter_misc":{"Dur\u00e9e de lecture estim\u00e9e":"1 minute"},"schema":{"@context":"https:\/\/schema.org","@graph":[{"@type":"WebPage","@id":"https:\/\/virunga.org\/fr\/wildlife\/mammals\/lions\/","url":"https:\/\/virunga.org\/fr\/wildlife\/mammals\/lions\/","name":"Lions d'Afrique | Faits et photos | Parc National des Virunga","isPartOf":{"@id":"https:\/\/virunga.org\/#website"},"primaryImageOfPage":{"@id":"https:\/\/virunga.org\/fr\/wildlife\/mammals\/lions\/#primaryimage"},"image":{"@id":"https:\/\/virunga.org\/fr\/wildlife\/mammals\/lions\/#primaryimage"},"thumbnailUrl":"https:\/\/virunga.org\/wp-content\/uploads\/Lion-reworked.jpg","datePublished":"2022-10-27T11:39:23+00:00","dateModified":"2025-10-22T19:24:26+00:00","description":"Les lions d'Afrique sont le deuxi\u00e8me plus grand f\u00e9lin sur Terre. Apprenez-en davantage sur les lions de la vall\u00e9e d'Ishasha, \u00e0 Virunga.","breadcrumb":{"@id":"https:\/\/virunga.org\/fr\/wildlife\/mammals\/lions\/#breadcrumb"},"inLanguage":"fr-FR","potentialAction":[{"@type":"ReadAction","target":["https:\/\/virunga.org\/fr\/wildlife\/mammals\/lions\/"]}]},{"@type":"ImageObject","inLanguage":"fr-FR","@id":"https:\/\/virunga.org\/fr\/wildlife\/mammals\/lions\/#primaryimage","url":"https:\/\/virunga.org\/wp-content\/uploads\/Lion-reworked.jpg","contentUrl":"https:\/\/virunga.org\/wp-content\/uploads\/Lion-reworked.jpg","width":2080,"height":1560},{"@type":"BreadcrumbList","@id":"https:\/\/virunga.org\/fr\/wildlife\/mammals\/lions\/#breadcrumb","itemListElement":[{"@type":"ListItem","position":1,"name":"Home","item":"https:\/\/virunga.org\/fr\/"},{"@type":"ListItem","position":2,"name":"La faune sauvage","item":"https:\/\/virunga.org\/fr\/wildlife\/"},{"@type":"ListItem","position":3,"name":"Les Mammif\u00e8res","item":"https:\/\/virunga.org\/fr\/wildlife\/mammals\/"},{"@type":"ListItem","position":4,"name":"Lions"}]},{"@type":"WebSite","@id":"https:\/\/virunga.org\/#website","url":"https:\/\/virunga.org\/","name":"Virunga National Park","description":"Your SUPER-powered WP Engine Site","potentialAction":[{"@type":"SearchAction","target":{"@type":"EntryPoint","urlTemplate":"https:\/\/virunga.org\/?s={search_term_string}"},"query-input":{"@type":"PropertyValueSpecification","valueRequired":true,"valueName":"search_term_string"}}],"inLanguage":"fr-FR"}]}},"_links":{"self":[{"href":"https:\/\/virunga.org\/fr\/wp-json\/wp\/v2\/pages\/20231","targetHints":{"allow":["GET"]}}],"collection":[{"href":"https:\/\/virunga.org\/fr\/wp-json\/wp\/v2\/pages"}],"about":[{"href":"https:\/\/virunga.org\/fr\/wp-json\/wp\/v2\/types\/page"}],"author":[{"embeddable":true,"href":"https:\/\/virunga.org\/fr\/wp-json\/wp\/v2\/users\/1"}],"replies":[{"embeddable":true,"href":"https:\/\/virunga.org\/fr\/wp-json\/wp\/v2\/comments?post=20231"}],"version-history":[{"count":4,"href":"https:\/\/virunga.org\/fr\/wp-json\/wp\/v2\/pages\/20231\/revisions"}],"predecessor-version":[{"id":40985,"href":"https:\/\/virunga.org\/fr\/wp-json\/wp\/v2\/pages\/20231\/revisions\/40985"}],"up":[{"embeddable":true,"href":"https:\/\/virunga.org\/fr\/wp-json\/wp\/v2\/pages\/4586"}],"wp:featuredmedia":[{"embeddable":true,"href":"https:\/\/virunga.org\/fr\/wp-json\/wp\/v2\/media\/36223"}],"wp:attachment":[{"href":"https:\/\/virunga.org\/fr\/wp-json\/wp\/v2\/media?parent=20231"}],"curies":[{"name":"wp","href":"https:\/\/api.w.org\/{rel}","templated":true}]}}