{"id":18729,"date":"2022-09-19T16:51:59","date_gmt":"2022-09-19T16:51:59","guid":{"rendered":"https:\/\/virunga.org\/?page_id=18729"},"modified":"2024-12-12T08:43:12","modified_gmt":"2024-12-12T08:43:12","slug":"journee-mondiale-du-gorille","status":"publish","type":"page","link":"https:\/\/virunga.org\/fr\/journee-mondiale-du-gorille\/","title":{"rendered":"Journ\u00e9e mondiale du gorille"},"content":{"rendered":"","protected":false},"excerpt":{"rendered":"","protected":false},"author":1,"featured_media":18568,"parent":0,"menu_order":0,"comment_status":"closed","ping_status":"closed","template":"","meta":{"_acf_changed":true,"inline_featured_image":false,"footnotes":""},"class_list":["post-18729","page","type-page","status-publish","has-post-thumbnail","hentry"],"acf":[],"yoast_head":"<!-- This site is optimized with the Yoast SEO plugin v27.2 - https:\/\/yoast.com\/product\/yoast-seo-wordpress\/ -->\n<title>Journ\u00e9e mondiale du gorille | Virunga National Park<\/title>\n<meta name=\"description\" content=\"En cette Journ\u00e9e mondiale du gorille, contribuez \u00e0 faire conna\u00eetre les efforts de conservation des gorilles de montagne men\u00e9s par 770+ Rangers de Virunga.\" \/>\n<meta name=\"robots\" content=\"index, follow, max-snippet:-1, max-image-preview:large, max-video-preview:-1\" \/>\n<link rel=\"canonical\" href=\"https:\/\/virunga.org\/fr\/journee-mondiale-du-gorille\/\" \/>\n<meta property=\"og:locale\" content=\"fr_FR\" \/>\n<meta property=\"og:type\" content=\"article\" \/>\n<meta property=\"og:title\" content=\"Journ\u00e9e mondiale du gorille | Virunga National Park\" \/>\n<meta property=\"og:description\" content=\"En cette Journ\u00e9e mondiale du gorille, contribuez \u00e0 faire conna\u00eetre les efforts de conservation des gorilles de montagne men\u00e9s par 770+ Rangers de Virunga.\" \/>\n<meta property=\"og:url\" content=\"https:\/\/virunga.org\/fr\/journee-mondiale-du-gorille\/\" \/>\n<meta property=\"og:site_name\" content=\"Virunga National Park\" \/>\n<meta property=\"article:modified_time\" content=\"2024-12-12T08:43:12+00:00\" \/>\n<meta name=\"twitter:card\" content=\"summary_large_image\" \/>\n<script type=\"application\/ld+json\" class=\"yoast-schema-graph\">{\"@context\":\"https:\/\/schema.org\",\"@graph\":[{\"@type\":\"WebPage\",\"@id\":\"https:\/\/virunga.org\/fr\/journee-mondiale-du-gorille\/\",\"url\":\"https:\/\/virunga.org\/fr\/journee-mondiale-du-gorille\/\",\"name\":\"Journ\u00e9e mondiale du gorille | Virunga National Park\",\"isPartOf\":{\"@id\":\"https:\/\/virunga.org\/#website\"},\"primaryImageOfPage\":{\"@id\":\"https:\/\/virunga.org\/fr\/journee-mondiale-du-gorille\/#primaryimage\"},\"image\":{\"@id\":\"https:\/\/virunga.org\/fr\/journee-mondiale-du-gorille\/#primaryimage\"},\"thumbnailUrl\":\"\",\"datePublished\":\"2022-09-19T16:51:59+00:00\",\"dateModified\":\"2024-12-12T08:43:12+00:00\",\"description\":\"En cette Journ\u00e9e mondiale du gorille, contribuez \u00e0 faire conna\u00eetre les efforts de conservation des gorilles de montagne men\u00e9s par 770+ Rangers de Virunga.\",\"breadcrumb\":{\"@id\":\"https:\/\/virunga.org\/fr\/journee-mondiale-du-gorille\/#breadcrumb\"},\"inLanguage\":\"fr-FR\",\"potentialAction\":[{\"@type\":\"ReadAction\",\"target\":[\"https:\/\/virunga.org\/fr\/journee-mondiale-du-gorille\/\"]}]},{\"@type\":\"ImageObject\",\"inLanguage\":\"fr-FR\",\"@id\":\"https:\/\/virunga.org\/fr\/journee-mondiale-du-gorille\/#primaryimage\",\"url\":\"\",\"contentUrl\":\"\"},{\"@type\":\"BreadcrumbList\",\"@id\":\"https:\/\/virunga.org\/fr\/journee-mondiale-du-gorille\/#breadcrumb\",\"itemListElement\":[{\"@type\":\"ListItem\",\"position\":1,\"name\":\"Home\",\"item\":\"https:\/\/virunga.org\/fr\/\"},{\"@type\":\"ListItem\",\"position\":2,\"name\":\"Journ\u00e9e mondiale du gorille\"}]},{\"@type\":\"WebSite\",\"@id\":\"https:\/\/virunga.org\/#website\",\"url\":\"https:\/\/virunga.org\/\",\"name\":\"Virunga National Park\",\"description\":\"Your SUPER-powered WP Engine Site\",\"potentialAction\":[{\"@type\":\"SearchAction\",\"target\":{\"@type\":\"EntryPoint\",\"urlTemplate\":\"https:\/\/virunga.org\/?s={search_term_string}\"},\"query-input\":{\"@type\":\"PropertyValueSpecification\",\"valueRequired\":true,\"valueName\":\"search_term_string\"}}],\"inLanguage\":\"fr-FR\"}]}<\/script>\n<!-- \/ Yoast SEO plugin. -->","yoast_head_json":{"title":"Journ\u00e9e mondiale du gorille | Virunga National Park","description":"En cette Journ\u00e9e mondiale du gorille, contribuez \u00e0 faire conna\u00eetre les efforts de conservation des gorilles de montagne men\u00e9s par 770+ Rangers de Virunga.","robots":{"index":"index","follow":"follow","max-snippet":"max-snippet:-1","max-image-preview":"max-image-preview:large","max-video-preview":"max-video-preview:-1"},"canonical":"https:\/\/virunga.org\/fr\/journee-mondiale-du-gorille\/","og_locale":"fr_FR","og_type":"article","og_title":"Journ\u00e9e mondiale du gorille | Virunga National Park","og_description":"En cette Journ\u00e9e mondiale du gorille, contribuez \u00e0 faire conna\u00eetre les efforts de conservation des gorilles de montagne men\u00e9s par 770+ Rangers de Virunga.","og_url":"https:\/\/virunga.org\/fr\/journee-mondiale-du-gorille\/","og_site_name":"Virunga National Park","article_modified_time":"2024-12-12T08:43:12+00:00","twitter_card":"summary_large_image","schema":{"@context":"https:\/\/schema.org","@graph":[{"@type":"WebPage","@id":"https:\/\/virunga.org\/fr\/journee-mondiale-du-gorille\/","url":"https:\/\/virunga.org\/fr\/journee-mondiale-du-gorille\/","name":"Journ\u00e9e mondiale du gorille | Virunga National Park","isPartOf":{"@id":"https:\/\/virunga.org\/#website"},"primaryImageOfPage":{"@id":"https:\/\/virunga.org\/fr\/journee-mondiale-du-gorille\/#primaryimage"},"image":{"@id":"https:\/\/virunga.org\/fr\/journee-mondiale-du-gorille\/#primaryimage"},"thumbnailUrl":"","datePublished":"2022-09-19T16:51:59+00:00","dateModified":"2024-12-12T08:43:12+00:00","description":"En cette Journ\u00e9e mondiale du gorille, contribuez \u00e0 faire conna\u00eetre les efforts de conservation des gorilles de montagne men\u00e9s par 770+ Rangers de Virunga.","breadcrumb":{"@id":"https:\/\/virunga.org\/fr\/journee-mondiale-du-gorille\/#breadcrumb"},"inLanguage":"fr-FR","potentialAction":[{"@type":"ReadAction","target":["https:\/\/virunga.org\/fr\/journee-mondiale-du-gorille\/"]}]},{"@type":"ImageObject","inLanguage":"fr-FR","@id":"https:\/\/virunga.org\/fr\/journee-mondiale-du-gorille\/#primaryimage","url":"","contentUrl":""},{"@type":"BreadcrumbList","@id":"https:\/\/virunga.org\/fr\/journee-mondiale-du-gorille\/#breadcrumb","itemListElement":[{"@type":"ListItem","position":1,"name":"Home","item":"https:\/\/virunga.org\/fr\/"},{"@type":"ListItem","position":2,"name":"Journ\u00e9e mondiale du gorille"}]},{"@type":"WebSite","@id":"https:\/\/virunga.org\/#website","url":"https:\/\/virunga.org\/","name":"Virunga National Park","description":"Your SUPER-powered WP Engine Site","potentialAction":[{"@type":"SearchAction","target":{"@type":"EntryPoint","urlTemplate":"https:\/\/virunga.org\/?s={search_term_string}"},"query-input":{"@type":"PropertyValueSpecification","valueRequired":true,"valueName":"search_term_string"}}],"inLanguage":"fr-FR"}]}},"_links":{"self":[{"href":"https:\/\/virunga.org\/fr\/wp-json\/wp\/v2\/pages\/18729","targetHints":{"allow":["GET"]}}],"collection":[{"href":"https:\/\/virunga.org\/fr\/wp-json\/wp\/v2\/pages"}],"about":[{"href":"https:\/\/virunga.org\/fr\/wp-json\/wp\/v2\/types\/page"}],"author":[{"embeddable":true,"href":"https:\/\/virunga.org\/fr\/wp-json\/wp\/v2\/users\/1"}],"replies":[{"embeddable":true,"href":"https:\/\/virunga.org\/fr\/wp-json\/wp\/v2\/comments?post=18729"}],"version-history":[{"count":0,"href":"https:\/\/virunga.org\/fr\/wp-json\/wp\/v2\/pages\/18729\/revisions"}],"wp:featuredmedia":[{"embeddable":true,"href":"https:\/\/virunga.org\/fr\/wp-json\/"}],"wp:attachment":[{"href":"https:\/\/virunga.org\/fr\/wp-json\/wp\/v2\/media?parent=18729"}],"curies":[{"name":"wp","href":"https:\/\/api.w.org\/{rel}","templated":true}]}}